{"id":2100,"date":"2020-11-23T13:25:33","date_gmt":"2020-11-23T13:25:33","guid":{"rendered":"https:\/\/b-acis.pt\/?page_id=2100"},"modified":"2026-03-06T14:58:57","modified_gmt":"2026-03-06T14:58:57","slug":"centro","status":"publish","type":"page","link":"https:\/\/b-acis.pt\/pt-pt\/centro\/","title":{"rendered":"Centro"},"content":{"rendered":"<p>[vc_row row_height_percent=&#8221;0&#8243; override_padding=&#8221;yes&#8221; h_padding=&#8221;0&#8243; top_padding=&#8221;0&#8243; bottom_padding=&#8221;4&#8243; shift_y=&#8221;0&#8243; z_index=&#8221;0&#8243;][vc_column position_horizontal=&#8221;&#8221; position_vertical=&#8221;d-md-flex align-items-md-center&#8221; mobile_width=&#8221;0&#8243; shift_x=&#8221;0&#8243; shift_y=&#8221;0&#8243; z_index=&#8221;0&#8243; width=&#8221;5\/12&#8243; mobile_order=&#8221;2&#8243; el_class=&#8221;pt-adapt-6 pb-adapt-6&#8243;][vc_custom_heading heading_semantic=&#8221;h1&#8243; text_weight=&#8221;font-weight-bold&#8221; text_color=&#8221;#45226c&#8221;]Solu\u00e7\u00f5es adv\u00eam de boas ideias<span style=\"color: #e40050;\">.<\/span>[\/vc_custom_heading][vc_column_text el_class=&#8221;mt-adapt-4&#8243;]A B.ACIS integra o cluster da Escola de Medicina juntamente com o Instituto de Investiga\u00e7\u00e3o em Ci\u00eancias da Vida e Sa\u00fade &#8211; ICVS, o Centro de Medicina Digital &#8211; P5, e o Centro Cl\u00ednico Acad\u00e9mico &#8211; 2CA-Braga.[\/vc_column_text][\/vc_column][vc_column position_horizontal=&#8221;&#8221; mobile_visibility=&#8221;yes&#8221; mobile_width=&#8221;0&#8243; shift_x=&#8221;0&#8243; shift_y=&#8221;0&#8243; z_index=&#8221;0&#8243; width=&#8221;1\/12&#8243;][\/vc_column][vc_column position_horizontal=&#8221;&#8221; mobile_width=&#8221;0&#8243; shift_x=&#8221;0&#8243; shift_y=&#8221;0&#8243; z_index=&#8221;0&#8243; width=&#8221;1\/2&#8243; mobile_order=&#8221;1&#8243;][vc_video video_file=&#8221;593&#8243; controls=&#8221;yes&#8221; muted=&#8221;yes&#8221; autoplay=&#8221;yes&#8221;][\/vc_column][\/vc_row][vc_row unlock_row_content=&#8221;yes&#8221; row_height_percent=&#8221;0&#8243; columns_gutter=&#8221;&#8221; override_padding=&#8221;yes&#8221; h_padding=&#8221;0&#8243; top_padding=&#8221;4&#8243; bottom_padding=&#8221;4&#8243; shift_y=&#8221;0&#8243; z_index=&#8221;0&#8243; el_class=&#8221;bg_right_70&#8243;][vc_column width=&#8221;1\/1&#8243;][vc_row_inner row_height_percent=&#8221;0&#8243; override_padding=&#8221;yes&#8221; h_padding=&#8221;0&#8243; top_padding=&#8221;0&#8243; bottom_padding=&#8221;0&#8243; shift_y=&#8221;0&#8243; z_index=&#8221;0&#8243;][vc_column_inner width=&#8221;1\/2&#8243;][vc_single_image media=&#8221;1880&#8243;][\/vc_single_image][\/vc_column_inner][vc_column_inner width=&#8221;1\/12&#8243;][\/vc_column_inner][vc_column_inner position_horizontal=&#8221;&#8221; position_vertical=&#8221;d-md-flex align-items-md-center&#8221; mobile_width=&#8221;0&#8243; shift_x=&#8221;0&#8243; shift_y=&#8221;0&#8243; z_index=&#8221;0&#8243; width=&#8221;1\/3&#8243; el_class=&#8221;pt-adapt-6 pb-adapt-6&#8243;][vc_custom_heading text_weight=&#8221;font-weight-bold&#8221; text_color=&#8221;#45226c&#8221;]Miss\u00e3o<span style=\"color: #e40050;\">.<\/span>[\/vc_custom_heading][vc_column_text el_class=&#8221;mt-adapt-4&#8243; max_width=&#8221;360px&#8221;]Promover a inova\u00e7\u00e3o e o empreendedorismo no ramo das Ci\u00eancias da Vida e da Sa\u00fade, atrav\u00e9s da cria\u00e7\u00e3o de solu\u00e7\u00f5es com impacto na sociedade.[\/vc_column_text][\/vc_column_inner][vc_column_inner width=&#8221;1\/12&#8243;][\/vc_column_inner][\/vc_row_inner][vc_row_inner row_height_percent=&#8221;0&#8243; override_padding=&#8221;yes&#8221; h_padding=&#8221;0&#8243; top_padding=&#8221;1&#8243; bottom_padding=&#8221;0&#8243; shift_y=&#8221;0&#8243; z_index=&#8221;0&#8243;][vc_column_inner width=&#8221;1\/12&#8243;][\/vc_column_inner][vc_column_inner position_horizontal=&#8221;&#8221; position_vertical=&#8221;d-md-flex align-items-md-center&#8221; mobile_width=&#8221;0&#8243; shift_x=&#8221;0&#8243; shift_y=&#8221;0&#8243; z_index=&#8221;0&#8243; width=&#8221;1\/3&#8243; mobile_order=&#8221;2&#8243; el_class=&#8221;pt-adapt-6 pb-adapt-6&#8243;][vc_custom_heading text_weight=&#8221;font-weight-bold&#8221; text_color=&#8221;#45226c&#8221;]Vis\u00e3o<span style=\"color: #e40050;\">.<\/span>[\/vc_custom_heading][vc_column_text el_class=&#8221;mt-adapt-4&#8243; max_width=&#8221;360px&#8221;]Construir um centro de refer\u00eancia nacional e internacional dedicado \u00e0 forma\u00e7\u00e3o cient\u00edfica avan\u00e7ada e \u00e0 transfer\u00eancia de conhecimento na investiga\u00e7\u00e3o biom\u00e9dica e cl\u00ednica.[\/vc_column_text][\/vc_column_inner][vc_column_inner position_horizontal=&#8221;&#8221; mobile_visibility=&#8221;yes&#8221; mobile_width=&#8221;0&#8243; shift_x=&#8221;0&#8243; shift_y=&#8221;0&#8243; z_index=&#8221;0&#8243; width=&#8221;1\/12&#8243;][\/vc_column_inner][vc_column_inner position_horizontal=&#8221;&#8221; mobile_width=&#8221;0&#8243; shift_x=&#8221;0&#8243; shift_y=&#8221;0&#8243; z_index=&#8221;0&#8243; width=&#8221;1\/2&#8243; mobile_order=&#8221;1&#8243;][vc_single_image media=&#8221;1845&#8243;][\/vc_single_image][\/vc_column_inner][\/vc_row_inner][vc_row_inner row_height_percent=&#8221;0&#8243; override_padding=&#8221;yes&#8221; h_padding=&#8221;0&#8243; top_padding=&#8221;1&#8243; bottom_padding=&#8221;0&#8243; shift_y=&#8221;0&#8243; z_index=&#8221;0&#8243;][vc_column_inner width=&#8221;1\/12&#8243;][\/vc_column_inner][vc_column_inner position_horizontal=&#8221;&#8221; mobile_width=&#8221;0&#8243; shift_x=&#8221;0&#8243; shift_y=&#8221;0&#8243; z_index=&#8221;0&#8243; width=&#8221;1\/2&#8243; mobile_order=&#8221;1&#8243;][vc_single_image media=&#8221;4727&#8243;][\/vc_single_image][\/vc_column_inner][vc_column_inner position_horizontal=&#8221;&#8221; mobile_visibility=&#8221;yes&#8221; mobile_width=&#8221;0&#8243; shift_x=&#8221;0&#8243; shift_y=&#8221;0&#8243; z_index=&#8221;0&#8243; width=&#8221;1\/12&#8243;][\/vc_column_inner][vc_column_inner position_horizontal=&#8221;&#8221; position_vertical=&#8221;d-md-flex align-items-md-center&#8221; mobile_width=&#8221;0&#8243; shift_x=&#8221;0&#8243; shift_y=&#8221;0&#8243; z_index=&#8221;0&#8243; width=&#8221;1\/3&#8243; mobile_order=&#8221;2&#8243; el_class=&#8221;pt-adapt-6 pb-adapt-6&#8243;][vc_custom_heading text_weight=&#8221;font-weight-bold&#8221; text_color=&#8221;#45226c&#8221;]Modelo de Gest\u00e3o<span style=\"color: #e40050;\">.<\/span>[\/vc_custom_heading][vc_column_text el_class=&#8221;mt-adapt-4&#8243; max_width=&#8221;360px&#8221;][\/vc_column_text][\/vc_column_inner][\/vc_row_inner][\/vc_column][\/vc_row][vc_row row_height_percent=&#8221;0&#8243; override_padding=&#8221;yes&#8221; h_padding=&#8221;0&#8243; top_padding=&#8221;4&#8243; bottom_padding=&#8221;4&#8243; shift_y=&#8221;0&#8243; z_index=&#8221;0&#8243;][vc_column position_horizontal=&#8221;&#8221; align_horizontal=&#8221;text-md-center&#8221; mobile_width=&#8221;0&#8243; shift_x=&#8221;0&#8243; shift_y=&#8221;0&#8243; z_index=&#8221;0&#8243; width=&#8221;1\/1&#8243;][vc_custom_heading text_weight=&#8221;font-weight-bold&#8221; text_color=&#8221;#45226c&#8221; max_width=&#8221;680px&#8221;]Os nossos servi\u00e7os<span style=\"color: #e40050;\">.<\/span>[\/vc_custom_heading][vc_row_inner row_height_percent=&#8221;0&#8243; override_padding=&#8221;yes&#8221; h_padding=&#8221;0&#8243; top_padding=&#8221;3&#8243; bottom_padding=&#8221;0&#8243; shift_y=&#8221;0&#8243; z_index=&#8221;0&#8243;][vc_column_inner position_horizontal=&#8221;&#8221; style=&#8221;dark&#8221; mobile_width=&#8221;0&#8243; shift_x=&#8221;0&#8243; shift_y=&#8221;0&#8243; z_index=&#8221;0&#8243; width=&#8221;1\/3&#8243; back_color=&#8221;#45226c&#8221; el_class=&#8221;info-cell mt-adapt-4&#8243;][vc_custom_heading heading_semantic=&#8221;h3&#8243; text_size=&#8221;h3&#8243; text_weight=&#8221;font-weight-bold&#8221;]I&amp;D[\/vc_custom_heading][vc_column_text]A unidade de Investiga\u00e7\u00e3o e Desenvolvimento providencia servi\u00e7os t\u00e9cnicos no dom\u00ednio da investiga\u00e7\u00e3o nas \u00e1reas de ci\u00eancias da vida e sa\u00fade para investigadores e empresas.[\/vc_column_text][vc_btn display=&#8221;inline-block&#8221; btn_size=&#8221;button-big&#8221; i_align=&#8221;right&#8221; link=&#8221;url:https%3A%2F%2Fb-acis.pt%2Fpt-pt%2Frd%2F|title:R%26D&#8221; icon=&#8221;icon-arrow-big-right&#8221; id=&#8221;l0y6dr7gg&#8221;][\/vc_btn][\/vc_column_inner][vc_column_inner position_horizontal=&#8221;&#8221; style=&#8221;dark&#8221; mobile_width=&#8221;0&#8243; shift_x=&#8221;0&#8243; shift_y=&#8221;0&#8243; z_index=&#8221;0&#8243; width=&#8221;1\/3&#8243; back_color=&#8221;#45226c&#8221; el_class=&#8221;info-cell mt-adapt-4&#8243;][vc_custom_heading heading_semantic=&#8221;h3&#8243; text_size=&#8221;h3&#8243; text_weight=&#8221;font-weight-bold&#8221;]Inova\u00e7\u00e3o e Empreendedorismo[\/vc_custom_heading][vc_column_text]A B.ACIS providencia apoio na gest\u00e3o de propriedade intelectual de toda a comunidade acad\u00e9mica e na cria\u00e7\u00e3o de startups, desenvolvimento de ideias e produtos e modelos de neg\u00f3cio inovadores, em rela\u00e7\u00e3o pr\u00f3xima com a ind\u00fastria da inova\u00e7\u00e3o em sa\u00fade.[\/vc_column_text][vc_btn display=&#8221;inline-block&#8221; btn_size=&#8221;button-big&#8221; i_align=&#8221;right&#8221; link=&#8221;url:https%3A%2F%2Fb-acis.pt%2Fpt-pt%2Finovacao%2F|title:Innovation&#8221; icon=&#8221;icon-arrow-big-right&#8221; id=&#8221;l0y6dr7gg&#8221;][\/vc_btn][\/vc_column_inner][vc_column_inner position_horizontal=&#8221;&#8221; style=&#8221;dark&#8221; mobile_width=&#8221;0&#8243; shift_x=&#8221;0&#8243; shift_y=&#8221;0&#8243; z_index=&#8221;0&#8243; width=&#8221;1\/3&#8243; back_color=&#8221;#45226c&#8221; el_class=&#8221;info-cell mt-adapt-4&#8243;][vc_custom_heading heading_semantic=&#8221;h3&#8243; text_size=&#8221;h3&#8243; text_weight=&#8221;font-weight-bold&#8221;]Forma\u00e7\u00e3o Avan\u00e7ada[\/vc_custom_heading][vc_column_text]O programa de forma\u00e7\u00e3o cient\u00edfica avan\u00e7ada da B.ACIS apresenta uma sele\u00e7\u00e3o de cursos de medicina e biomedicina, com programas din\u00e2micos e atividades como palestras, workshops, masterclasses, confer\u00eancias e sess\u00f5es hands-on.[\/vc_column_text][vc_btn display=&#8221;inline-block&#8221; btn_size=&#8221;button-big&#8221; i_align=&#8221;right&#8221; link=&#8221;url:https%3A%2F%2Fb-acis.pt%2Fpt-pt%2Fcursos%2F|title:Training&#8221; icon=&#8221;icon-arrow-big-right&#8221; id=&#8221;l0y6dr7gg&#8221;][\/vc_btn][\/vc_column_inner][\/vc_row_inner][\/vc_column][\/vc_row][vc_row][vc_column width=&#8221;1\/1&#8243;][miew_block id=&#8221;2163&#8243;][\/vc_column][\/vc_row][vc_row][vc_column width=&#8221;1\/1&#8243;][miew_block id=&#8221;2159&#8243;][\/vc_column][\/vc_row][vc_row][vc_column width=&#8221;1\/1&#8243;][miew_block id=&#8221;2169&#8243;][\/vc_column][\/vc_row]<\/p>\n","protected":false},"excerpt":{"rendered":"<p>[vc_row row_height_percent=&#8221;0&#8243; override_padding=&#8221;yes&#8221; h_padding=&#8221;0&#8243; top_padding=&#8221;0&#8243; bottom_padding=&#8221;4&#8243; shift_y=&#8221;0&#8243; z_index=&#8221;0&#8243;][vc_column position_horizontal=&#8221;&#8221; position_vertical=&#8221;d-md-flex align-items-md-center&#8221; mobile_width=&#8221;0&#8243; shift_x=&#8221;0&#8243; shift_y=&#8221;0&#8243; z_index=&#8221;0&#8243; width=&#8221;5\/12&#8243; mobile_order=&#8221;2&#8243; el_class=&#8221;pt-adapt-6 pb-adapt-6&#8243;][vc_custom_heading heading_semantic=&#8221;h1&#8243; text_weight=&#8221;font-weight-bold&#8221; text_color=&#8221;#45226c&#8221;]Solu\u00e7\u00f5es adv\u00eam de boas ideias.[\/vc_custom_heading][vc_column_text el_class=&#8221;mt-adapt-4&#8243;]A B.ACIS integra o cluster da Escola de Medicina juntamente com o Instituto de Investiga\u00e7\u00e3o em Ci\u00eancias da Vida e Sa\u00fade &#8211; ICVS, o Centro de Medicina Digital &#8211; [&hellip;]<\/p>\n","protected":false},"author":1,"featured_media":0,"parent":0,"menu_order":0,"comment_status":"closed","ping_status":"closed","template":"","meta":{"footnotes":""},"class_list":["post-2100","page","type-page","status-publish","hentry"],"yoast_head":"<!-- This site is optimized with the Yoast SEO plugin v27.0 - https:\/\/yoast.com\/product\/yoast-seo-wordpress\/ -->\n<title>Centro - B.ACIS \u2013 Center for Health Innovation<\/title>\n<meta name=\"robots\" content=\"index, follow, max-snippet:-1, max-image-preview:large, max-video-preview:-1\" \/>\n<link rel=\"canonical\" href=\"https:\/\/b-acis.pt\/pt-pt\/centro\/\" \/>\n<meta property=\"og:locale\" content=\"pt_PT\" \/>\n<meta property=\"og:type\" content=\"article\" \/>\n<meta property=\"og:title\" content=\"Centro - B.ACIS \u2013 Center for Health Innovation\" \/>\n<meta property=\"og:description\" content=\"[vc_row row_height_percent=&#8221;0&#8243; override_padding=&#8221;yes&#8221; h_padding=&#8221;0&#8243; top_padding=&#8221;0&#8243; bottom_padding=&#8221;4&#8243; shift_y=&#8221;0&#8243; z_index=&#8221;0&#8243;][vc_column position_horizontal=&#8221;&#8221; position_vertical=&#8221;d-md-flex align-items-md-center&#8221; mobile_width=&#8221;0&#8243; shift_x=&#8221;0&#8243; shift_y=&#8221;0&#8243; z_index=&#8221;0&#8243; width=&#8221;5\/12&#8243; mobile_order=&#8221;2&#8243; el_class=&#8221;pt-adapt-6 pb-adapt-6&#8243;][vc_custom_heading heading_semantic=&#8221;h1&#8243; text_weight=&#8221;font-weight-bold&#8221; text_color=&#8221;#45226c&#8221;]Solu\u00e7\u00f5es adv\u00eam de boas ideias.[\/vc_custom_heading][vc_column_text el_class=&#8221;mt-adapt-4&#8243;]A B.ACIS integra o cluster da Escola de Medicina juntamente com o Instituto de Investiga\u00e7\u00e3o em Ci\u00eancias da Vida e Sa\u00fade &#8211; ICVS, o Centro de Medicina Digital &#8211; [&hellip;]\" \/>\n<meta property=\"og:url\" content=\"https:\/\/b-acis.pt\/pt-pt\/centro\/\" \/>\n<meta property=\"og:site_name\" content=\"B.ACIS \u2013 Center for Health Innovation\" \/>\n<meta property=\"article:modified_time\" content=\"2026-03-06T14:58:57+00:00\" \/>\n<meta property=\"og:image\" content=\"https:\/\/b-acis.pt\/wp-content\/uploads\/2021\/03\/MISSION-scaled.jpg\" \/>\n<meta name=\"twitter:card\" content=\"summary_large_image\" \/>\n<meta name=\"twitter:image\" content=\"https:\/\/b-acis.pt\/wp-content\/uploads\/2021\/03\/MISSION-scaled.jpg\" \/>\n<meta name=\"twitter:label1\" content=\"Tempo estimado de leitura\" \/>\n\t<meta name=\"twitter:data1\" content=\"2 minutos\" \/>\n<script type=\"application\/ld+json\" class=\"yoast-schema-graph\">{\"@context\":\"https:\/\/schema.org\",\"@graph\":[{\"@type\":\"WebPage\",\"@id\":\"https:\/\/b-acis.pt\/pt-pt\/centro\/\",\"url\":\"https:\/\/b-acis.pt\/pt-pt\/centro\/\",\"name\":\"Centro - B.ACIS \u2013 Center for Health Innovation\",\"isPartOf\":{\"@id\":\"https:\/\/b-acis.pt\/pt-pt\/#website\"},\"datePublished\":\"2020-11-23T13:25:33+00:00\",\"dateModified\":\"2026-03-06T14:58:57+00:00\",\"breadcrumb\":{\"@id\":\"https:\/\/b-acis.pt\/pt-pt\/centro\/#breadcrumb\"},\"inLanguage\":\"pt-PT\",\"potentialAction\":[{\"@type\":\"ReadAction\",\"target\":[\"https:\/\/b-acis.pt\/pt-pt\/centro\/\"]}]},{\"@type\":\"BreadcrumbList\",\"@id\":\"https:\/\/b-acis.pt\/pt-pt\/centro\/#breadcrumb\",\"itemListElement\":[{\"@type\":\"ListItem\",\"position\":1,\"name\":\"Home\",\"item\":\"https:\/\/b-acis.pt\/pt-pt\/\"},{\"@type\":\"ListItem\",\"position\":2,\"name\":\"Centro\"}]},{\"@type\":\"WebSite\",\"@id\":\"https:\/\/b-acis.pt\/pt-pt\/#website\",\"url\":\"https:\/\/b-acis.pt\/pt-pt\/\",\"name\":\"B.ACIS \u2013 Center for Health Innovation\",\"description\":\"A B\u2019ACIS \u2013 Associa\u00e7\u00e3o Ci\u00eancia, Inova\u00e7\u00e3o e Sa\u00fade \u2013 Braga \u00e9 uma associa\u00e7\u00e3o de direito privado, sem fins lucrativos, constitu\u00edda em dezembro de 2018, que resulta de uma parceria entre a Universidade do Minho (UMinho), atrav\u00e9s da Escola de Medicina (EM) e do seu Instituto de Investiga\u00e7\u00e3o em Ci\u00eancias da Vida e Sa\u00fade (ICVS), e a Alumni Medicina \u2013 N\u00facleo de Antigos Estudantes de Medicina da Universidade do Minho, a qual tem por objetivo o incremento do conhecimento cient\u00edfico e a promo\u00e7\u00e3o da inova\u00e7\u00e3o atrav\u00e9s do fomento de atividades cient\u00edficotecnol\u00f3gicas no \u00e2mbito das Ci\u00eancias da Vida e Sa\u00fade.\",\"publisher\":{\"@id\":\"https:\/\/b-acis.pt\/pt-pt\/#organization\"},\"potentialAction\":[{\"@type\":\"SearchAction\",\"target\":{\"@type\":\"EntryPoint\",\"urlTemplate\":\"https:\/\/b-acis.pt\/pt-pt\/?s={search_term_string}\"},\"query-input\":{\"@type\":\"PropertyValueSpecification\",\"valueRequired\":true,\"valueName\":\"search_term_string\"}}],\"inLanguage\":\"pt-PT\"},{\"@type\":\"Organization\",\"@id\":\"https:\/\/b-acis.pt\/pt-pt\/#organization\",\"name\":\"B\u2019ACIS \u2013 Associa\u00e7\u00e3o Ci\u00eancia, Inova\u00e7\u00e3o e Sa\u00fade\",\"url\":\"https:\/\/b-acis.pt\/pt-pt\/\",\"logo\":{\"@type\":\"ImageObject\",\"inLanguage\":\"pt-PT\",\"@id\":\"https:\/\/b-acis.pt\/pt-pt\/#\/schema\/logo\/image\/\",\"url\":\"https:\/\/b-acis.pt\/wp-content\/uploads\/2021\/02\/logo_purple.svg\",\"contentUrl\":\"https:\/\/b-acis.pt\/wp-content\/uploads\/2021\/02\/logo_purple.svg\",\"width\":1,\"height\":1,\"caption\":\"B\u2019ACIS \u2013 Associa\u00e7\u00e3o Ci\u00eancia, Inova\u00e7\u00e3o e Sa\u00fade\"},\"image\":{\"@id\":\"https:\/\/b-acis.pt\/pt-pt\/#\/schema\/logo\/image\/\"},\"sameAs\":[\"https:\/\/www.linkedin.com\/company\/bacis-center-for-health-innovation\"]}]}<\/script>\n<!-- \/ Yoast SEO plugin. -->","yoast_head_json":{"title":"Centro - B.ACIS \u2013 Center for Health Innovation","robots":{"index":"index","follow":"follow","max-snippet":"max-snippet:-1","max-image-preview":"max-image-preview:large","max-video-preview":"max-video-preview:-1"},"canonical":"https:\/\/b-acis.pt\/pt-pt\/centro\/","og_locale":"pt_PT","og_type":"article","og_title":"Centro - B.ACIS \u2013 Center for Health Innovation","og_description":"[vc_row row_height_percent=&#8221;0&#8243; override_padding=&#8221;yes&#8221; h_padding=&#8221;0&#8243; top_padding=&#8221;0&#8243; bottom_padding=&#8221;4&#8243; shift_y=&#8221;0&#8243; z_index=&#8221;0&#8243;][vc_column position_horizontal=&#8221;&#8221; position_vertical=&#8221;d-md-flex align-items-md-center&#8221; mobile_width=&#8221;0&#8243; shift_x=&#8221;0&#8243; shift_y=&#8221;0&#8243; z_index=&#8221;0&#8243; width=&#8221;5\/12&#8243; mobile_order=&#8221;2&#8243; el_class=&#8221;pt-adapt-6 pb-adapt-6&#8243;][vc_custom_heading heading_semantic=&#8221;h1&#8243; text_weight=&#8221;font-weight-bold&#8221; text_color=&#8221;#45226c&#8221;]Solu\u00e7\u00f5es adv\u00eam de boas ideias.[\/vc_custom_heading][vc_column_text el_class=&#8221;mt-adapt-4&#8243;]A B.ACIS integra o cluster da Escola de Medicina juntamente com o Instituto de Investiga\u00e7\u00e3o em Ci\u00eancias da Vida e Sa\u00fade &#8211; ICVS, o Centro de Medicina Digital &#8211; [&hellip;]","og_url":"https:\/\/b-acis.pt\/pt-pt\/centro\/","og_site_name":"B.ACIS \u2013 Center for Health Innovation","article_modified_time":"2026-03-06T14:58:57+00:00","og_image":[{"url":"https:\/\/b-acis.pt\/wp-content\/uploads\/2021\/03\/MISSION-scaled.jpg","type":"","width":"","height":""}],"twitter_card":"summary_large_image","twitter_image":"https:\/\/b-acis.pt\/wp-content\/uploads\/2021\/03\/MISSION-scaled.jpg","twitter_misc":{"Tempo estimado de leitura":"2 minutos"},"schema":{"@context":"https:\/\/schema.org","@graph":[{"@type":"WebPage","@id":"https:\/\/b-acis.pt\/pt-pt\/centro\/","url":"https:\/\/b-acis.pt\/pt-pt\/centro\/","name":"Centro - B.ACIS \u2013 Center for Health Innovation","isPartOf":{"@id":"https:\/\/b-acis.pt\/pt-pt\/#website"},"datePublished":"2020-11-23T13:25:33+00:00","dateModified":"2026-03-06T14:58:57+00:00","breadcrumb":{"@id":"https:\/\/b-acis.pt\/pt-pt\/centro\/#breadcrumb"},"inLanguage":"pt-PT","potentialAction":[{"@type":"ReadAction","target":["https:\/\/b-acis.pt\/pt-pt\/centro\/"]}]},{"@type":"BreadcrumbList","@id":"https:\/\/b-acis.pt\/pt-pt\/centro\/#breadcrumb","itemListElement":[{"@type":"ListItem","position":1,"name":"Home","item":"https:\/\/b-acis.pt\/pt-pt\/"},{"@type":"ListItem","position":2,"name":"Centro"}]},{"@type":"WebSite","@id":"https:\/\/b-acis.pt\/pt-pt\/#website","url":"https:\/\/b-acis.pt\/pt-pt\/","name":"B.ACIS \u2013 Center for Health Innovation","description":"A B\u2019ACIS \u2013 Associa\u00e7\u00e3o Ci\u00eancia, Inova\u00e7\u00e3o e Sa\u00fade \u2013 Braga \u00e9 uma associa\u00e7\u00e3o de direito privado, sem fins lucrativos, constitu\u00edda em dezembro de 2018, que resulta de uma parceria entre a Universidade do Minho (UMinho), atrav\u00e9s da Escola de Medicina (EM) e do seu Instituto de Investiga\u00e7\u00e3o em Ci\u00eancias da Vida e Sa\u00fade (ICVS), e a Alumni Medicina \u2013 N\u00facleo de Antigos Estudantes de Medicina da Universidade do Minho, a qual tem por objetivo o incremento do conhecimento cient\u00edfico e a promo\u00e7\u00e3o da inova\u00e7\u00e3o atrav\u00e9s do fomento de atividades cient\u00edficotecnol\u00f3gicas no \u00e2mbito das Ci\u00eancias da Vida e Sa\u00fade.","publisher":{"@id":"https:\/\/b-acis.pt\/pt-pt\/#organization"},"potentialAction":[{"@type":"SearchAction","target":{"@type":"EntryPoint","urlTemplate":"https:\/\/b-acis.pt\/pt-pt\/?s={search_term_string}"},"query-input":{"@type":"PropertyValueSpecification","valueRequired":true,"valueName":"search_term_string"}}],"inLanguage":"pt-PT"},{"@type":"Organization","@id":"https:\/\/b-acis.pt\/pt-pt\/#organization","name":"B\u2019ACIS \u2013 Associa\u00e7\u00e3o Ci\u00eancia, Inova\u00e7\u00e3o e Sa\u00fade","url":"https:\/\/b-acis.pt\/pt-pt\/","logo":{"@type":"ImageObject","inLanguage":"pt-PT","@id":"https:\/\/b-acis.pt\/pt-pt\/#\/schema\/logo\/image\/","url":"https:\/\/b-acis.pt\/wp-content\/uploads\/2021\/02\/logo_purple.svg","contentUrl":"https:\/\/b-acis.pt\/wp-content\/uploads\/2021\/02\/logo_purple.svg","width":1,"height":1,"caption":"B\u2019ACIS \u2013 Associa\u00e7\u00e3o Ci\u00eancia, Inova\u00e7\u00e3o e Sa\u00fade"},"image":{"@id":"https:\/\/b-acis.pt\/pt-pt\/#\/schema\/logo\/image\/"},"sameAs":["https:\/\/www.linkedin.com\/company\/bacis-center-for-health-innovation"]}]}},"_links":{"self":[{"href":"https:\/\/b-acis.pt\/pt-pt\/wp-json\/wp\/v2\/pages\/2100","targetHints":{"allow":["GET"]}}],"collection":[{"href":"https:\/\/b-acis.pt\/pt-pt\/wp-json\/wp\/v2\/pages"}],"about":[{"href":"https:\/\/b-acis.pt\/pt-pt\/wp-json\/wp\/v2\/types\/page"}],"author":[{"embeddable":true,"href":"https:\/\/b-acis.pt\/pt-pt\/wp-json\/wp\/v2\/users\/1"}],"replies":[{"embeddable":true,"href":"https:\/\/b-acis.pt\/pt-pt\/wp-json\/wp\/v2\/comments?post=2100"}],"version-history":[{"count":7,"href":"https:\/\/b-acis.pt\/pt-pt\/wp-json\/wp\/v2\/pages\/2100\/revisions"}],"predecessor-version":[{"id":4729,"href":"https:\/\/b-acis.pt\/pt-pt\/wp-json\/wp\/v2\/pages\/2100\/revisions\/4729"}],"wp:attachment":[{"href":"https:\/\/b-acis.pt\/pt-pt\/wp-json\/wp\/v2\/media?parent=2100"}],"curies":[{"name":"wp","href":"https:\/\/api.w.org\/{rel}","templated":true}]}}