{"id":2103,"date":"2020-11-06T11:25:45","date_gmt":"2020-11-06T11:25:45","guid":{"rendered":"https:\/\/b-acis.pt\/homepage\/"},"modified":"2023-09-06T19:19:27","modified_gmt":"2023-09-06T18:19:27","slug":"homepage","status":"publish","type":"page","link":"https:\/\/b-acis.pt\/pt-pt\/","title":{"rendered":"Homepage"},"content":{"rendered":"<p>[vc_row row_height_percent=&#8221;0&#8243; override_padding=&#8221;yes&#8221; h_padding=&#8221;0&#8243; top_padding=&#8221;8&#8243; bottom_padding=&#8221;8&#8243; back_image=&#8221;473&#8243; shift_y=&#8221;0&#8243; z_index=&#8221;0&#8243; overlay_color=&#8221;rgba(0,0,0,0.5)&#8221; row_height_pixel=&#8221;90vh&#8221;][vc_column position_horizontal=&#8221;&#8221; position_vertical=&#8221;d-md-flex align-items-md-center&#8221; style=&#8221;dark&#8221; mobile_width=&#8221;0&#8243; shift_x=&#8221;0&#8243; shift_y=&#8221;0&#8243; z_index=&#8221;0&#8243; width=&#8221;1\/1&#8243;][vc_custom_heading heading_semantic=&#8221;h1&#8243; text_size=&#8221;h1&#8243; max_width=&#8221;720px&#8221;]O futuro da inova\u00e7\u00e3o em sa\u00fade<span style=\"color: #e40050;\">.<\/span>[\/vc_custom_heading][vc_column_text max_width=&#8221;530px&#8221; el_class=&#8221;mt-adapt-4&#8243;]B.ACIS Centro de Inova\u00e7\u00e3o em Sa\u00fade \u00e9 uma comunidade de estudantes, investigadores, profissionais de sa\u00fade e empreendedores, gerando valor cient\u00edfico e tecnol\u00f3gico para a sociedade. Junte-se a n\u00f3s nesta jornada de impacto global.[\/vc_column_text][vc_btn display=&#8221;inline-block&#8221; btn_size=&#8221;button-big&#8221; id=&#8221;lbeb6hl4l&#8221; el_class=&#8221;mt-adapt-6&#8243; link=&#8221;url:https%3A%2F%2Fb-acis.pt%2Fpt-pt%2Fcentro%2F|title:Center&#8221;]Iniciar[\/vc_btn][\/vc_column][\/vc_row][vc_row row_height_percent=&#8221;0&#8243; override_padding=&#8221;yes&#8221; h_padding=&#8221;0&#8243; top_padding=&#8221;5&#8243; bottom_padding=&#8221;5&#8243; shift_y=&#8221;0&#8243; z_index=&#8221;0&#8243; el_class=&#8221;bg_right_70&#8243;][vc_column width=&#8221;1\/2&#8243;][vc_video video_file=&#8221;612&#8243; controls=&#8221;yes&#8221; autoplay=&#8221;yes&#8221; el_class=&#8221;mt-adapt-4 mb-adapt-4&#8243;][\/vc_column][vc_column width=&#8221;1\/12&#8243;][\/vc_column][vc_column position_horizontal=&#8221;&#8221; position_vertical=&#8221;d-md-flex align-items-md-center&#8221; mobile_width=&#8221;0&#8243; shift_x=&#8221;0&#8243; shift_y=&#8221;0&#8243; z_index=&#8221;0&#8243; width=&#8221;1\/3&#8243;][vc_custom_heading text_weight=&#8221;font-weight-bold&#8221; text_color=&#8221;#45226c&#8221;]Quem somos<span style=\"color: #e40050;\">.<\/span>[\/vc_custom_heading][vc_column_text el_class=&#8221;mt-adapt-4&#8243;]A B.ACIS \u00e9 o Centro de Inova\u00e7\u00e3o em Sa\u00fade da Escola de Medicina da Universidade do Minho, dedicado \u00e0 promo\u00e7\u00e3o da investiga\u00e7\u00e3o cient\u00edfica, da inova\u00e7\u00e3o e do empreendedorismo, e da forma\u00e7\u00e3o avan\u00e7ada.[\/vc_column_text][vc_btn display=&#8221;inline-block&#8221; btn_size=&#8221;button-big&#8221; link=&#8221;url:https%3A%2F%2Fb-acis.pt%2Fpt-pt%2Fcentro%2F|title:The%20Center&#8221; id=&#8221;x3d5vlmbt&#8221; el_class=&#8221;align-middle mt-adapt-6 mr-adapt-5&#8243;]Centro[\/vc_btn][vc_btn display=&#8221;inline-block&#8221; link=&#8221;url:https%3A%2F%2Fb-acis.pt%2Fpt-pt%2Fcontact%2F|title:Get%20in%20touch&#8221; el_class=&#8221;align-middle mt-adapt-6&#8243; id=&#8221;a0bno1ier&#8221;]Contacto[\/vc_btn][\/vc_column][vc_column width=&#8221;1\/12&#8243;][\/vc_column][\/vc_row][vc_row row_height_percent=&#8221;0&#8243; override_padding=&#8221;yes&#8221; h_padding=&#8221;0&#8243; top_padding=&#8221;4&#8243; bottom_padding=&#8221;0&#8243; shift_y=&#8221;0&#8243; z_index=&#8221;0&#8243;][vc_column position_horizontal=&#8221;&#8221; align_horizontal=&#8221;text-md-center&#8221; mobile_width=&#8221;0&#8243; shift_x=&#8221;0&#8243; shift_y=&#8221;0&#8243; z_index=&#8221;0&#8243; width=&#8221;1\/1&#8243;][vc_custom_heading text_weight=&#8221;font-weight-bold&#8221; text_color=&#8221;#45226c&#8221; el_class=&#8221;mb-adapt-6&#8243;]Projetos<span style=\"color: #e40050;\">.<\/span>[\/vc_custom_heading]<div class=\"posts_grid \" data-post=\"logos\" data-name=\"logos\" data-label=\"logos\" id=\"logos\" data-loadmore=\"\"><div class=\"d-table w-100\">\n\t\t\t\t\t\t<div class=\"slick-postsgrid\" data-rows-desk=\"1\" data-rows-mobile=\"1\" data-items-desk=\"1\" data-items-desk2=\"1\" data-items-tablet=\"1\" data-items-mobile=\"1\">\n\t\t\t\t\t\t\t<div class=\"logos-divs d-inline-block mt-adapt-3 mb-adapt-3 listagem\">\n\t<figure>\n\t\t<picture class=\"slide_img  grayscale \" style=\"height:150px\">\n\t\t\t<span role=\"img\" aria-label=\"Acceleramed\" title=\"Acceleramed\" class=\"has_bg\" style=\"background-image:url(https:\/\/b-acis.pt\/wp-content\/uploads\/2023\/09\/Design-sem-nome-5.png);\"><\/span>\n\t\t<\/picture>\n\t\t<a class=\"linker\" href=\"https:\/\/acceleramed.pt\/\" target=\"_blank\"><\/a>\n\t<\/figure>\n<\/div>\n\t\t\t\t\t\t<\/div>\n\t\t\t\t\t<\/div><\/div>[\/vc_column][\/vc_row][vc_row row_height_percent=&#8221;0&#8243; override_padding=&#8221;yes&#8221; h_padding=&#8221;0&#8243; top_padding=&#8221;4&#8243; bottom_padding=&#8221;0&#8243; shift_y=&#8221;0&#8243; z_index=&#8221;0&#8243;][vc_column position_horizontal=&#8221;&#8221; align_horizontal=&#8221;text-md-center&#8221; mobile_width=&#8221;0&#8243; shift_x=&#8221;0&#8243; shift_y=&#8221;0&#8243; z_index=&#8221;0&#8243; width=&#8221;1\/1&#8243;][vc_custom_heading text_weight=&#8221;font-weight-bold&#8221; text_color=&#8221;#45226c&#8221; el_class=&#8221;mb-adapt-6&#8243;]Not\u00edcias<span style=\"color: #e40050;\">.<\/span>[\/vc_custom_heading]<div class=\"posts_grid mobile-only center-mode-mobile slider-loop-mobile text-left\" data-post=\"post\" data-name=\"post\" data-label=\"post\" id=\"post\" data-loadmore=\"\"><div class=\"d-table w-100\">\n\t\t\t\t\t\t<div class=\"slick-postsgrid\" data-rows-desk=\"1\" data-rows-mobile=\"1\" data-items-desk=\"3\" data-items-desk2=\"3\" data-items-tablet=\"2\" data-items-mobile=\"1\">\n\t\t\t\t\t\t\t<div class=\"archive-divs listagem slide will-appear  sem-categoria category-all\">\n\t<figure>\n\t\t<picture class=\"slide_img\">\n\t\t\t<div class=\"aspectRatioPlaceholder\" style=\"margin:auto;\">\n\t\t\t\t<div class=\"fill\" style=\"padding-bottom: 77.777777777778%\"><\/div>\n\t\t\t<\/div>\n\t\t\t<span role=\"img\" aria-label=\"\" class=\"has_bg\" style=\"background-image:url(https:\/\/b-acis.pt\/wp-content\/uploads\/2026\/03\/Foto-de-grupo.jpeg);\"><\/span>\n\t\t<\/picture>\n\t\t<figcaption class=\"mt-adapt-4\">\n\t\t\t<h3 class=\"h4 font-weight-bold\">B.ACIS assinala tomada de posse dos seus \u00f3rg\u00e3os sociais<\/h3>\n\t\t\t<div class=\"description mt-adapt-4\"><span class=\"h5 text-medium\">B.ACIS assinala a sua tomada de posse e refor\u00e7a o papel na inova\u00e7\u00e3o em sa\u00fade. <\/span><\/div>\n\t\t\t<div class=\"d-flex mt-adapt-4\">\n\t\t\t\t<span class=\"h6 w-50\">Bacis<\/span>\n\t\t\t\t<span class=\"h6 text-medium w-50 text-right\">20 Mar\u00e7o 2026<\/span>\n\t\t\t<\/div>\n\t\t<\/figcaption>\n\t\t<a class=\"linker\" href=\"https:\/\/b-acis.pt\/pt-pt\/bacis-tomada-de-posse\/\" target=\"_self\" aria-label=\"B.ACIS assinala tomada de posse dos seus \u00f3rg\u00e3os sociais\" data-remote=\"true\"><\/a>\n\t<\/figure>\n<\/div><div class=\"archive-divs listagem slide will-appear  sem-categoria category-all\">\n\t<figure>\n\t\t<picture class=\"slide_img\">\n\t\t\t<div class=\"aspectRatioPlaceholder\" style=\"margin:auto;\">\n\t\t\t\t<div class=\"fill\" style=\"padding-bottom: 77.777777777778%\"><\/div>\n\t\t\t<\/div>\n\t\t\t<span role=\"img\" aria-label=\"B.ACIS Unlimited Future participation\" class=\"has_bg\" style=\"background-image:url(https:\/\/b-acis.pt\/wp-content\/uploads\/2026\/03\/PXL_20260317_152714549.MP_-scaled.jpg);\"><\/span>\n\t\t<\/picture>\n\t\t<figcaption class=\"mt-adapt-4\">\n\t\t\t<h3 class=\"h4 font-weight-bold\">B.ACIS participa na Unlimited Future e refor\u00e7a a sua presen\u00e7a na forma\u00e7\u00e3o em sa\u00fade<\/h3>\n\t\t\t<div class=\"description mt-adapt-4\"><span class=\"h5 text-medium\">[vc_row][vc_column width=&#8221;1\/1&#8243;][vc_column_text]A B.ACIS marcou presen\u00e7a na Unlimited Future, uma feira dedicada \u00e0 promo\u00e7\u00e3o de oportunidades[...]<\/span><\/div>\n\t\t\t<div class=\"d-flex mt-adapt-4\">\n\t\t\t\t<span class=\"h6 w-50\">Bacis<\/span>\n\t\t\t\t<span class=\"h6 text-medium w-50 text-right\">20 Mar\u00e7o 2026<\/span>\n\t\t\t<\/div>\n\t\t<\/figcaption>\n\t\t<a class=\"linker\" href=\"https:\/\/b-acis.pt\/pt-pt\/bacis-unlimited-future\/\" target=\"_self\" aria-label=\"B.ACIS participa na Unlimited Future e refor\u00e7a a sua presen\u00e7a na forma\u00e7\u00e3o em sa\u00fade\" data-remote=\"true\"><\/a>\n\t<\/figure>\n<\/div><div class=\"archive-divs listagem slide will-appear  sem-categoria category-all\">\n\t<figure>\n\t\t<picture class=\"slide_img\">\n\t\t\t<div class=\"aspectRatioPlaceholder\" style=\"margin:auto;\">\n\t\t\t\t<div class=\"fill\" style=\"padding-bottom: 77.777777777778%\"><\/div>\n\t\t\t<\/div>\n\t\t\t<span role=\"img\" aria-label=\"\" class=\"has_bg\" style=\"background-image:url(https:\/\/b-acis.pt\/wp-content\/uploads\/2026\/03\/Alto-Minho-SF-scaled.jpg);\"><\/span>\n\t\t<\/picture>\n\t\t<figcaption class=\"mt-adapt-4\">\n\t\t\t<h3 class=\"h4 font-weight-bold\">B.ACIS participa no Alto Minho Science Fest 2026<\/h3>\n\t\t\t<div class=\"description mt-adapt-4\"><span class=\"h5 text-medium\">[vc_row][vc_column][vc_column_text]A B.ACIS | Associa\u00e7\u00e3o Ci\u00eancia, Inova\u00e7\u00e3o e Sa\u00fade marcou presen\u00e7a no Alto Minho Science Fest 2026, um evento dedica[...]<\/span><\/div>\n\t\t\t<div class=\"d-flex mt-adapt-4\">\n\t\t\t\t<span class=\"h6 w-50\">Bacis<\/span>\n\t\t\t\t<span class=\"h6 text-medium w-50 text-right\">17 Mar\u00e7o 2026<\/span>\n\t\t\t<\/div>\n\t\t<\/figcaption>\n\t\t<a class=\"linker\" href=\"https:\/\/b-acis.pt\/pt-pt\/b-acis-participa-no-alto-minho-science-fest-2026\/\" target=\"_self\" aria-label=\"B.ACIS participa no Alto Minho Science Fest 2026\" data-remote=\"true\"><\/a>\n\t<\/figure>\n<\/div><div class=\"archive-divs listagem slide will-appear  sem-categoria category-all\">\n\t<figure>\n\t\t<picture class=\"slide_img\">\n\t\t\t<div class=\"aspectRatioPlaceholder\" style=\"margin:auto;\">\n\t\t\t\t<div class=\"fill\" style=\"padding-bottom: 77.777777777778%\"><\/div>\n\t\t\t<\/div>\n\t\t\t<span role=\"img\" aria-label=\"\" class=\"has_bg\" style=\"background-image:url(https:\/\/b-acis.pt\/wp-content\/uploads\/2026\/02\/WhatsApp-Image-2026-02-03-at-12.27.02-1.jpeg);\"><\/span>\n\t\t<\/picture>\n\t\t<figcaption class=\"mt-adapt-4\">\n\t\t\t<h3 class=\"h4 font-weight-bold\">Tratamento com neuromodula\u00e7\u00e3o perif\u00e9rica em pacientes reais<\/h3>\n\t\t\t<div class=\"description mt-adapt-4\"><span class=\"h5 text-medium\">[vc_row][vc_column width=&#8221;1\/1&#8243;][vc_column_text]A B.ACIS, em colabora\u00e7\u00e3o com a Escola de Medicina da Universidade do Minho acolheu, entre os d[...]<\/span><\/div>\n\t\t\t<div class=\"d-flex mt-adapt-4\">\n\t\t\t\t<span class=\"h6 w-50\">Bacis<\/span>\n\t\t\t\t<span class=\"h6 text-medium w-50 text-right\">3 Fevereiro 2026<\/span>\n\t\t\t<\/div>\n\t\t<\/figcaption>\n\t\t<a class=\"linker\" href=\"https:\/\/b-acis.pt\/pt-pt\/tratamento-com-neuromodulacao-periferica-em-pacientes-reais\/\" target=\"_self\" aria-label=\"Tratamento com neuromodula\u00e7\u00e3o perif\u00e9rica em pacientes reais\" data-remote=\"true\"><\/a>\n\t<\/figure>\n<\/div>\n\t\t\t\t\t\t<\/div>\n\t\t\t\t\t<\/div><\/div>[vc_btn display=&#8221;inline-block&#8221; btn_size=&#8221;button-big&#8221; link=&#8221;url:https%3A%2F%2Fb-acis.pt%2Fpt-pt%2Fnoticias%2F|title:See%20More&#8221; el_class=&#8221;outlined mt-adapt-8&#8243; id=&#8221;xz4hzqxeb&#8221;]Ver mais[\/vc_btn][\/vc_column][\/vc_row][vc_row][vc_column width=&#8221;1\/1&#8243;][miew_block id=&#8221;2165&#8243;][\/vc_column][\/vc_row]<\/p>\n","protected":false},"excerpt":{"rendered":"<p>[vc_row row_height_percent=&#8221;0&#8243; override_padding=&#8221;yes&#8221; h_padding=&#8221;0&#8243; top_padding=&#8221;8&#8243; bottom_padding=&#8221;8&#8243; back_image=&#8221;473&#8243; shift_y=&#8221;0&#8243; z_index=&#8221;0&#8243; overlay_color=&#8221;rgba(0,0,0,0.5)&#8221; row_height_pixel=&#8221;90vh&#8221;][vc_column position_horizontal=&#8221;&#8221; position_vertical=&#8221;d-md-flex align-items-md-center&#8221; style=&#8221;dark&#8221; mobile_width=&#8221;0&#8243; shift_x=&#8221;0&#8243; shift_y=&#8221;0&#8243; z_index=&#8221;0&#8243; width=&#8221;1\/1&#8243;][vc_custom_heading heading_semantic=&#8221;h1&#8243; text_size=&#8221;h1&#8243; max_width=&#8221;720px&#8221;]O futuro da inova\u00e7\u00e3o em sa\u00fade.[\/vc_custom_heading][vc_column_text max_width=&#8221;530px&#8221; el_class=&#8221;mt-adapt-4&#8243;]B.ACIS Centro de Inova\u00e7\u00e3o em Sa\u00fade \u00e9 uma comunidade de estudantes, investigadores, profissionais de sa\u00fade e empreendedores, gerando valor cient\u00edfico e tecnol\u00f3gico para a sociedade. Junte-se [&hellip;]<\/p>\n","protected":false},"author":1,"featured_media":0,"parent":0,"menu_order":0,"comment_status":"closed","ping_status":"closed","template":"","meta":{"footnotes":""},"class_list":["post-2103","page","type-page","status-publish","hentry"],"yoast_head":"<!-- This site is optimized with the Yoast SEO plugin v27.0 - https:\/\/yoast.com\/product\/yoast-seo-wordpress\/ -->\n<title>B.ACIS: Center for Health Innovation of the School of Medicine of UMinho<\/title>\n<meta name=\"description\" content=\"B.ACIS Center for Health Innovation is working with people to generate scientific and technological value to the society. Join us!\" \/>\n<meta name=\"robots\" content=\"index, follow, max-snippet:-1, max-image-preview:large, max-video-preview:-1\" \/>\n<link rel=\"canonical\" href=\"https:\/\/b-acis.pt\/pt-pt\/\" \/>\n<meta property=\"og:locale\" content=\"pt_PT\" \/>\n<meta property=\"og:type\" content=\"article\" \/>\n<meta property=\"og:title\" content=\"B.ACIS: Center for Health Innovation of the School of Medicine of UMinho\" \/>\n<meta property=\"og:description\" content=\"B.ACIS is the Center for Health Innovation of the School of Medicine of the University of Minho. The future of health innovation is here!\" \/>\n<meta property=\"og:url\" content=\"https:\/\/b-acis.pt\/pt-pt\/\" \/>\n<meta property=\"og:site_name\" content=\"B.ACIS \u2013 Center for Health Innovation\" \/>\n<meta property=\"article:modified_time\" content=\"2023-09-06T18:19:27+00:00\" \/>\n<meta property=\"og:image\" content=\"https:\/\/b-acis.pt\/wp-content\/uploads\/2021\/02\/homepage_mainbanner.png\" \/>\n\t<meta property=\"og:image:width\" content=\"1440\" \/>\n\t<meta property=\"og:image:height\" content=\"867\" \/>\n\t<meta property=\"og:image:type\" content=\"image\/png\" \/>\n<meta name=\"twitter:card\" content=\"summary_large_image\" \/>\n<meta name=\"twitter:title\" content=\"B.ACIS: Center for Health Innovation of the School of Medicine of UMinho\" \/>\n<meta name=\"twitter:description\" content=\"B.ACIS is the Center for Health Innovation of the School of Medicine of the University of Minho. The future of health innovation is here!\" \/>\n<meta name=\"twitter:image\" content=\"https:\/\/b-acis.pt\/wp-content\/uploads\/2021\/02\/homepage_mainbanner.png\" \/>\n<meta name=\"twitter:label1\" content=\"Tempo estimado de leitura\" \/>\n\t<meta name=\"twitter:data1\" content=\"1 minuto\" \/>\n<script type=\"application\/ld+json\" class=\"yoast-schema-graph\">{\"@context\":\"https:\/\/schema.org\",\"@graph\":[{\"@type\":\"WebPage\",\"@id\":\"https:\/\/b-acis.pt\/pt-pt\/\",\"url\":\"https:\/\/b-acis.pt\/pt-pt\/\",\"name\":\"B.ACIS: Center for Health Innovation of the School of Medicine of UMinho\",\"isPartOf\":{\"@id\":\"https:\/\/b-acis.pt\/pt-pt\/#website\"},\"datePublished\":\"2020-11-06T11:25:45+00:00\",\"dateModified\":\"2023-09-06T18:19:27+00:00\",\"description\":\"B.ACIS Center for Health Innovation is working with people to generate scientific and technological value to the society. Join us!\",\"breadcrumb\":{\"@id\":\"https:\/\/b-acis.pt\/pt-pt\/#breadcrumb\"},\"inLanguage\":\"pt-PT\",\"potentialAction\":[{\"@type\":\"ReadAction\",\"target\":[\"https:\/\/b-acis.pt\/pt-pt\/\"]}]},{\"@type\":\"BreadcrumbList\",\"@id\":\"https:\/\/b-acis.pt\/pt-pt\/#breadcrumb\",\"itemListElement\":[{\"@type\":\"ListItem\",\"position\":1,\"name\":\"Home\",\"item\":\"https:\/\/b-acis.pt\/pt-pt\/\"},{\"@type\":\"ListItem\",\"position\":2,\"name\":\"Homepage\"}]},{\"@type\":\"WebSite\",\"@id\":\"https:\/\/b-acis.pt\/pt-pt\/#website\",\"url\":\"https:\/\/b-acis.pt\/pt-pt\/\",\"name\":\"B.ACIS \u2013 Center for Health Innovation\",\"description\":\"A B\u2019ACIS \u2013 Associa\u00e7\u00e3o Ci\u00eancia, Inova\u00e7\u00e3o e Sa\u00fade \u2013 Braga \u00e9 uma associa\u00e7\u00e3o de direito privado, sem fins lucrativos, constitu\u00edda em dezembro de 2018, que resulta de uma parceria entre a Universidade do Minho (UMinho), atrav\u00e9s da Escola de Medicina (EM) e do seu Instituto de Investiga\u00e7\u00e3o em Ci\u00eancias da Vida e Sa\u00fade (ICVS), e a Alumni Medicina \u2013 N\u00facleo de Antigos Estudantes de Medicina da Universidade do Minho, a qual tem por objetivo o incremento do conhecimento cient\u00edfico e a promo\u00e7\u00e3o da inova\u00e7\u00e3o atrav\u00e9s do fomento de atividades cient\u00edficotecnol\u00f3gicas no \u00e2mbito das Ci\u00eancias da Vida e Sa\u00fade.\",\"publisher\":{\"@id\":\"https:\/\/b-acis.pt\/pt-pt\/#organization\"},\"potentialAction\":[{\"@type\":\"SearchAction\",\"target\":{\"@type\":\"EntryPoint\",\"urlTemplate\":\"https:\/\/b-acis.pt\/pt-pt\/?s={search_term_string}\"},\"query-input\":{\"@type\":\"PropertyValueSpecification\",\"valueRequired\":true,\"valueName\":\"search_term_string\"}}],\"inLanguage\":\"pt-PT\"},{\"@type\":\"Organization\",\"@id\":\"https:\/\/b-acis.pt\/pt-pt\/#organization\",\"name\":\"B\u2019ACIS \u2013 Associa\u00e7\u00e3o Ci\u00eancia, Inova\u00e7\u00e3o e Sa\u00fade\",\"url\":\"https:\/\/b-acis.pt\/pt-pt\/\",\"logo\":{\"@type\":\"ImageObject\",\"inLanguage\":\"pt-PT\",\"@id\":\"https:\/\/b-acis.pt\/pt-pt\/#\/schema\/logo\/image\/\",\"url\":\"https:\/\/b-acis.pt\/wp-content\/uploads\/2021\/02\/logo_purple.svg\",\"contentUrl\":\"https:\/\/b-acis.pt\/wp-content\/uploads\/2021\/02\/logo_purple.svg\",\"width\":1,\"height\":1,\"caption\":\"B\u2019ACIS \u2013 Associa\u00e7\u00e3o Ci\u00eancia, Inova\u00e7\u00e3o e Sa\u00fade\"},\"image\":{\"@id\":\"https:\/\/b-acis.pt\/pt-pt\/#\/schema\/logo\/image\/\"},\"sameAs\":[\"https:\/\/www.linkedin.com\/company\/bacis-center-for-health-innovation\"]}]}<\/script>\n<!-- \/ Yoast SEO plugin. -->","yoast_head_json":{"title":"B.ACIS: Center for Health Innovation of the School of Medicine of UMinho","description":"B.ACIS Center for Health Innovation is working with people to generate scientific and technological value to the society. Join us!","robots":{"index":"index","follow":"follow","max-snippet":"max-snippet:-1","max-image-preview":"max-image-preview:large","max-video-preview":"max-video-preview:-1"},"canonical":"https:\/\/b-acis.pt\/pt-pt\/","og_locale":"pt_PT","og_type":"article","og_title":"B.ACIS: Center for Health Innovation of the School of Medicine of UMinho","og_description":"B.ACIS is the Center for Health Innovation of the School of Medicine of the University of Minho. The future of health innovation is here!","og_url":"https:\/\/b-acis.pt\/pt-pt\/","og_site_name":"B.ACIS \u2013 Center for Health Innovation","article_modified_time":"2023-09-06T18:19:27+00:00","og_image":[{"width":1440,"height":867,"url":"https:\/\/b-acis.pt\/wp-content\/uploads\/2021\/02\/homepage_mainbanner.png","type":"image\/png"}],"twitter_card":"summary_large_image","twitter_title":"B.ACIS: Center for Health Innovation of the School of Medicine of UMinho","twitter_description":"B.ACIS is the Center for Health Innovation of the School of Medicine of the University of Minho. The future of health innovation is here!","twitter_image":"https:\/\/b-acis.pt\/wp-content\/uploads\/2021\/02\/homepage_mainbanner.png","twitter_misc":{"Tempo estimado de leitura":"1 minuto"},"schema":{"@context":"https:\/\/schema.org","@graph":[{"@type":"WebPage","@id":"https:\/\/b-acis.pt\/pt-pt\/","url":"https:\/\/b-acis.pt\/pt-pt\/","name":"B.ACIS: Center for Health Innovation of the School of Medicine of UMinho","isPartOf":{"@id":"https:\/\/b-acis.pt\/pt-pt\/#website"},"datePublished":"2020-11-06T11:25:45+00:00","dateModified":"2023-09-06T18:19:27+00:00","description":"B.ACIS Center for Health Innovation is working with people to generate scientific and technological value to the society. Join us!","breadcrumb":{"@id":"https:\/\/b-acis.pt\/pt-pt\/#breadcrumb"},"inLanguage":"pt-PT","potentialAction":[{"@type":"ReadAction","target":["https:\/\/b-acis.pt\/pt-pt\/"]}]},{"@type":"BreadcrumbList","@id":"https:\/\/b-acis.pt\/pt-pt\/#breadcrumb","itemListElement":[{"@type":"ListItem","position":1,"name":"Home","item":"https:\/\/b-acis.pt\/pt-pt\/"},{"@type":"ListItem","position":2,"name":"Homepage"}]},{"@type":"WebSite","@id":"https:\/\/b-acis.pt\/pt-pt\/#website","url":"https:\/\/b-acis.pt\/pt-pt\/","name":"B.ACIS \u2013 Center for Health Innovation","description":"A B\u2019ACIS \u2013 Associa\u00e7\u00e3o Ci\u00eancia, Inova\u00e7\u00e3o e Sa\u00fade \u2013 Braga \u00e9 uma associa\u00e7\u00e3o de direito privado, sem fins lucrativos, constitu\u00edda em dezembro de 2018, que resulta de uma parceria entre a Universidade do Minho (UMinho), atrav\u00e9s da Escola de Medicina (EM) e do seu Instituto de Investiga\u00e7\u00e3o em Ci\u00eancias da Vida e Sa\u00fade (ICVS), e a Alumni Medicina \u2013 N\u00facleo de Antigos Estudantes de Medicina da Universidade do Minho, a qual tem por objetivo o incremento do conhecimento cient\u00edfico e a promo\u00e7\u00e3o da inova\u00e7\u00e3o atrav\u00e9s do fomento de atividades cient\u00edficotecnol\u00f3gicas no \u00e2mbito das Ci\u00eancias da Vida e Sa\u00fade.","publisher":{"@id":"https:\/\/b-acis.pt\/pt-pt\/#organization"},"potentialAction":[{"@type":"SearchAction","target":{"@type":"EntryPoint","urlTemplate":"https:\/\/b-acis.pt\/pt-pt\/?s={search_term_string}"},"query-input":{"@type":"PropertyValueSpecification","valueRequired":true,"valueName":"search_term_string"}}],"inLanguage":"pt-PT"},{"@type":"Organization","@id":"https:\/\/b-acis.pt\/pt-pt\/#organization","name":"B\u2019ACIS \u2013 Associa\u00e7\u00e3o Ci\u00eancia, Inova\u00e7\u00e3o e Sa\u00fade","url":"https:\/\/b-acis.pt\/pt-pt\/","logo":{"@type":"ImageObject","inLanguage":"pt-PT","@id":"https:\/\/b-acis.pt\/pt-pt\/#\/schema\/logo\/image\/","url":"https:\/\/b-acis.pt\/wp-content\/uploads\/2021\/02\/logo_purple.svg","contentUrl":"https:\/\/b-acis.pt\/wp-content\/uploads\/2021\/02\/logo_purple.svg","width":1,"height":1,"caption":"B\u2019ACIS \u2013 Associa\u00e7\u00e3o Ci\u00eancia, Inova\u00e7\u00e3o e Sa\u00fade"},"image":{"@id":"https:\/\/b-acis.pt\/pt-pt\/#\/schema\/logo\/image\/"},"sameAs":["https:\/\/www.linkedin.com\/company\/bacis-center-for-health-innovation"]}]}},"_links":{"self":[{"href":"https:\/\/b-acis.pt\/pt-pt\/wp-json\/wp\/v2\/pages\/2103","targetHints":{"allow":["GET"]}}],"collection":[{"href":"https:\/\/b-acis.pt\/pt-pt\/wp-json\/wp\/v2\/pages"}],"about":[{"href":"https:\/\/b-acis.pt\/pt-pt\/wp-json\/wp\/v2\/types\/page"}],"author":[{"embeddable":true,"href":"https:\/\/b-acis.pt\/pt-pt\/wp-json\/wp\/v2\/users\/1"}],"replies":[{"embeddable":true,"href":"https:\/\/b-acis.pt\/pt-pt\/wp-json\/wp\/v2\/comments?post=2103"}],"version-history":[{"count":6,"href":"https:\/\/b-acis.pt\/pt-pt\/wp-json\/wp\/v2\/pages\/2103\/revisions"}],"predecessor-version":[{"id":3647,"href":"https:\/\/b-acis.pt\/pt-pt\/wp-json\/wp\/v2\/pages\/2103\/revisions\/3647"}],"wp:attachment":[{"href":"https:\/\/b-acis.pt\/pt-pt\/wp-json\/wp\/v2\/media?parent=2103"}],"curies":[{"name":"wp","href":"https:\/\/api.w.org\/{rel}","templated":true}]}}