{"id":2108,"date":"2020-12-10T13:52:56","date_gmt":"2020-12-10T13:52:56","guid":{"rendered":"https:\/\/b-acis.pt\/?page_id=2108"},"modified":"2022-05-23T14:00:40","modified_gmt":"2022-05-23T13:00:40","slug":"industria","status":"publish","type":"page","link":"https:\/\/b-acis.pt\/pt-pt\/industria\/","title":{"rendered":"Ind\u00fastria"},"content":{"rendered":"<p>[vc_row unlock_row_content=&#8221;yes&#8221; row_height_percent=&#8221;0&#8243; columns_gutter=&#8221;&#8221; shift_y=&#8221;0&#8243; z_index=&#8221;0&#8243;][vc_column width=&#8221;1\/1&#8243;]<div data-parent=\"true\" class=\"vc_row row-container\">\n\t\t\t<div class=\"container\">\n\t\t\t\t<div id=\"idustries-container\" class=\"row row-parent idustries-container\" style=\"\">\n\t\t\t\t\t<div class=\"vc_column column_parent style-light col-md-6 order-md-2\">\n\t\t\t\t\t\t<div class=\"d-block w-100 idustries-wrapper\">\n\t\t\t\t\t\t\t<div class=\"idustries-content style-light-bg\"><img decoding=\"async\" class=\"mb-adapt-6\" src=\"https:\/\/b-acis.pt\/wp-content\/uploads\/2020\/12\/logo_karlstorz_de.png\" style=\"max-width:140px\"><div class=\"text_column\" style=\"max-width:380px\">[vc_column_text]To build a globally competitive science-based\u00a0health tech industry in Portugal, B.ACIS needs to be connected and partnered with worldwide companies that are looking for people with capability, drive and ambition and life and health state of art technologies.<\/p><br \/> <ul><br \/> <li>Surgical Sciences Laboratory<\/li><br \/> <li>R&D programmes<\/li><br \/> <li>IP acquisition<\/li><br \/> <\/ul><br \/> <p>[\/vc_column_text]<\/div><div class=\"d-block\"><a href=\"https:\/\/www.karlstorz.com\/\" target=\"_blank\" class=\"button mt-adapt-6\">Karl Storz's website<i class=\"icon-arrow-big-right\"><\/i><\/a><\/div><\/div><div class=\"idustries-content style-light-bg\"><img decoding=\"async\" class=\"mb-adapt-6\" src=\"https:\/\/b-acis.pt\/wp-content\/uploads\/2020\/12\/boehringer-ingelheim.jpg\" style=\"max-width:140px\"><div class=\"text_column\" style=\"max-width:380px\">[vc_column_text]Or lipsum as it is sometimes known, is dummy text used in laying out print, graphic or web designs.<\/p><br \/> <ul><br \/> <li>Laboratorio de ci\u00eancias cirurugicas,<\/li><br \/> <li>Parceria a nivel de investiga\u00e7\u00e3o e<br \/><br \/> desenvolvimento<\/li><br \/> <li>Patente vendida<\/li><br \/> <\/ul><br \/> <p>[\/vc_column_text]<\/div><div class=\"d-block\"><a href=\"https:\/\/b-acis.pt\/industry\/\" target=\"_blank\" class=\"button mt-adapt-6\">Industry<i class=\"icon-arrow-big-right\"><\/i><\/a><\/div><\/div><div class=\"idustries-content style-light-bg\"><img decoding=\"async\" class=\"mb-adapt-6\" src=\"\" style=\"max-width:140px\"><div class=\"text_column\" style=\"max-width:380px\">[vc_column_text]Or lipsum as it is sometimes known, is dummy text used in laying out print, graphic or web designs.<\/p><br \/> <ul><br \/> <li>Laboratorio de ci\u00eancias cirurugicas,<\/li><br \/> <li>Parceria a nivel de investiga\u00e7\u00e3o e<br \/><br \/> desenvolvimento<\/li><br \/> <li>Patente vendida<\/li><br \/> <\/ul><br \/> <p>[\/vc_column_text]<\/div><div class=\"d-block\"><a href=\"https:\/\/b-acis.pt\/industry\/\" target=\"_blank\" class=\"button mt-adapt-6\">Industry<i class=\"icon-arrow-big-right\"><\/i><\/a><\/div><\/div><div class=\"idustries-content style-light-bg\"><img decoding=\"async\" class=\"mb-adapt-6\" src=\"\" style=\"max-width:140px\"><div class=\"text_column\" style=\"max-width:380px\">[vc_column_text]Or lipsum as it is sometimes known, is dummy text used in laying out print, graphic or web designs.<\/p><br \/> <ul><br \/> <li>Laboratorio de ci\u00eancias cirurugicas,<\/li><br \/> <li>Parceria a nivel de investiga\u00e7\u00e3o e<br \/><br \/> desenvolvimento<\/li><br \/> <li>Patente vendida<\/li><br \/> <\/ul><br \/> <p>[\/vc_column_text]<\/div><div class=\"d-block\"><a href=\"https:\/\/b-acis.pt\/industry\/\" target=\"_blank\" class=\"button mt-adapt-6\">Industry<i class=\"icon-arrow-big-right\"><\/i><\/a><\/div><\/div>\n\t\t\t\t\t\t<\/div>\n\t\t\t\t\t<\/div>\n\t\t\t\t\t<div class=\"vc_column column_parent style-light d-flex align-items-center col-md-6 order-md-1\">\n\t\t\t\t\t\t<div class=\"d-block w-100 idustriesslider\">\n\t\t\t\t\t\t\t<div class=\"idustriesslider-row\">\n\t\t\t\t\t\t\t\t<div class=\"idustries-slides\">\n\t\t\t\t\t\t\t\t\t<span role=\"img\" aria-label=\"\" class=\"has_bg\" style=\"background-image: url(https:\/\/b-acis.pt\/wp-content\/uploads\/2020\/12\/Lab-cirurgia.png)\"><\/span><span role=\"img\" aria-label=\"\" class=\"has_bg\" style=\"background-image: url(https:\/\/b-acis.pt\/wp-content\/uploads\/2020\/12\/Laboratorio2.png)\"><\/span><span role=\"img\" aria-label=\"\" class=\"has_bg\" style=\"background-image: url(https:\/\/b-acis.pt\/wp-content\/uploads\/2020\/11\/expand.png)\"><\/span><span role=\"img\" aria-label=\"\" class=\"has_bg\" style=\"background-image: url(https:\/\/b-acis.pt\/wp-content\/uploads\/2020\/11\/news_2.png)\"><\/span>\n\t\t\t\t\t\t\t\t\t<div class=\"aspectRatioPlaceholder\">\n\t\t\t\t\t\t\t\t\t\t<div class=\"fill\" style=\"padding-bottom: 84.049079754601%\"><\/div>\n\t\t\t\t\t\t\t\t\t<\/div>\n\t\t\t\t\t\t\t\t<\/div>\n\t\t\t\t\t\t\t\t\n\t\t\t\t\t\t\t\t<nav>\n\t\t\t\t\t\t\t\t\t<a href=\"javascript:;\" class=\"idustries-prev has_bg\">\n\t\t\t\t\t\t\t\t\t\t<div class=\"aspectRatioPlaceholder\">\n\t\t\t\t\t\t\t\t\t\t\t<div class=\"fill\" style=\"padding-bottom: 39.024390243902%\"><\/div>\n\t\t\t\t\t\t\t\t\t\t<\/div>\n\t\t\t\t\t\t\t\t\t\t<i class=\"icon-chevron_up\"><\/i>\n\t\t\t\t\t\t\t\t\t<\/a>\n\t\t\t\t\t\t\t\t\t<a href=\"javascript:;\" class=\"idustries-next has_bg\">\n\t\t\t\t\t\t\t\t\t\t<div class=\"aspectRatioPlaceholder\">\n\t\t\t\t\t\t\t\t\t\t\t<div class=\"fill\" style=\"padding-bottom: 39.024390243902%\"><\/div>\n\t\t\t\t\t\t\t\t\t\t<\/div>\n\t\t\t\t\t\t\t\t\t\t<i class=\"icon-chevron_down\"><\/i>\n\t\t\t\t\t\t\t\t\t<\/a>\n\t\t\t\t\t\t\t\t<\/nav>\n\t\t\t\t\t\t\t<\/div>\n\t\t\t\t\t\t<\/div>\n\t\t\t\t\t<\/div>\n\t\t\t\t<\/div>\n\t\t\t<\/div>\n\t\t<\/div>[\/vc_column][\/vc_row][vc_row row_height_percent=&#8221;0&#8243; override_padding=&#8221;yes&#8221; h_padding=&#8221;0&#8243; top_padding=&#8221;4&#8243; bottom_padding=&#8221;5&#8243; shift_y=&#8221;0&#8243; z_index=&#8221;0&#8243;][vc_column position_horizontal=&#8221;&#8221; align_horizontal=&#8221;text-md-center&#8221; mobile_width=&#8221;0&#8243; shift_x=&#8221;0&#8243; shift_y=&#8221;0&#8243; z_index=&#8221;0&#8243; width=&#8221;1\/1&#8243;][vc_custom_heading text_weight=&#8221;font-weight-bold&#8221; text_color=&#8221;#45226c&#8221; max_width=&#8221;730px&#8221;]Try our sandbox environment for industry and funding partners.[\/vc_custom_heading][vc_column_text el_class=&#8221;mt-adapt-3 mb-adapt-6&#8243;]<span style=\"color: #304156;\">Together we can create anything.<\/span>[\/vc_column_text]\n<div class=\"wpcf7 no-js\" id=\"wpcf7-f2156-o1\" lang=\"pt-PT\" dir=\"ltr\" data-wpcf7-id=\"2156\">\n<div class=\"screen-reader-response\"><p role=\"status\" aria-live=\"polite\" aria-atomic=\"true\"><\/p> <ul><\/ul><\/div>\n<form action=\"\/pt-pt\/wp-json\/wp\/v2\/pages\/2108#wpcf7-f2156-o1\" method=\"post\" class=\"wpcf7-form init\" aria-label=\"Formul\u00e1rio de contacto\" novalidate=\"novalidate\" data-status=\"init\">\n<fieldset class=\"hidden-fields-container\"><input type=\"hidden\" name=\"_wpcf7\" value=\"2156\" \/><input type=\"hidden\" name=\"_wpcf7_version\" value=\"6.1.5\" \/><input type=\"hidden\" name=\"_wpcf7_locale\" value=\"pt_PT\" \/><input type=\"hidden\" name=\"_wpcf7_unit_tag\" value=\"wpcf7-f2156-o1\" \/><input type=\"hidden\" name=\"_wpcf7_container_post\" value=\"0\" \/><input type=\"hidden\" name=\"_wpcf7_posted_data_hash\" value=\"\" \/><input type=\"hidden\" name=\"_wpcf7_recaptcha_response\" value=\"\" \/>\n<\/fieldset>\n<div class=\"d-block w-100 m-auto\" style=\"max-width:810px\">\n\t<div class=\"d-block font-size-0\">\n\t\t<div class=\"field-cells\">\n\t\t\t<div class=\"field_holder\">\n\t\t\t\t<p><input size=\"40\" maxlength=\"400\" class=\"wpcf7-form-control wpcf7-text wpcf7-validates-as-required\" aria-required=\"true\" aria-invalid=\"false\" placeholder=\"Nome*\" value=\"\" type=\"text\" name=\"name\" \/>\n\t\t\t\t<\/p>\n\t\t\t<\/div>\n\t\t<\/div>\n\t\t<div class=\"field-cells\">\n\t\t\t<div class=\"field_holder\">\n\t\t\t\t<p><input size=\"40\" maxlength=\"400\" class=\"wpcf7-form-control wpcf7-text wpcf7-validates-as-required\" aria-required=\"true\" aria-invalid=\"false\" placeholder=\"Email*\" value=\"\" type=\"text\" name=\"your-email\" \/>\n\t\t\t\t<\/p>\n\t\t\t<\/div>\n\t\t<\/div>\n\t<\/div>\n\t<div class=\"d-block\">\n\t\t<div class=\"field_holder\">\n\t\t\t<p><input size=\"40\" maxlength=\"400\" class=\"wpcf7-form-control wpcf7-text wpcf7-validates-as-required\" aria-required=\"true\" aria-invalid=\"false\" placeholder=\"Empresa*\" value=\"\" type=\"text\" name=\"company\" \/>\n\t\t\t<\/p>\n\t\t<\/div>\n\t<\/div>\n\t<div class=\"d-block\">\n\t\t<div class=\"field_holder noholder\">\n\t\t\t<p><textarea cols=\"40\" rows=\"10\" maxlength=\"2000\" class=\"wpcf7-form-control wpcf7-textarea\" aria-invalid=\"false\" placeholder=\"Mensagem\" name=\"your-message\"><\/textarea>\n\t\t\t<\/p>\n\t\t<\/div>\n\t<\/div>\n\t<div class=\"d-flex align-items-center\">\n\t\t<div class=\"d-inline-block mt-adapt-2\">\n\t\t\t<p><span class=\"ajax-loader\"><\/span><button class=\"wpcf7-form-control wpcf7-submit button-big\" type=\"submit\">Enviar<\/button>\n\t\t\t<\/p>\n\t\t<\/div>\n\t\t<div class=\"d-inline-block mt-adapt-2 ml-adapt-3\">\n\t\t\t<div class=\"field_holder no-margin\">\n\t\t\t\t<div class=\"field_checkbox\">\n\t\t\t\t\t<p><input type=\"checkbox\" name=\"terms\" value=\"1\" class=\"white\" id=\"terms\" aria-invalid=\"false\" \/><label>Li e concordo com os <a href=\"https:\/\/b-acis.pt\/pt\/termos-e-condicoes\/\" target=\"_blank\">Termos e Condi\u00e7\u00f5es<\/a> *.<\/span><\/label>\n\t\t\t\t\t<\/p>\n\t\t\t\t<\/div>\n\t\t\t<\/div>\n\t\t<\/div>\n\t<\/div>\n<div class=\"wpcf7-response-output\" aria-hidden=\"true\"><\/div>\n<\/div>\n<\/form>\n<\/div>\n[\/vc_column][\/vc_row]<\/p>\n","protected":false},"excerpt":{"rendered":"<p>[vc_row unlock_row_content=&#8221;yes&#8221; row_height_percent=&#8221;0&#8243; columns_gutter=&#8221;&#8221; shift_y=&#8221;0&#8243; z_index=&#8221;0&#8243;][vc_column width=&#8221;1\/1&#8243;][\/vc_column][\/vc_row][vc_row row_height_percent=&#8221;0&#8243; override_padding=&#8221;yes&#8221; h_padding=&#8221;0&#8243; top_padding=&#8221;4&#8243; bottom_padding=&#8221;5&#8243; shift_y=&#8221;0&#8243; z_index=&#8221;0&#8243;][vc_column position_horizontal=&#8221;&#8221; align_horizontal=&#8221;text-md-center&#8221; mobile_width=&#8221;0&#8243; shift_x=&#8221;0&#8243; shift_y=&#8221;0&#8243; z_index=&#8221;0&#8243; width=&#8221;1\/1&#8243;][vc_custom_heading text_weight=&#8221;font-weight-bold&#8221; text_color=&#8221;#45226c&#8221; max_width=&#8221;730px&#8221;]Try our sandbox environment for industry and funding partners.[\/vc_custom_heading][vc_column_text el_class=&#8221;mt-adapt-3 mb-adapt-6&#8243;]Together we can create anything.[\/vc_column_text][\/vc_column][\/vc_row]<\/p>\n","protected":false},"author":1,"featured_media":0,"parent":0,"menu_order":0,"comment_status":"closed","ping_status":"closed","template":"","meta":{"footnotes":""},"class_list":["post-2108","page","type-page","status-publish","hentry"],"yoast_head":"<!-- This site is optimized with the Yoast SEO plugin v27.0 - https:\/\/yoast.com\/product\/yoast-seo-wordpress\/ -->\n<title>Ind\u00fastria - B.ACIS \u2013 Center for Health Innovation<\/title>\n<meta name=\"robots\" content=\"index, follow, max-snippet:-1, max-image-preview:large, max-video-preview:-1\" \/>\n<link rel=\"canonical\" href=\"https:\/\/b-acis.pt\/pt-pt\/industria\/\" \/>\n<meta property=\"og:locale\" content=\"pt_PT\" \/>\n<meta property=\"og:type\" content=\"article\" \/>\n<meta property=\"og:title\" content=\"Ind\u00fastria - B.ACIS \u2013 Center for Health Innovation\" \/>\n<meta property=\"og:description\" content=\"[vc_row unlock_row_content=&#8221;yes&#8221; row_height_percent=&#8221;0&#8243; columns_gutter=&#8221;&#8221; shift_y=&#8221;0&#8243; z_index=&#8221;0&#8243;][vc_column width=&#8221;1\/1&#8243;][\/vc_column][\/vc_row][vc_row row_height_percent=&#8221;0&#8243; override_padding=&#8221;yes&#8221; h_padding=&#8221;0&#8243; top_padding=&#8221;4&#8243; bottom_padding=&#8221;5&#8243; shift_y=&#8221;0&#8243; z_index=&#8221;0&#8243;][vc_column position_horizontal=&#8221;&#8221; align_horizontal=&#8221;text-md-center&#8221; mobile_width=&#8221;0&#8243; shift_x=&#8221;0&#8243; shift_y=&#8221;0&#8243; z_index=&#8221;0&#8243; width=&#8221;1\/1&#8243;][vc_custom_heading text_weight=&#8221;font-weight-bold&#8221; text_color=&#8221;#45226c&#8221; max_width=&#8221;730px&#8221;]Try our sandbox environment for industry and funding partners.[\/vc_custom_heading][vc_column_text el_class=&#8221;mt-adapt-3 mb-adapt-6&#8243;]Together we can create anything.[\/vc_column_text][\/vc_column][\/vc_row]\" \/>\n<meta property=\"og:url\" content=\"https:\/\/b-acis.pt\/pt-pt\/industria\/\" \/>\n<meta property=\"og:site_name\" content=\"B.ACIS \u2013 Center for Health Innovation\" \/>\n<meta property=\"article:modified_time\" content=\"2022-05-23T13:00:40+00:00\" \/>\n<meta name=\"twitter:card\" content=\"summary_large_image\" \/>\n<meta name=\"twitter:label1\" content=\"Tempo estimado de leitura\" \/>\n\t<meta name=\"twitter:data1\" content=\"1 minuto\" \/>\n<script type=\"application\/ld+json\" class=\"yoast-schema-graph\">{\"@context\":\"https:\/\/schema.org\",\"@graph\":[{\"@type\":\"WebPage\",\"@id\":\"https:\/\/b-acis.pt\/pt-pt\/industria\/\",\"url\":\"https:\/\/b-acis.pt\/pt-pt\/industria\/\",\"name\":\"Ind\u00fastria - B.ACIS \u2013 Center for Health Innovation\",\"isPartOf\":{\"@id\":\"https:\/\/b-acis.pt\/pt-pt\/#website\"},\"datePublished\":\"2020-12-10T13:52:56+00:00\",\"dateModified\":\"2022-05-23T13:00:40+00:00\",\"breadcrumb\":{\"@id\":\"https:\/\/b-acis.pt\/pt-pt\/industria\/#breadcrumb\"},\"inLanguage\":\"pt-PT\",\"potentialAction\":[{\"@type\":\"ReadAction\",\"target\":[\"https:\/\/b-acis.pt\/pt-pt\/industria\/\"]}]},{\"@type\":\"BreadcrumbList\",\"@id\":\"https:\/\/b-acis.pt\/pt-pt\/industria\/#breadcrumb\",\"itemListElement\":[{\"@type\":\"ListItem\",\"position\":1,\"name\":\"Home\",\"item\":\"https:\/\/b-acis.pt\/pt-pt\/\"},{\"@type\":\"ListItem\",\"position\":2,\"name\":\"Ind\u00fastria\"}]},{\"@type\":\"WebSite\",\"@id\":\"https:\/\/b-acis.pt\/pt-pt\/#website\",\"url\":\"https:\/\/b-acis.pt\/pt-pt\/\",\"name\":\"B.ACIS \u2013 Center for Health Innovation\",\"description\":\"A B\u2019ACIS \u2013 Associa\u00e7\u00e3o Ci\u00eancia, Inova\u00e7\u00e3o e Sa\u00fade \u2013 Braga \u00e9 uma associa\u00e7\u00e3o de direito privado, sem fins lucrativos, constitu\u00edda em dezembro de 2018, que resulta de uma parceria entre a Universidade do Minho (UMinho), atrav\u00e9s da Escola de Medicina (EM) e do seu Instituto de Investiga\u00e7\u00e3o em Ci\u00eancias da Vida e Sa\u00fade (ICVS), e a Alumni Medicina \u2013 N\u00facleo de Antigos Estudantes de Medicina da Universidade do Minho, a qual tem por objetivo o incremento do conhecimento cient\u00edfico e a promo\u00e7\u00e3o da inova\u00e7\u00e3o atrav\u00e9s do fomento de atividades cient\u00edficotecnol\u00f3gicas no \u00e2mbito das Ci\u00eancias da Vida e Sa\u00fade.\",\"publisher\":{\"@id\":\"https:\/\/b-acis.pt\/pt-pt\/#organization\"},\"potentialAction\":[{\"@type\":\"SearchAction\",\"target\":{\"@type\":\"EntryPoint\",\"urlTemplate\":\"https:\/\/b-acis.pt\/pt-pt\/?s={search_term_string}\"},\"query-input\":{\"@type\":\"PropertyValueSpecification\",\"valueRequired\":true,\"valueName\":\"search_term_string\"}}],\"inLanguage\":\"pt-PT\"},{\"@type\":\"Organization\",\"@id\":\"https:\/\/b-acis.pt\/pt-pt\/#organization\",\"name\":\"B\u2019ACIS \u2013 Associa\u00e7\u00e3o Ci\u00eancia, Inova\u00e7\u00e3o e Sa\u00fade\",\"url\":\"https:\/\/b-acis.pt\/pt-pt\/\",\"logo\":{\"@type\":\"ImageObject\",\"inLanguage\":\"pt-PT\",\"@id\":\"https:\/\/b-acis.pt\/pt-pt\/#\/schema\/logo\/image\/\",\"url\":\"https:\/\/b-acis.pt\/wp-content\/uploads\/2021\/02\/logo_purple.svg\",\"contentUrl\":\"https:\/\/b-acis.pt\/wp-content\/uploads\/2021\/02\/logo_purple.svg\",\"width\":1,\"height\":1,\"caption\":\"B\u2019ACIS \u2013 Associa\u00e7\u00e3o Ci\u00eancia, Inova\u00e7\u00e3o e Sa\u00fade\"},\"image\":{\"@id\":\"https:\/\/b-acis.pt\/pt-pt\/#\/schema\/logo\/image\/\"},\"sameAs\":[\"https:\/\/www.linkedin.com\/company\/bacis-center-for-health-innovation\"]}]}<\/script>\n<!-- \/ Yoast SEO plugin. -->","yoast_head_json":{"title":"Ind\u00fastria - B.ACIS \u2013 Center for Health Innovation","robots":{"index":"index","follow":"follow","max-snippet":"max-snippet:-1","max-image-preview":"max-image-preview:large","max-video-preview":"max-video-preview:-1"},"canonical":"https:\/\/b-acis.pt\/pt-pt\/industria\/","og_locale":"pt_PT","og_type":"article","og_title":"Ind\u00fastria - B.ACIS \u2013 Center for Health Innovation","og_description":"[vc_row unlock_row_content=&#8221;yes&#8221; row_height_percent=&#8221;0&#8243; columns_gutter=&#8221;&#8221; shift_y=&#8221;0&#8243; z_index=&#8221;0&#8243;][vc_column width=&#8221;1\/1&#8243;][\/vc_column][\/vc_row][vc_row row_height_percent=&#8221;0&#8243; override_padding=&#8221;yes&#8221; h_padding=&#8221;0&#8243; top_padding=&#8221;4&#8243; bottom_padding=&#8221;5&#8243; shift_y=&#8221;0&#8243; z_index=&#8221;0&#8243;][vc_column position_horizontal=&#8221;&#8221; align_horizontal=&#8221;text-md-center&#8221; mobile_width=&#8221;0&#8243; shift_x=&#8221;0&#8243; shift_y=&#8221;0&#8243; z_index=&#8221;0&#8243; width=&#8221;1\/1&#8243;][vc_custom_heading text_weight=&#8221;font-weight-bold&#8221; text_color=&#8221;#45226c&#8221; max_width=&#8221;730px&#8221;]Try our sandbox environment for industry and funding partners.[\/vc_custom_heading][vc_column_text el_class=&#8221;mt-adapt-3 mb-adapt-6&#8243;]Together we can create anything.[\/vc_column_text][\/vc_column][\/vc_row]","og_url":"https:\/\/b-acis.pt\/pt-pt\/industria\/","og_site_name":"B.ACIS \u2013 Center for Health Innovation","article_modified_time":"2022-05-23T13:00:40+00:00","twitter_card":"summary_large_image","twitter_misc":{"Tempo estimado de leitura":"1 minuto"},"schema":{"@context":"https:\/\/schema.org","@graph":[{"@type":"WebPage","@id":"https:\/\/b-acis.pt\/pt-pt\/industria\/","url":"https:\/\/b-acis.pt\/pt-pt\/industria\/","name":"Ind\u00fastria - B.ACIS \u2013 Center for Health Innovation","isPartOf":{"@id":"https:\/\/b-acis.pt\/pt-pt\/#website"},"datePublished":"2020-12-10T13:52:56+00:00","dateModified":"2022-05-23T13:00:40+00:00","breadcrumb":{"@id":"https:\/\/b-acis.pt\/pt-pt\/industria\/#breadcrumb"},"inLanguage":"pt-PT","potentialAction":[{"@type":"ReadAction","target":["https:\/\/b-acis.pt\/pt-pt\/industria\/"]}]},{"@type":"BreadcrumbList","@id":"https:\/\/b-acis.pt\/pt-pt\/industria\/#breadcrumb","itemListElement":[{"@type":"ListItem","position":1,"name":"Home","item":"https:\/\/b-acis.pt\/pt-pt\/"},{"@type":"ListItem","position":2,"name":"Ind\u00fastria"}]},{"@type":"WebSite","@id":"https:\/\/b-acis.pt\/pt-pt\/#website","url":"https:\/\/b-acis.pt\/pt-pt\/","name":"B.ACIS \u2013 Center for Health Innovation","description":"A B\u2019ACIS \u2013 Associa\u00e7\u00e3o Ci\u00eancia, Inova\u00e7\u00e3o e Sa\u00fade \u2013 Braga \u00e9 uma associa\u00e7\u00e3o de direito privado, sem fins lucrativos, constitu\u00edda em dezembro de 2018, que resulta de uma parceria entre a Universidade do Minho (UMinho), atrav\u00e9s da Escola de Medicina (EM) e do seu Instituto de Investiga\u00e7\u00e3o em Ci\u00eancias da Vida e Sa\u00fade (ICVS), e a Alumni Medicina \u2013 N\u00facleo de Antigos Estudantes de Medicina da Universidade do Minho, a qual tem por objetivo o incremento do conhecimento cient\u00edfico e a promo\u00e7\u00e3o da inova\u00e7\u00e3o atrav\u00e9s do fomento de atividades cient\u00edficotecnol\u00f3gicas no \u00e2mbito das Ci\u00eancias da Vida e Sa\u00fade.","publisher":{"@id":"https:\/\/b-acis.pt\/pt-pt\/#organization"},"potentialAction":[{"@type":"SearchAction","target":{"@type":"EntryPoint","urlTemplate":"https:\/\/b-acis.pt\/pt-pt\/?s={search_term_string}"},"query-input":{"@type":"PropertyValueSpecification","valueRequired":true,"valueName":"search_term_string"}}],"inLanguage":"pt-PT"},{"@type":"Organization","@id":"https:\/\/b-acis.pt\/pt-pt\/#organization","name":"B\u2019ACIS \u2013 Associa\u00e7\u00e3o Ci\u00eancia, Inova\u00e7\u00e3o e Sa\u00fade","url":"https:\/\/b-acis.pt\/pt-pt\/","logo":{"@type":"ImageObject","inLanguage":"pt-PT","@id":"https:\/\/b-acis.pt\/pt-pt\/#\/schema\/logo\/image\/","url":"https:\/\/b-acis.pt\/wp-content\/uploads\/2021\/02\/logo_purple.svg","contentUrl":"https:\/\/b-acis.pt\/wp-content\/uploads\/2021\/02\/logo_purple.svg","width":1,"height":1,"caption":"B\u2019ACIS \u2013 Associa\u00e7\u00e3o Ci\u00eancia, Inova\u00e7\u00e3o e Sa\u00fade"},"image":{"@id":"https:\/\/b-acis.pt\/pt-pt\/#\/schema\/logo\/image\/"},"sameAs":["https:\/\/www.linkedin.com\/company\/bacis-center-for-health-innovation"]}]}},"_links":{"self":[{"href":"https:\/\/b-acis.pt\/pt-pt\/wp-json\/wp\/v2\/pages\/2108","targetHints":{"allow":["GET"]}}],"collection":[{"href":"https:\/\/b-acis.pt\/pt-pt\/wp-json\/wp\/v2\/pages"}],"about":[{"href":"https:\/\/b-acis.pt\/pt-pt\/wp-json\/wp\/v2\/types\/page"}],"author":[{"embeddable":true,"href":"https:\/\/b-acis.pt\/pt-pt\/wp-json\/wp\/v2\/users\/1"}],"replies":[{"embeddable":true,"href":"https:\/\/b-acis.pt\/pt-pt\/wp-json\/wp\/v2\/comments?post=2108"}],"version-history":[{"count":2,"href":"https:\/\/b-acis.pt\/pt-pt\/wp-json\/wp\/v2\/pages\/2108\/revisions"}],"predecessor-version":[{"id":2134,"href":"https:\/\/b-acis.pt\/pt-pt\/wp-json\/wp\/v2\/pages\/2108\/revisions\/2134"}],"wp:attachment":[{"href":"https:\/\/b-acis.pt\/pt-pt\/wp-json\/wp\/v2\/media?parent=2108"}],"curies":[{"name":"wp","href":"https:\/\/api.w.org\/{rel}","templated":true}]}}