{"id":2115,"date":"2020-11-23T13:25:45","date_gmt":"2020-11-23T13:25:45","guid":{"rendered":"https:\/\/b-acis.pt\/?page_id=2115"},"modified":"2022-09-21T15:00:16","modified_gmt":"2022-09-21T14:00:16","slug":"rd","status":"publish","type":"page","link":"https:\/\/b-acis.pt\/pt-pt\/rd\/","title":{"rendered":"I&#038;D"},"content":{"rendered":"<p>[vc_row unlock_row_content=&#8221;yes&#8221; row_height_percent=&#8221;0&#8243; columns_gutter=&#8221;&#8221; override_padding=&#8221;yes&#8221; h_padding=&#8221;0&#8243; top_padding=&#8221;0&#8243; bottom_padding=&#8221;1&#8243; shift_y=&#8221;0&#8243; z_index=&#8221;0&#8243;][vc_column position_horizontal=&#8221;&#8221; position_vertical=&#8221;d-md-flex align-items-md-center&#8221; mobile_width=&#8221;0&#8243; shift_x=&#8221;0&#8243; shift_y=&#8221;0&#8243; z_index=&#8221;0&#8243; width=&#8221;1\/1&#8243; el_class=&#8221;pt-adapt-6 pb-adapt-6&#8243; mobile_order=&#8221;2&#8243;]<div class=\"slick-container has_dots has_dots_mobile\">\n\t\t\t<div id=\"banner-24842061\" class=\"slick-banners full_height\" data-append-arrows=\"\" data-append-text=\"\" data-items-desk=\"1\" data-items-desk2=\"1\" data-items-tablet=\"1\" data-items-mobile=\"1\"><div class=\"banners_slide\">\n\t\t\t\t<div class=\"banner_container\"><picture><div class=\"aspectRatioPlaceholder tablet-hidden mobile-hidden\" style=\"margin:auto;\">\n\t\t\t\t\t\t\t\t<div class=\"fill\" style=\"padding-bottom: 33.854166666667%\"><\/div>\n\t\t\t\t\t\t\t<\/div><div class=\"aspectRatioPlaceholder desktop-hidden\" style=\"margin:auto; min-height:250px\">\n\t\t\t\t\t\t\t\t<div class=\"fill\" style=\"padding-bottom: 33.854166666667%\"><\/div>\n\t\t\t\t\t\t\t<\/div><span role=\"img\" aria-label=\"Research and Development\" class=\"banners_img has_bg\" bg-srcset=\"https:\/\/b-acis.pt\/wp-content\/uploads\/2021\/03\/RD1-scaled.jpg 770w align_center_center, https:\/\/b-acis.pt\/wp-content\/uploads\/2021\/03\/RD1-scaled.jpg align_center_center\" style=\"background-image: url(https:\/\/b-acis.pt\/wp-content\/uploads\/2021\/03\/RD1-scaled.jpg)\"><\/span><\/picture><figcaption class=\"banner_content style-white\">\n\t\t\t\t\t\t\t<div data-parent=\"true\" class=\"vc_row row-container\">\n\t\t\t\t\t\t\t\t<div class=\"container\">\n\t\t\t\t\t\t\t\t\t<div class=\"row row-parent\">\n\t\t\t\t\t\t\t\t\t\t<div class=\"vc_column column_parent col-12\">\n\t\t\t\t\t\t\t\t\t\t\t<div class=\"d-block w-100\">\n\t\t\t\t\t\t\t\t\t\t\t\t\n\t\t\t\t\t\t\t\t\t\t\t<\/div>\n\t\t\t\t\t\t\t\t\t\t<\/div>\n\t\t\t\t\t\t\t\t\t<\/div>\n\t\t\t\t\t\t\t\t<\/div>\n\t\t\t\t\t\t\t<\/div> \n\t\t\t\t\t\t<\/figcaption><\/div> \n\t\t\t<\/div><div class=\"banners_slide\">\n\t\t\t\t<div class=\"banner_container\"><picture><div class=\"aspectRatioPlaceholder tablet-hidden mobile-hidden\" style=\"margin:auto;\">\n\t\t\t\t\t\t\t\t<div class=\"fill\" style=\"padding-bottom: 33.854166666667%\"><\/div>\n\t\t\t\t\t\t\t<\/div><div class=\"aspectRatioPlaceholder desktop-hidden\" style=\"margin:auto; min-height:250px\">\n\t\t\t\t\t\t\t\t<div class=\"fill\" style=\"padding-bottom: 33.854166666667%\"><\/div>\n\t\t\t\t\t\t\t<\/div><span role=\"img\" aria-label=\"Research and Development\" class=\"banners_img has_bg\" bg-srcset=\"https:\/\/b-acis.pt\/wp-content\/uploads\/2021\/03\/RD2-scaled.jpg 770w align_center_center, https:\/\/b-acis.pt\/wp-content\/uploads\/2021\/03\/RD2-scaled.jpg align_center_center\" style=\"background-image: url(https:\/\/b-acis.pt\/wp-content\/uploads\/2021\/03\/RD2-scaled.jpg)\"><\/span><\/picture><figcaption class=\"banner_content style-white\">\n\t\t\t\t\t\t\t<div data-parent=\"true\" class=\"vc_row row-container\">\n\t\t\t\t\t\t\t\t<div class=\"container\">\n\t\t\t\t\t\t\t\t\t<div class=\"row row-parent\">\n\t\t\t\t\t\t\t\t\t\t<div class=\"vc_column column_parent col-12\">\n\t\t\t\t\t\t\t\t\t\t\t<div class=\"d-block w-100\">\n\t\t\t\t\t\t\t\t\t\t\t\t\n\t\t\t\t\t\t\t\t\t\t\t<\/div>\n\t\t\t\t\t\t\t\t\t\t<\/div>\n\t\t\t\t\t\t\t\t\t<\/div>\n\t\t\t\t\t\t\t\t<\/div>\n\t\t\t\t\t\t\t<\/div> \n\t\t\t\t\t\t<\/figcaption><\/div> \n\t\t\t<\/div><div class=\"banners_slide\">\n\t\t\t\t<div class=\"banner_container\"><picture><div class=\"aspectRatioPlaceholder tablet-hidden mobile-hidden\" style=\"margin:auto;\">\n\t\t\t\t\t\t\t\t<div class=\"fill\" style=\"padding-bottom: 33.854166666667%\"><\/div>\n\t\t\t\t\t\t\t<\/div><div class=\"aspectRatioPlaceholder desktop-hidden\" style=\"margin:auto; min-height:250px\">\n\t\t\t\t\t\t\t\t<div class=\"fill\" style=\"padding-bottom: 33.854166666667%\"><\/div>\n\t\t\t\t\t\t\t<\/div><span role=\"img\" aria-label=\"Research and Development\" class=\"banners_img has_bg\" bg-srcset=\"https:\/\/b-acis.pt\/wp-content\/uploads\/2021\/03\/RD3-1-1-scaled.jpg 770w align_center_center, https:\/\/b-acis.pt\/wp-content\/uploads\/2021\/03\/RD3-1-1-scaled.jpg align_center_center\" style=\"background-image: url(https:\/\/b-acis.pt\/wp-content\/uploads\/2021\/03\/RD3-1-1-scaled.jpg)\"><\/span><\/picture><figcaption class=\"banner_content style-white\">\n\t\t\t\t\t\t\t<div data-parent=\"true\" class=\"vc_row row-container\">\n\t\t\t\t\t\t\t\t<div class=\"container\">\n\t\t\t\t\t\t\t\t\t<div class=\"row row-parent\">\n\t\t\t\t\t\t\t\t\t\t<div class=\"vc_column column_parent col-12\">\n\t\t\t\t\t\t\t\t\t\t\t<div class=\"d-block w-100\">\n\t\t\t\t\t\t\t\t\t\t\t\t\n\t\t\t\t\t\t\t\t\t\t\t<\/div>\n\t\t\t\t\t\t\t\t\t\t<\/div>\n\t\t\t\t\t\t\t\t\t<\/div>\n\t\t\t\t\t\t\t\t<\/div>\n\t\t\t\t\t\t\t<\/div> \n\t\t\t\t\t\t<\/figcaption><\/div> \n\t\t\t<\/div><\/div>\n\t\t\t\n\t\t<\/div>[\/vc_column][\/vc_row][vc_row row_height_percent=&#8221;0&#8243; override_padding=&#8221;yes&#8221; h_padding=&#8221;0&#8243; top_padding=&#8221;1&#8243; bottom_padding=&#8221;1&#8243; shift_y=&#8221;0&#8243; z_index=&#8221;0&#8243;][vc_column position_horizontal=&#8221;&#8221; position_vertical=&#8221;d-md-flex align-items-md-center&#8221; mobile_width=&#8221;0&#8243; shift_x=&#8221;0&#8243; shift_y=&#8221;0&#8243; z_index=&#8221;0&#8243; width=&#8221;1\/1&#8243; el_class=&#8221;pt-adapt-6 pb-adapt-6&#8243; mobile_order=&#8221;2&#8243;][vc_custom_heading heading_semantic=&#8221;h1&#8243; text_weight=&#8221;font-weight-bold&#8221; text_color=&#8221;#45226c&#8221; max_width=&#8221;460px&#8221; el_class=&#8221;mt-adapt-4&#8243;]Investiga\u00e7\u00e3o e Desenvolvimento<span style=\"color: #e40050;\">.<\/span>[\/vc_custom_heading][vc_column_text el_class=&#8221;mt-adapt-4&#8243; max_width=&#8221;440px&#8221;]A B.ACIS, em coordena\u00e7\u00e3o com o ICVS, oferece servi\u00e7os especializados de Investiga\u00e7\u00e3o e Desenvolvimento, para apoiar as necessidades da comunidade. Estes servi\u00e7os est\u00e3o habilitados de laborat\u00f3rios dedicados e instala\u00e7\u00f5es, nomeadamente:[\/vc_column_text][\/vc_column][\/vc_row][vc_row row_height_percent=&#8221;0&#8243; override_padding=&#8221;yes&#8221; h_padding=&#8221;0&#8243; top_padding=&#8221;2&#8243; bottom_padding=&#8221;3&#8243; shift_y=&#8221;0&#8243; z_index=&#8221;0&#8243;][vc_column width=&#8221;1\/1&#8243;][vc_custom_heading heading_semantic=&#8221;h3&#8243; text_size=&#8221;h3&#8243; text_color=&#8221;#45226c&#8221;]Biot\u00e9rio (roedores e esp\u00e9cies de tamanho m\u00e9dio)[\/vc_custom_heading][vc_separator sep_color=&#8221;#000000&#8243; el_class=&#8221;mt-adapt-4 mb-adapt-4&#8243;][vc_custom_heading heading_semantic=&#8221;h3&#8243; text_size=&#8221;h3&#8243; text_color=&#8221;#45226c&#8221;]Laborat\u00f3rios de biosseguran\u00e7a n\u00edveis 2 e 3[\/vc_custom_heading][vc_separator sep_color=&#8221;#000000&#8243; el_class=&#8221;mt-adapt-4 mb-adapt-4&#8243;][vc_custom_heading heading_semantic=&#8221;h3&#8243; text_size=&#8221;h3&#8243; text_color=&#8221;#45226c&#8221;]Bioimagem e microscopia[\/vc_custom_heading][vc_separator sep_color=&#8221;#000000&#8243; el_class=&#8221;mt-adapt-4 mb-adapt-4&#8243;][vc_custom_heading heading_semantic=&#8221;h3&#8243; text_size=&#8221;h3&#8243; text_color=&#8221;#45226c&#8221;]Histologia[\/vc_custom_heading][vc_separator sep_color=&#8221;#000000&#8243; el_class=&#8221;mt-adapt-4 mb-adapt-4&#8243;][vc_custom_heading heading_semantic=&#8221;h3&#8243; text_size=&#8221;h3&#8243; text_color=&#8221;#45226c&#8221;]Biologia molecular[\/vc_custom_heading][vc_separator sep_color=&#8221;#000000&#8243; el_class=&#8221;mt-adapt-4 mb-adapt-4&#8243;][vc_custom_heading heading_semantic=&#8221;h3&#8243; text_size=&#8221;h3&#8243; text_color=&#8221;#45226c&#8221;]Citometria[\/vc_custom_heading][vc_separator sep_color=&#8221;#000000&#8243; el_class=&#8221;mt-adapt-4 mb-adapt-4&#8243;][vc_custom_heading heading_semantic=&#8221;h3&#8243; text_size=&#8221;h3&#8243; text_color=&#8221;#45226c&#8221;]Biobanco[\/vc_custom_heading][vc_separator sep_color=&#8221;#000000&#8243; el_class=&#8221;mt-adapt-4 mb-adapt-4&#8243;][vc_custom_heading heading_semantic=&#8221;h3&#8243; text_size=&#8221;h3&#8243; text_color=&#8221;#45226c&#8221;]Cirurgia Endosc\u00f3pica Experimental[\/vc_custom_heading][vc_separator sep_color=&#8221;#000000&#8243; el_class=&#8221;mt-adapt-4 mb-adapt-4&#8243;][vc_custom_heading heading_semantic=&#8221;h3&#8243; text_size=&#8221;h3&#8243; text_color=&#8221;#45226c&#8221;]Eletrofisiologia[\/vc_custom_heading][vc_separator sep_color=&#8221;#000000&#8243; el_class=&#8221;mt-adapt-4 mb-adapt-4&#8243;][vc_custom_heading heading_semantic=&#8221;h3&#8243; text_size=&#8221;h3&#8243; text_color=&#8221;#45226c&#8221;]Cultura de C\u00e9lulas[\/vc_custom_heading][vc_separator sep_color=&#8221;#000000&#8243; el_class=&#8221;mt-adapt-4 mb-adapt-4&#8243;][vc_custom_heading heading_semantic=&#8221;h3&#8243; text_size=&#8221;h3&#8243; text_color=&#8221;#45226c&#8221;]Comportamento animal[\/vc_custom_heading][vc_separator sep_color=&#8221;#000000&#8243; el_class=&#8221;mt-adapt-4 mb-adapt-4&#8243;][\/vc_column][\/vc_row][vc_row row_height_percent=&#8221;0&#8243; override_padding=&#8221;yes&#8221; h_padding=&#8221;0&#8243; top_padding=&#8221;3&#8243; bottom_padding=&#8221;4&#8243; shift_y=&#8221;0&#8243; z_index=&#8221;0&#8243;][vc_column position_horizontal=&#8221;&#8221; mobile_width=&#8221;0&#8243; shift_x=&#8221;0&#8243; shift_y=&#8221;0&#8243; z_index=&#8221;0&#8243; width=&#8221;2\/3&#8243;][vc_custom_heading heading_semantic=&#8221;h3&#8243; text_size=&#8221;h3&#8243; text_color=&#8221;#45226c&#8221;]Quer mais informa\u00e7\u00e3o sobre os nossos servi\u00e7os<span style=\"color: #e40050;\">?<\/span>[\/vc_custom_heading][\/vc_column][vc_column width=&#8221;1\/3&#8243;][vc_btn btn_size=&#8221;button-big&#8221; link=&#8221;url:https%3A%2F%2Fb-acis.pt%2Fpt-pt%2Fcontact%2F|title:Contact%20us&#8221; id=&#8221;vff3pylka&#8221;]Contactar[\/vc_btn][\/vc_column][\/vc_row]<\/p>\n","protected":false},"excerpt":{"rendered":"<p>[vc_row unlock_row_content=&#8221;yes&#8221; row_height_percent=&#8221;0&#8243; columns_gutter=&#8221;&#8221; override_padding=&#8221;yes&#8221; h_padding=&#8221;0&#8243; top_padding=&#8221;0&#8243; bottom_padding=&#8221;1&#8243; shift_y=&#8221;0&#8243; z_index=&#8221;0&#8243;][vc_column position_horizontal=&#8221;&#8221; position_vertical=&#8221;d-md-flex align-items-md-center&#8221; mobile_width=&#8221;0&#8243; shift_x=&#8221;0&#8243; shift_y=&#8221;0&#8243; z_index=&#8221;0&#8243; width=&#8221;1\/1&#8243; el_class=&#8221;pt-adapt-6 pb-adapt-6&#8243; mobile_order=&#8221;2&#8243;][\/vc_column][\/vc_row][vc_row row_height_percent=&#8221;0&#8243; override_padding=&#8221;yes&#8221; h_padding=&#8221;0&#8243; top_padding=&#8221;1&#8243; bottom_padding=&#8221;1&#8243; shift_y=&#8221;0&#8243; z_index=&#8221;0&#8243;][vc_column position_horizontal=&#8221;&#8221; position_vertical=&#8221;d-md-flex align-items-md-center&#8221; mobile_width=&#8221;0&#8243; shift_x=&#8221;0&#8243; shift_y=&#8221;0&#8243; z_index=&#8221;0&#8243; width=&#8221;1\/1&#8243; el_class=&#8221;pt-adapt-6 pb-adapt-6&#8243; mobile_order=&#8221;2&#8243;][vc_custom_heading heading_semantic=&#8221;h1&#8243; text_weight=&#8221;font-weight-bold&#8221; text_color=&#8221;#45226c&#8221; max_width=&#8221;460px&#8221; el_class=&#8221;mt-adapt-4&#8243;]Investiga\u00e7\u00e3o e Desenvolvimento.[\/vc_custom_heading][vc_column_text el_class=&#8221;mt-adapt-4&#8243; max_width=&#8221;440px&#8221;]A B.ACIS, em coordena\u00e7\u00e3o com o ICVS, oferece [&hellip;]<\/p>\n","protected":false},"author":1,"featured_media":0,"parent":0,"menu_order":0,"comment_status":"closed","ping_status":"closed","template":"","meta":{"footnotes":""},"class_list":["post-2115","page","type-page","status-publish","hentry"],"yoast_head":"<!-- This site is optimized with the Yoast SEO plugin v27.0 - https:\/\/yoast.com\/product\/yoast-seo-wordpress\/ -->\n<title>I&amp;D - B.ACIS \u2013 Center for Health Innovation<\/title>\n<meta name=\"robots\" content=\"index, follow, max-snippet:-1, max-image-preview:large, max-video-preview:-1\" \/>\n<link rel=\"canonical\" href=\"https:\/\/b-acis.pt\/pt-pt\/rd\/\" \/>\n<meta property=\"og:locale\" content=\"pt_PT\" \/>\n<meta property=\"og:type\" content=\"article\" \/>\n<meta property=\"og:title\" content=\"I&amp;D - B.ACIS \u2013 Center for Health Innovation\" \/>\n<meta property=\"og:description\" content=\"[vc_row unlock_row_content=&#8221;yes&#8221; row_height_percent=&#8221;0&#8243; columns_gutter=&#8221;&#8221; override_padding=&#8221;yes&#8221; h_padding=&#8221;0&#8243; top_padding=&#8221;0&#8243; bottom_padding=&#8221;1&#8243; shift_y=&#8221;0&#8243; z_index=&#8221;0&#8243;][vc_column position_horizontal=&#8221;&#8221; position_vertical=&#8221;d-md-flex align-items-md-center&#8221; mobile_width=&#8221;0&#8243; shift_x=&#8221;0&#8243; shift_y=&#8221;0&#8243; z_index=&#8221;0&#8243; width=&#8221;1\/1&#8243; el_class=&#8221;pt-adapt-6 pb-adapt-6&#8243; mobile_order=&#8221;2&#8243;][\/vc_column][\/vc_row][vc_row row_height_percent=&#8221;0&#8243; override_padding=&#8221;yes&#8221; h_padding=&#8221;0&#8243; top_padding=&#8221;1&#8243; bottom_padding=&#8221;1&#8243; shift_y=&#8221;0&#8243; z_index=&#8221;0&#8243;][vc_column position_horizontal=&#8221;&#8221; position_vertical=&#8221;d-md-flex align-items-md-center&#8221; mobile_width=&#8221;0&#8243; shift_x=&#8221;0&#8243; shift_y=&#8221;0&#8243; z_index=&#8221;0&#8243; width=&#8221;1\/1&#8243; el_class=&#8221;pt-adapt-6 pb-adapt-6&#8243; mobile_order=&#8221;2&#8243;][vc_custom_heading heading_semantic=&#8221;h1&#8243; text_weight=&#8221;font-weight-bold&#8221; text_color=&#8221;#45226c&#8221; max_width=&#8221;460px&#8221; el_class=&#8221;mt-adapt-4&#8243;]Investiga\u00e7\u00e3o e Desenvolvimento.[\/vc_custom_heading][vc_column_text el_class=&#8221;mt-adapt-4&#8243; max_width=&#8221;440px&#8221;]A B.ACIS, em coordena\u00e7\u00e3o com o ICVS, oferece [&hellip;]\" \/>\n<meta property=\"og:url\" content=\"https:\/\/b-acis.pt\/pt-pt\/rd\/\" \/>\n<meta property=\"og:site_name\" content=\"B.ACIS \u2013 Center for Health Innovation\" \/>\n<meta property=\"article:modified_time\" content=\"2022-09-21T14:00:16+00:00\" \/>\n<meta name=\"twitter:card\" content=\"summary_large_image\" \/>\n<meta name=\"twitter:label1\" content=\"Tempo estimado de leitura\" \/>\n\t<meta name=\"twitter:data1\" content=\"1 minuto\" \/>\n<script type=\"application\/ld+json\" class=\"yoast-schema-graph\">{\"@context\":\"https:\/\/schema.org\",\"@graph\":[{\"@type\":\"WebPage\",\"@id\":\"https:\/\/b-acis.pt\/pt-pt\/rd\/\",\"url\":\"https:\/\/b-acis.pt\/pt-pt\/rd\/\",\"name\":\"I&D - B.ACIS \u2013 Center for Health Innovation\",\"isPartOf\":{\"@id\":\"https:\/\/b-acis.pt\/pt-pt\/#website\"},\"datePublished\":\"2020-11-23T13:25:45+00:00\",\"dateModified\":\"2022-09-21T14:00:16+00:00\",\"breadcrumb\":{\"@id\":\"https:\/\/b-acis.pt\/pt-pt\/rd\/#breadcrumb\"},\"inLanguage\":\"pt-PT\",\"potentialAction\":[{\"@type\":\"ReadAction\",\"target\":[\"https:\/\/b-acis.pt\/pt-pt\/rd\/\"]}]},{\"@type\":\"BreadcrumbList\",\"@id\":\"https:\/\/b-acis.pt\/pt-pt\/rd\/#breadcrumb\",\"itemListElement\":[{\"@type\":\"ListItem\",\"position\":1,\"name\":\"Home\",\"item\":\"https:\/\/b-acis.pt\/pt-pt\/\"},{\"@type\":\"ListItem\",\"position\":2,\"name\":\"I&#038;D\"}]},{\"@type\":\"WebSite\",\"@id\":\"https:\/\/b-acis.pt\/pt-pt\/#website\",\"url\":\"https:\/\/b-acis.pt\/pt-pt\/\",\"name\":\"B.ACIS \u2013 Center for Health Innovation\",\"description\":\"A B\u2019ACIS \u2013 Associa\u00e7\u00e3o Ci\u00eancia, Inova\u00e7\u00e3o e Sa\u00fade \u2013 Braga \u00e9 uma associa\u00e7\u00e3o de direito privado, sem fins lucrativos, constitu\u00edda em dezembro de 2018, que resulta de uma parceria entre a Universidade do Minho (UMinho), atrav\u00e9s da Escola de Medicina (EM) e do seu Instituto de Investiga\u00e7\u00e3o em Ci\u00eancias da Vida e Sa\u00fade (ICVS), e a Alumni Medicina \u2013 N\u00facleo de Antigos Estudantes de Medicina da Universidade do Minho, a qual tem por objetivo o incremento do conhecimento cient\u00edfico e a promo\u00e7\u00e3o da inova\u00e7\u00e3o atrav\u00e9s do fomento de atividades cient\u00edficotecnol\u00f3gicas no \u00e2mbito das Ci\u00eancias da Vida e Sa\u00fade.\",\"publisher\":{\"@id\":\"https:\/\/b-acis.pt\/pt-pt\/#organization\"},\"potentialAction\":[{\"@type\":\"SearchAction\",\"target\":{\"@type\":\"EntryPoint\",\"urlTemplate\":\"https:\/\/b-acis.pt\/pt-pt\/?s={search_term_string}\"},\"query-input\":{\"@type\":\"PropertyValueSpecification\",\"valueRequired\":true,\"valueName\":\"search_term_string\"}}],\"inLanguage\":\"pt-PT\"},{\"@type\":\"Organization\",\"@id\":\"https:\/\/b-acis.pt\/pt-pt\/#organization\",\"name\":\"B\u2019ACIS \u2013 Associa\u00e7\u00e3o Ci\u00eancia, Inova\u00e7\u00e3o e Sa\u00fade\",\"url\":\"https:\/\/b-acis.pt\/pt-pt\/\",\"logo\":{\"@type\":\"ImageObject\",\"inLanguage\":\"pt-PT\",\"@id\":\"https:\/\/b-acis.pt\/pt-pt\/#\/schema\/logo\/image\/\",\"url\":\"https:\/\/b-acis.pt\/wp-content\/uploads\/2021\/02\/logo_purple.svg\",\"contentUrl\":\"https:\/\/b-acis.pt\/wp-content\/uploads\/2021\/02\/logo_purple.svg\",\"width\":1,\"height\":1,\"caption\":\"B\u2019ACIS \u2013 Associa\u00e7\u00e3o Ci\u00eancia, Inova\u00e7\u00e3o e Sa\u00fade\"},\"image\":{\"@id\":\"https:\/\/b-acis.pt\/pt-pt\/#\/schema\/logo\/image\/\"},\"sameAs\":[\"https:\/\/www.linkedin.com\/company\/bacis-center-for-health-innovation\"]}]}<\/script>\n<!-- \/ Yoast SEO plugin. -->","yoast_head_json":{"title":"I&D - B.ACIS \u2013 Center for Health Innovation","robots":{"index":"index","follow":"follow","max-snippet":"max-snippet:-1","max-image-preview":"max-image-preview:large","max-video-preview":"max-video-preview:-1"},"canonical":"https:\/\/b-acis.pt\/pt-pt\/rd\/","og_locale":"pt_PT","og_type":"article","og_title":"I&D - B.ACIS \u2013 Center for Health Innovation","og_description":"[vc_row unlock_row_content=&#8221;yes&#8221; row_height_percent=&#8221;0&#8243; columns_gutter=&#8221;&#8221; override_padding=&#8221;yes&#8221; h_padding=&#8221;0&#8243; top_padding=&#8221;0&#8243; bottom_padding=&#8221;1&#8243; shift_y=&#8221;0&#8243; z_index=&#8221;0&#8243;][vc_column position_horizontal=&#8221;&#8221; position_vertical=&#8221;d-md-flex align-items-md-center&#8221; mobile_width=&#8221;0&#8243; shift_x=&#8221;0&#8243; shift_y=&#8221;0&#8243; z_index=&#8221;0&#8243; width=&#8221;1\/1&#8243; el_class=&#8221;pt-adapt-6 pb-adapt-6&#8243; mobile_order=&#8221;2&#8243;][\/vc_column][\/vc_row][vc_row row_height_percent=&#8221;0&#8243; override_padding=&#8221;yes&#8221; h_padding=&#8221;0&#8243; top_padding=&#8221;1&#8243; bottom_padding=&#8221;1&#8243; shift_y=&#8221;0&#8243; z_index=&#8221;0&#8243;][vc_column position_horizontal=&#8221;&#8221; position_vertical=&#8221;d-md-flex align-items-md-center&#8221; mobile_width=&#8221;0&#8243; shift_x=&#8221;0&#8243; shift_y=&#8221;0&#8243; z_index=&#8221;0&#8243; width=&#8221;1\/1&#8243; el_class=&#8221;pt-adapt-6 pb-adapt-6&#8243; mobile_order=&#8221;2&#8243;][vc_custom_heading heading_semantic=&#8221;h1&#8243; text_weight=&#8221;font-weight-bold&#8221; text_color=&#8221;#45226c&#8221; max_width=&#8221;460px&#8221; el_class=&#8221;mt-adapt-4&#8243;]Investiga\u00e7\u00e3o e Desenvolvimento.[\/vc_custom_heading][vc_column_text el_class=&#8221;mt-adapt-4&#8243; max_width=&#8221;440px&#8221;]A B.ACIS, em coordena\u00e7\u00e3o com o ICVS, oferece [&hellip;]","og_url":"https:\/\/b-acis.pt\/pt-pt\/rd\/","og_site_name":"B.ACIS \u2013 Center for Health Innovation","article_modified_time":"2022-09-21T14:00:16+00:00","twitter_card":"summary_large_image","twitter_misc":{"Tempo estimado de leitura":"1 minuto"},"schema":{"@context":"https:\/\/schema.org","@graph":[{"@type":"WebPage","@id":"https:\/\/b-acis.pt\/pt-pt\/rd\/","url":"https:\/\/b-acis.pt\/pt-pt\/rd\/","name":"I&D - B.ACIS \u2013 Center for Health Innovation","isPartOf":{"@id":"https:\/\/b-acis.pt\/pt-pt\/#website"},"datePublished":"2020-11-23T13:25:45+00:00","dateModified":"2022-09-21T14:00:16+00:00","breadcrumb":{"@id":"https:\/\/b-acis.pt\/pt-pt\/rd\/#breadcrumb"},"inLanguage":"pt-PT","potentialAction":[{"@type":"ReadAction","target":["https:\/\/b-acis.pt\/pt-pt\/rd\/"]}]},{"@type":"BreadcrumbList","@id":"https:\/\/b-acis.pt\/pt-pt\/rd\/#breadcrumb","itemListElement":[{"@type":"ListItem","position":1,"name":"Home","item":"https:\/\/b-acis.pt\/pt-pt\/"},{"@type":"ListItem","position":2,"name":"I&#038;D"}]},{"@type":"WebSite","@id":"https:\/\/b-acis.pt\/pt-pt\/#website","url":"https:\/\/b-acis.pt\/pt-pt\/","name":"B.ACIS \u2013 Center for Health Innovation","description":"A B\u2019ACIS \u2013 Associa\u00e7\u00e3o Ci\u00eancia, Inova\u00e7\u00e3o e Sa\u00fade \u2013 Braga \u00e9 uma associa\u00e7\u00e3o de direito privado, sem fins lucrativos, constitu\u00edda em dezembro de 2018, que resulta de uma parceria entre a Universidade do Minho (UMinho), atrav\u00e9s da Escola de Medicina (EM) e do seu Instituto de Investiga\u00e7\u00e3o em Ci\u00eancias da Vida e Sa\u00fade (ICVS), e a Alumni Medicina \u2013 N\u00facleo de Antigos Estudantes de Medicina da Universidade do Minho, a qual tem por objetivo o incremento do conhecimento cient\u00edfico e a promo\u00e7\u00e3o da inova\u00e7\u00e3o atrav\u00e9s do fomento de atividades cient\u00edficotecnol\u00f3gicas no \u00e2mbito das Ci\u00eancias da Vida e Sa\u00fade.","publisher":{"@id":"https:\/\/b-acis.pt\/pt-pt\/#organization"},"potentialAction":[{"@type":"SearchAction","target":{"@type":"EntryPoint","urlTemplate":"https:\/\/b-acis.pt\/pt-pt\/?s={search_term_string}"},"query-input":{"@type":"PropertyValueSpecification","valueRequired":true,"valueName":"search_term_string"}}],"inLanguage":"pt-PT"},{"@type":"Organization","@id":"https:\/\/b-acis.pt\/pt-pt\/#organization","name":"B\u2019ACIS \u2013 Associa\u00e7\u00e3o Ci\u00eancia, Inova\u00e7\u00e3o e Sa\u00fade","url":"https:\/\/b-acis.pt\/pt-pt\/","logo":{"@type":"ImageObject","inLanguage":"pt-PT","@id":"https:\/\/b-acis.pt\/pt-pt\/#\/schema\/logo\/image\/","url":"https:\/\/b-acis.pt\/wp-content\/uploads\/2021\/02\/logo_purple.svg","contentUrl":"https:\/\/b-acis.pt\/wp-content\/uploads\/2021\/02\/logo_purple.svg","width":1,"height":1,"caption":"B\u2019ACIS \u2013 Associa\u00e7\u00e3o Ci\u00eancia, Inova\u00e7\u00e3o e Sa\u00fade"},"image":{"@id":"https:\/\/b-acis.pt\/pt-pt\/#\/schema\/logo\/image\/"},"sameAs":["https:\/\/www.linkedin.com\/company\/bacis-center-for-health-innovation"]}]}},"_links":{"self":[{"href":"https:\/\/b-acis.pt\/pt-pt\/wp-json\/wp\/v2\/pages\/2115","targetHints":{"allow":["GET"]}}],"collection":[{"href":"https:\/\/b-acis.pt\/pt-pt\/wp-json\/wp\/v2\/pages"}],"about":[{"href":"https:\/\/b-acis.pt\/pt-pt\/wp-json\/wp\/v2\/types\/page"}],"author":[{"embeddable":true,"href":"https:\/\/b-acis.pt\/pt-pt\/wp-json\/wp\/v2\/users\/1"}],"replies":[{"embeddable":true,"href":"https:\/\/b-acis.pt\/pt-pt\/wp-json\/wp\/v2\/comments?post=2115"}],"version-history":[{"count":5,"href":"https:\/\/b-acis.pt\/pt-pt\/wp-json\/wp\/v2\/pages\/2115\/revisions"}],"predecessor-version":[{"id":2585,"href":"https:\/\/b-acis.pt\/pt-pt\/wp-json\/wp\/v2\/pages\/2115\/revisions\/2585"}],"wp:attachment":[{"href":"https:\/\/b-acis.pt\/pt-pt\/wp-json\/wp\/v2\/media?parent=2115"}],"curies":[{"name":"wp","href":"https:\/\/api.w.org\/{rel}","templated":true}]}}