{"id":2116,"date":"2020-11-23T14:14:45","date_gmt":"2020-11-23T14:14:45","guid":{"rendered":"https:\/\/b-acis.pt\/?page_id=2116"},"modified":"2022-05-23T14:04:28","modified_gmt":"2022-05-23T13:04:28","slug":"termos-e-condicoes","status":"publish","type":"page","link":"https:\/\/b-acis.pt\/pt-pt\/termos-e-condicoes\/","title":{"rendered":"Termos e Condi\u00e7\u00f5es"},"content":{"rendered":"<p>[vc_row row_height_percent=&#8221;0&#8243; override_padding=&#8221;yes&#8221; h_padding=&#8221;0&#8243; top_padding=&#8221;3&#8243; bottom_padding=&#8221;3&#8243; shift_y=&#8221;0&#8243; z_index=&#8221;0&#8243;][vc_column position_horizontal=&#8221;&#8221; align_horizontal=&#8221;text-lg-center&#8221; mobile_width=&#8221;0&#8243; shift_x=&#8221;0&#8243; shift_y=&#8221;0&#8243; z_index=&#8221;0&#8243; medium_width=&#8221;0&#8243; width=&#8221;1\/1&#8243;][vc_custom_heading auto_text=&#8221;yes&#8221; heading_semantic=&#8221;h1&#8243; text_size=&#8221;h1&#8243; text_weight=&#8221;font-weight-light&#8221; el_class=&#8221;alternative-font&#8221;]TERMS &amp; CONDITIONS[\/vc_custom_heading][\/vc_column][\/vc_row][vc_row row_height_percent=&#8221;0&#8243; override_padding=&#8221;yes&#8221; h_padding=&#8221;0&#8243; top_padding=&#8221;1&#8243; bottom_padding=&#8221;3&#8243; shift_y=&#8221;0&#8243; z_index=&#8221;0&#8243; el_class=&#8221;mb-adapt-6&#8243;][vc_column position_horizontal=&#8221;&#8221; mobile_visibility=&#8221;yes&#8221; mobile_width=&#8221;0&#8243; shift_x=&#8221;0&#8243; shift_y=&#8221;0&#8243; z_index=&#8221;0&#8243; medium_visibility=&#8221;yes&#8221; medium_width=&#8221;0&#8243; width=&#8221;1\/6&#8243;][\/vc_column][vc_column width=&#8221;2\/3&#8243;][vc_custom_heading text_size=&#8221;h3&#8243; text_weight=&#8221;font-weight-semi-bold&#8221; el_class=&#8221;mt-adapt-6&#8243;]About[\/vc_custom_heading][vc_column_text]The \u201cAssocia\u00e7\u00e3o Ci\u00eancia, Inova\u00e7\u00e3o e Sa\u00fade de Braga\u201d, Center for Health Innovation, hereinafter designated \u201cB.ACIS\u201d, is a non-profit association that has its scope of work in matters of innovation, advanced scientific training, and specialized research and development services. By accessing this website the user is accepting the terms and conditions described below.[\/vc_column_text][vc_custom_heading text_size=&#8221;h3&#8243; text_weight=&#8221;font-weight-semi-bold&#8221; el_class=&#8221;mt-adapt-6&#8243;]Structure and scope of the Website[\/vc_custom_heading][vc_column_text]This website is only accessed by its domain b-acis.pt for each B.ACIS is responsible. To access and navigate this website there will not be needed a login or any kind of registration process. It will only be required a name and e-mail contact in case the user wants to send a private message over the \u201cContact\u201d page.[\/vc_column_text][vc_custom_heading text_size=&#8221;h3&#8243; text_weight=&#8221;font-weight-semi-bold&#8221; el_class=&#8221;mt-adapt-6&#8243;]Revision and changes to Terms &amp; Conditions[\/vc_custom_heading][vc_column_text]B.ACIS is responsible for and has the right to alter this privacy policy as it sees it needed. Any change or update to this privacy policy will be published on the website. The users must regularly consult any changes on the information provided.[\/vc_column_text][vc_custom_heading text_size=&#8221;h3&#8243; text_weight=&#8221;font-weight-semi-bold&#8221; el_class=&#8221;mt-adapt-6&#8243;]Download or copy of contents[\/vc_custom_heading][vc_column_text]It is permitted to download any material available with a download option on the website. Any material available for download is property of B.ACIS or its partners so that any change or misappropriation of the contents will be reported to the competent authorities. If the user wants to copy or print any content provided on the B.ACIS website it must be asked for permission.[\/vc_column_text][vc_custom_heading text_size=&#8221;h3&#8243; text_weight=&#8221;font-weight-semi-bold&#8221; el_class=&#8221;mt-adapt-6&#8243;]Hyperlinks access[\/vc_custom_heading][vc_column_text]B.ACIS only provides hyperlinks for websites or platforms of its partners or collaborative institutions or enterprises for reference of support in specific events and services presented. B.ACIS is not responsible for the user&#8217;s activity on the platforms and websites directed by the hyperlinks accessed by the user. It is advised that the user is aware and analyses the respective terms and conditions of each webpage accessed.[\/vc_column_text][vc_custom_heading text_size=&#8221;h3&#8243; text_weight=&#8221;font-weight-semi-bold&#8221; el_class=&#8221;mt-adapt-6&#8243;]Access to the website[\/vc_custom_heading][vc_column_text]B.ACIS has committed to maintaining and monitored that this website is available for access at any time, although it is not responsible for any technical malfunction out of its expertise. In case the website is down and not available, B.ACIS commits to take as little time as possible to fix the issue. For any planned intervention, the website will present a notice.[\/vc_column_text][\/vc_column][vc_column position_horizontal=&#8221;&#8221; mobile_visibility=&#8221;yes&#8221; mobile_width=&#8221;0&#8243; shift_x=&#8221;0&#8243; shift_y=&#8221;0&#8243; z_index=&#8221;0&#8243; medium_visibility=&#8221;yes&#8221; medium_width=&#8221;0&#8243; width=&#8221;1\/6&#8243;][\/vc_column][\/vc_row]<\/p>\n","protected":false},"excerpt":{"rendered":"<p>[vc_row row_height_percent=&#8221;0&#8243; override_padding=&#8221;yes&#8221; h_padding=&#8221;0&#8243; top_padding=&#8221;3&#8243; bottom_padding=&#8221;3&#8243; shift_y=&#8221;0&#8243; z_index=&#8221;0&#8243;][vc_column position_horizontal=&#8221;&#8221; align_horizontal=&#8221;text-lg-center&#8221; mobile_width=&#8221;0&#8243; shift_x=&#8221;0&#8243; shift_y=&#8221;0&#8243; z_index=&#8221;0&#8243; medium_width=&#8221;0&#8243; width=&#8221;1\/1&#8243;][vc_custom_heading auto_text=&#8221;yes&#8221; heading_semantic=&#8221;h1&#8243; text_size=&#8221;h1&#8243; text_weight=&#8221;font-weight-light&#8221; el_class=&#8221;alternative-font&#8221;]TERMS &amp; CONDITIONS[\/vc_custom_heading][\/vc_column][\/vc_row][vc_row row_height_percent=&#8221;0&#8243; override_padding=&#8221;yes&#8221; h_padding=&#8221;0&#8243; top_padding=&#8221;1&#8243; bottom_padding=&#8221;3&#8243; shift_y=&#8221;0&#8243; z_index=&#8221;0&#8243; el_class=&#8221;mb-adapt-6&#8243;][vc_column position_horizontal=&#8221;&#8221; mobile_visibility=&#8221;yes&#8221; mobile_width=&#8221;0&#8243; shift_x=&#8221;0&#8243; shift_y=&#8221;0&#8243; z_index=&#8221;0&#8243; medium_visibility=&#8221;yes&#8221; medium_width=&#8221;0&#8243; width=&#8221;1\/6&#8243;][\/vc_column][vc_column width=&#8221;2\/3&#8243;][vc_custom_heading text_size=&#8221;h3&#8243; text_weight=&#8221;font-weight-semi-bold&#8221; el_class=&#8221;mt-adapt-6&#8243;]About[\/vc_custom_heading][vc_column_text]The \u201cAssocia\u00e7\u00e3o Ci\u00eancia, Inova\u00e7\u00e3o e Sa\u00fade de Braga\u201d, Center for Health Innovation, [&hellip;]<\/p>\n","protected":false},"author":1,"featured_media":0,"parent":0,"menu_order":0,"comment_status":"closed","ping_status":"closed","template":"","meta":{"footnotes":""},"class_list":["post-2116","page","type-page","status-publish","hentry"],"yoast_head":"<!-- This site is optimized with the Yoast SEO plugin v27.0 - https:\/\/yoast.com\/product\/yoast-seo-wordpress\/ -->\n<title>Termos e Condi\u00e7\u00f5es - B.ACIS \u2013 Center for Health Innovation<\/title>\n<meta name=\"robots\" content=\"index, follow, max-snippet:-1, max-image-preview:large, max-video-preview:-1\" \/>\n<link rel=\"canonical\" href=\"https:\/\/b-acis.pt\/pt-pt\/termos-e-condicoes\/\" \/>\n<meta property=\"og:locale\" content=\"pt_PT\" \/>\n<meta property=\"og:type\" content=\"article\" \/>\n<meta property=\"og:title\" content=\"Termos e Condi\u00e7\u00f5es - B.ACIS \u2013 Center for Health Innovation\" \/>\n<meta property=\"og:description\" content=\"[vc_row row_height_percent=&#8221;0&#8243; override_padding=&#8221;yes&#8221; h_padding=&#8221;0&#8243; top_padding=&#8221;3&#8243; bottom_padding=&#8221;3&#8243; shift_y=&#8221;0&#8243; z_index=&#8221;0&#8243;][vc_column position_horizontal=&#8221;&#8221; align_horizontal=&#8221;text-lg-center&#8221; mobile_width=&#8221;0&#8243; shift_x=&#8221;0&#8243; shift_y=&#8221;0&#8243; z_index=&#8221;0&#8243; medium_width=&#8221;0&#8243; width=&#8221;1\/1&#8243;][vc_custom_heading auto_text=&#8221;yes&#8221; heading_semantic=&#8221;h1&#8243; text_size=&#8221;h1&#8243; text_weight=&#8221;font-weight-light&#8221; el_class=&#8221;alternative-font&#8221;]TERMS &amp; CONDITIONS[\/vc_custom_heading][\/vc_column][\/vc_row][vc_row row_height_percent=&#8221;0&#8243; override_padding=&#8221;yes&#8221; h_padding=&#8221;0&#8243; top_padding=&#8221;1&#8243; bottom_padding=&#8221;3&#8243; shift_y=&#8221;0&#8243; z_index=&#8221;0&#8243; el_class=&#8221;mb-adapt-6&#8243;][vc_column position_horizontal=&#8221;&#8221; mobile_visibility=&#8221;yes&#8221; mobile_width=&#8221;0&#8243; shift_x=&#8221;0&#8243; shift_y=&#8221;0&#8243; z_index=&#8221;0&#8243; medium_visibility=&#8221;yes&#8221; medium_width=&#8221;0&#8243; width=&#8221;1\/6&#8243;][\/vc_column][vc_column width=&#8221;2\/3&#8243;][vc_custom_heading text_size=&#8221;h3&#8243; text_weight=&#8221;font-weight-semi-bold&#8221; el_class=&#8221;mt-adapt-6&#8243;]About[\/vc_custom_heading][vc_column_text]The \u201cAssocia\u00e7\u00e3o Ci\u00eancia, Inova\u00e7\u00e3o e Sa\u00fade de Braga\u201d, Center for Health Innovation, [&hellip;]\" \/>\n<meta property=\"og:url\" content=\"https:\/\/b-acis.pt\/pt-pt\/termos-e-condicoes\/\" \/>\n<meta property=\"og:site_name\" content=\"B.ACIS \u2013 Center for Health Innovation\" \/>\n<meta property=\"article:modified_time\" content=\"2022-05-23T13:04:28+00:00\" \/>\n<meta name=\"twitter:card\" content=\"summary_large_image\" \/>\n<meta name=\"twitter:label1\" content=\"Tempo estimado de leitura\" \/>\n\t<meta name=\"twitter:data1\" content=\"2 minutos\" \/>\n<script type=\"application\/ld+json\" class=\"yoast-schema-graph\">{\"@context\":\"https:\/\/schema.org\",\"@graph\":[{\"@type\":\"WebPage\",\"@id\":\"https:\/\/b-acis.pt\/pt-pt\/termos-e-condicoes\/\",\"url\":\"https:\/\/b-acis.pt\/pt-pt\/termos-e-condicoes\/\",\"name\":\"Termos e Condi\u00e7\u00f5es - B.ACIS \u2013 Center for Health Innovation\",\"isPartOf\":{\"@id\":\"https:\/\/b-acis.pt\/pt-pt\/#website\"},\"datePublished\":\"2020-11-23T14:14:45+00:00\",\"dateModified\":\"2022-05-23T13:04:28+00:00\",\"breadcrumb\":{\"@id\":\"https:\/\/b-acis.pt\/pt-pt\/termos-e-condicoes\/#breadcrumb\"},\"inLanguage\":\"pt-PT\",\"potentialAction\":[{\"@type\":\"ReadAction\",\"target\":[\"https:\/\/b-acis.pt\/pt-pt\/termos-e-condicoes\/\"]}]},{\"@type\":\"BreadcrumbList\",\"@id\":\"https:\/\/b-acis.pt\/pt-pt\/termos-e-condicoes\/#breadcrumb\",\"itemListElement\":[{\"@type\":\"ListItem\",\"position\":1,\"name\":\"Home\",\"item\":\"https:\/\/b-acis.pt\/pt-pt\/\"},{\"@type\":\"ListItem\",\"position\":2,\"name\":\"Termos e Condi\u00e7\u00f5es\"}]},{\"@type\":\"WebSite\",\"@id\":\"https:\/\/b-acis.pt\/pt-pt\/#website\",\"url\":\"https:\/\/b-acis.pt\/pt-pt\/\",\"name\":\"B.ACIS \u2013 Center for Health Innovation\",\"description\":\"A B\u2019ACIS \u2013 Associa\u00e7\u00e3o Ci\u00eancia, Inova\u00e7\u00e3o e Sa\u00fade \u2013 Braga \u00e9 uma associa\u00e7\u00e3o de direito privado, sem fins lucrativos, constitu\u00edda em dezembro de 2018, que resulta de uma parceria entre a Universidade do Minho (UMinho), atrav\u00e9s da Escola de Medicina (EM) e do seu Instituto de Investiga\u00e7\u00e3o em Ci\u00eancias da Vida e Sa\u00fade (ICVS), e a Alumni Medicina \u2013 N\u00facleo de Antigos Estudantes de Medicina da Universidade do Minho, a qual tem por objetivo o incremento do conhecimento cient\u00edfico e a promo\u00e7\u00e3o da inova\u00e7\u00e3o atrav\u00e9s do fomento de atividades cient\u00edficotecnol\u00f3gicas no \u00e2mbito das Ci\u00eancias da Vida e Sa\u00fade.\",\"publisher\":{\"@id\":\"https:\/\/b-acis.pt\/pt-pt\/#organization\"},\"potentialAction\":[{\"@type\":\"SearchAction\",\"target\":{\"@type\":\"EntryPoint\",\"urlTemplate\":\"https:\/\/b-acis.pt\/pt-pt\/?s={search_term_string}\"},\"query-input\":{\"@type\":\"PropertyValueSpecification\",\"valueRequired\":true,\"valueName\":\"search_term_string\"}}],\"inLanguage\":\"pt-PT\"},{\"@type\":\"Organization\",\"@id\":\"https:\/\/b-acis.pt\/pt-pt\/#organization\",\"name\":\"B\u2019ACIS \u2013 Associa\u00e7\u00e3o Ci\u00eancia, Inova\u00e7\u00e3o e Sa\u00fade\",\"url\":\"https:\/\/b-acis.pt\/pt-pt\/\",\"logo\":{\"@type\":\"ImageObject\",\"inLanguage\":\"pt-PT\",\"@id\":\"https:\/\/b-acis.pt\/pt-pt\/#\/schema\/logo\/image\/\",\"url\":\"https:\/\/b-acis.pt\/wp-content\/uploads\/2021\/02\/logo_purple.svg\",\"contentUrl\":\"https:\/\/b-acis.pt\/wp-content\/uploads\/2021\/02\/logo_purple.svg\",\"width\":1,\"height\":1,\"caption\":\"B\u2019ACIS \u2013 Associa\u00e7\u00e3o Ci\u00eancia, Inova\u00e7\u00e3o e Sa\u00fade\"},\"image\":{\"@id\":\"https:\/\/b-acis.pt\/pt-pt\/#\/schema\/logo\/image\/\"},\"sameAs\":[\"https:\/\/www.linkedin.com\/company\/bacis-center-for-health-innovation\"]}]}<\/script>\n<!-- \/ Yoast SEO plugin. -->","yoast_head_json":{"title":"Termos e Condi\u00e7\u00f5es - B.ACIS \u2013 Center for Health Innovation","robots":{"index":"index","follow":"follow","max-snippet":"max-snippet:-1","max-image-preview":"max-image-preview:large","max-video-preview":"max-video-preview:-1"},"canonical":"https:\/\/b-acis.pt\/pt-pt\/termos-e-condicoes\/","og_locale":"pt_PT","og_type":"article","og_title":"Termos e Condi\u00e7\u00f5es - B.ACIS \u2013 Center for Health Innovation","og_description":"[vc_row row_height_percent=&#8221;0&#8243; override_padding=&#8221;yes&#8221; h_padding=&#8221;0&#8243; top_padding=&#8221;3&#8243; bottom_padding=&#8221;3&#8243; shift_y=&#8221;0&#8243; z_index=&#8221;0&#8243;][vc_column position_horizontal=&#8221;&#8221; align_horizontal=&#8221;text-lg-center&#8221; mobile_width=&#8221;0&#8243; shift_x=&#8221;0&#8243; shift_y=&#8221;0&#8243; z_index=&#8221;0&#8243; medium_width=&#8221;0&#8243; width=&#8221;1\/1&#8243;][vc_custom_heading auto_text=&#8221;yes&#8221; heading_semantic=&#8221;h1&#8243; text_size=&#8221;h1&#8243; text_weight=&#8221;font-weight-light&#8221; el_class=&#8221;alternative-font&#8221;]TERMS &amp; CONDITIONS[\/vc_custom_heading][\/vc_column][\/vc_row][vc_row row_height_percent=&#8221;0&#8243; override_padding=&#8221;yes&#8221; h_padding=&#8221;0&#8243; top_padding=&#8221;1&#8243; bottom_padding=&#8221;3&#8243; shift_y=&#8221;0&#8243; z_index=&#8221;0&#8243; el_class=&#8221;mb-adapt-6&#8243;][vc_column position_horizontal=&#8221;&#8221; mobile_visibility=&#8221;yes&#8221; mobile_width=&#8221;0&#8243; shift_x=&#8221;0&#8243; shift_y=&#8221;0&#8243; z_index=&#8221;0&#8243; medium_visibility=&#8221;yes&#8221; medium_width=&#8221;0&#8243; width=&#8221;1\/6&#8243;][\/vc_column][vc_column width=&#8221;2\/3&#8243;][vc_custom_heading text_size=&#8221;h3&#8243; text_weight=&#8221;font-weight-semi-bold&#8221; el_class=&#8221;mt-adapt-6&#8243;]About[\/vc_custom_heading][vc_column_text]The \u201cAssocia\u00e7\u00e3o Ci\u00eancia, Inova\u00e7\u00e3o e Sa\u00fade de Braga\u201d, Center for Health Innovation, [&hellip;]","og_url":"https:\/\/b-acis.pt\/pt-pt\/termos-e-condicoes\/","og_site_name":"B.ACIS \u2013 Center for Health Innovation","article_modified_time":"2022-05-23T13:04:28+00:00","twitter_card":"summary_large_image","twitter_misc":{"Tempo estimado de leitura":"2 minutos"},"schema":{"@context":"https:\/\/schema.org","@graph":[{"@type":"WebPage","@id":"https:\/\/b-acis.pt\/pt-pt\/termos-e-condicoes\/","url":"https:\/\/b-acis.pt\/pt-pt\/termos-e-condicoes\/","name":"Termos e Condi\u00e7\u00f5es - B.ACIS \u2013 Center for Health Innovation","isPartOf":{"@id":"https:\/\/b-acis.pt\/pt-pt\/#website"},"datePublished":"2020-11-23T14:14:45+00:00","dateModified":"2022-05-23T13:04:28+00:00","breadcrumb":{"@id":"https:\/\/b-acis.pt\/pt-pt\/termos-e-condicoes\/#breadcrumb"},"inLanguage":"pt-PT","potentialAction":[{"@type":"ReadAction","target":["https:\/\/b-acis.pt\/pt-pt\/termos-e-condicoes\/"]}]},{"@type":"BreadcrumbList","@id":"https:\/\/b-acis.pt\/pt-pt\/termos-e-condicoes\/#breadcrumb","itemListElement":[{"@type":"ListItem","position":1,"name":"Home","item":"https:\/\/b-acis.pt\/pt-pt\/"},{"@type":"ListItem","position":2,"name":"Termos e Condi\u00e7\u00f5es"}]},{"@type":"WebSite","@id":"https:\/\/b-acis.pt\/pt-pt\/#website","url":"https:\/\/b-acis.pt\/pt-pt\/","name":"B.ACIS \u2013 Center for Health Innovation","description":"A B\u2019ACIS \u2013 Associa\u00e7\u00e3o Ci\u00eancia, Inova\u00e7\u00e3o e Sa\u00fade \u2013 Braga \u00e9 uma associa\u00e7\u00e3o de direito privado, sem fins lucrativos, constitu\u00edda em dezembro de 2018, que resulta de uma parceria entre a Universidade do Minho (UMinho), atrav\u00e9s da Escola de Medicina (EM) e do seu Instituto de Investiga\u00e7\u00e3o em Ci\u00eancias da Vida e Sa\u00fade (ICVS), e a Alumni Medicina \u2013 N\u00facleo de Antigos Estudantes de Medicina da Universidade do Minho, a qual tem por objetivo o incremento do conhecimento cient\u00edfico e a promo\u00e7\u00e3o da inova\u00e7\u00e3o atrav\u00e9s do fomento de atividades cient\u00edficotecnol\u00f3gicas no \u00e2mbito das Ci\u00eancias da Vida e Sa\u00fade.","publisher":{"@id":"https:\/\/b-acis.pt\/pt-pt\/#organization"},"potentialAction":[{"@type":"SearchAction","target":{"@type":"EntryPoint","urlTemplate":"https:\/\/b-acis.pt\/pt-pt\/?s={search_term_string}"},"query-input":{"@type":"PropertyValueSpecification","valueRequired":true,"valueName":"search_term_string"}}],"inLanguage":"pt-PT"},{"@type":"Organization","@id":"https:\/\/b-acis.pt\/pt-pt\/#organization","name":"B\u2019ACIS \u2013 Associa\u00e7\u00e3o Ci\u00eancia, Inova\u00e7\u00e3o e Sa\u00fade","url":"https:\/\/b-acis.pt\/pt-pt\/","logo":{"@type":"ImageObject","inLanguage":"pt-PT","@id":"https:\/\/b-acis.pt\/pt-pt\/#\/schema\/logo\/image\/","url":"https:\/\/b-acis.pt\/wp-content\/uploads\/2021\/02\/logo_purple.svg","contentUrl":"https:\/\/b-acis.pt\/wp-content\/uploads\/2021\/02\/logo_purple.svg","width":1,"height":1,"caption":"B\u2019ACIS \u2013 Associa\u00e7\u00e3o Ci\u00eancia, Inova\u00e7\u00e3o e Sa\u00fade"},"image":{"@id":"https:\/\/b-acis.pt\/pt-pt\/#\/schema\/logo\/image\/"},"sameAs":["https:\/\/www.linkedin.com\/company\/bacis-center-for-health-innovation"]}]}},"_links":{"self":[{"href":"https:\/\/b-acis.pt\/pt-pt\/wp-json\/wp\/v2\/pages\/2116","targetHints":{"allow":["GET"]}}],"collection":[{"href":"https:\/\/b-acis.pt\/pt-pt\/wp-json\/wp\/v2\/pages"}],"about":[{"href":"https:\/\/b-acis.pt\/pt-pt\/wp-json\/wp\/v2\/types\/page"}],"author":[{"embeddable":true,"href":"https:\/\/b-acis.pt\/pt-pt\/wp-json\/wp\/v2\/users\/1"}],"replies":[{"embeddable":true,"href":"https:\/\/b-acis.pt\/pt-pt\/wp-json\/wp\/v2\/comments?post=2116"}],"version-history":[{"count":2,"href":"https:\/\/b-acis.pt\/pt-pt\/wp-json\/wp\/v2\/pages\/2116\/revisions"}],"predecessor-version":[{"id":2143,"href":"https:\/\/b-acis.pt\/pt-pt\/wp-json\/wp\/v2\/pages\/2116\/revisions\/2143"}],"wp:attachment":[{"href":"https:\/\/b-acis.pt\/pt-pt\/wp-json\/wp\/v2\/media?parent=2116"}],"curies":[{"name":"wp","href":"https:\/\/api.w.org\/{rel}","templated":true}]}}