{"id":3687,"date":"2023-09-28T12:20:41","date_gmt":"2023-09-28T11:20:41","guid":{"rendered":"https:\/\/b-acis.pt\/?page_id=3687"},"modified":"2023-10-31T12:44:28","modified_gmt":"2023-10-31T12:44:28","slug":"projetos","status":"publish","type":"page","link":"https:\/\/b-acis.pt\/pt-pt\/projetos\/","title":{"rendered":"Projetos"},"content":{"rendered":"<p>[vc_row unlock_row_content=&#8221;yes&#8221; row_height_percent=&#8221;0&#8243; columns_gutter=&#8221;&#8221; override_padding=&#8221;yes&#8221; h_padding=&#8221;0&#8243; top_padding=&#8221;0&#8243; bottom_padding=&#8221;1&#8243; desktop_visibility=&#8221;yes&#8221; mobile_visibility=&#8221;yes&#8221; shift_y=&#8221;0&#8243; z_index=&#8221;0&#8243;][vc_column position_horizontal=&#8221;&#8221; position_vertical=&#8221;d-md-flex align-items-md-center&#8221; mobile_width=&#8221;0&#8243; shift_x=&#8221;0&#8243; shift_y=&#8221;0&#8243; z_index=&#8221;0&#8243; width=&#8221;1\/1&#8243; el_class=&#8221;pt-adapt-6 pb-adapt-6&#8243; mobile_order=&#8221;2&#8243;]<div class=\"slick-container\">\n\t\t\t<div id=\"banner-1586552190\" class=\"slick-banners full_height\" data-append-arrows=\"\" data-append-text=\"\" data-items-desk=\"1\" data-items-desk2=\"1\" data-items-tablet=\"1\" data-items-mobile=\"1\"><div class=\"banners_slide\">\n\t\t\t\t<div class=\"banner_container\"><picture><div class=\"aspectRatioPlaceholder tablet-hidden mobile-hidden\" style=\"margin:auto;\">\n\t\t\t\t\t\t\t\t<div class=\"fill\" style=\"padding-bottom: 33.854166666667%\"><\/div>\n\t\t\t\t\t\t\t<\/div><div class=\"aspectRatioPlaceholder desktop-hidden\" style=\"margin:auto; min-height:250px\">\n\t\t\t\t\t\t\t\t<div class=\"fill\" style=\"padding-bottom: 33.854166666667%\"><\/div>\n\t\t\t\t\t\t\t<\/div><span role=\"img\" aria-label=\"Innovation and Entrepreneurship | Researchers and Inventors of B.ACIS Center for Health Innovation\" class=\"banners_img has_bg\" bg-srcset=\"https:\/\/b-acis.pt\/wp-content\/uploads\/2021\/03\/INOV1-scaled.jpg 770w align_center_center, https:\/\/b-acis.pt\/wp-content\/uploads\/2021\/03\/INOV1-scaled.jpg align_center_center\" style=\"background-image: url(https:\/\/b-acis.pt\/wp-content\/uploads\/2021\/03\/INOV1-scaled.jpg)\"><\/span><\/picture><figcaption class=\"banner_content style-white\">\n\t\t\t\t\t\t\t<div data-parent=\"true\" class=\"vc_row row-container\">\n\t\t\t\t\t\t\t\t<div class=\"container\">\n\t\t\t\t\t\t\t\t\t<div class=\"row row-parent\">\n\t\t\t\t\t\t\t\t\t\t<div class=\"vc_column column_parent col-12\">\n\t\t\t\t\t\t\t\t\t\t\t<div class=\"d-block w-100\">\n\t\t\t\t\t\t\t\t\t\t\t\t\n\t\t\t\t\t\t\t\t\t\t\t<\/div>\n\t\t\t\t\t\t\t\t\t\t<\/div>\n\t\t\t\t\t\t\t\t\t<\/div>\n\t\t\t\t\t\t\t\t<\/div>\n\t\t\t\t\t\t\t<\/div> \n\t\t\t\t\t\t<\/figcaption><\/div> \n\t\t\t<\/div><div class=\"banners_slide\">\n\t\t\t\t<div class=\"banner_container\"><picture><div class=\"aspectRatioPlaceholder tablet-hidden mobile-hidden\" style=\"margin:auto;\">\n\t\t\t\t\t\t\t\t<div class=\"fill\" style=\"padding-bottom: 33.854166666667%\"><\/div>\n\t\t\t\t\t\t\t<\/div><div class=\"aspectRatioPlaceholder desktop-hidden\" style=\"margin:auto; min-height:250px\">\n\t\t\t\t\t\t\t\t<div class=\"fill\" style=\"padding-bottom: 33.854166666667%\"><\/div>\n\t\t\t\t\t\t\t<\/div><span role=\"img\" aria-label=\"Innovation and Entrepreneurship | Researchers and Inventors of B.ACIS Center for Health Innovation\" class=\"banners_img has_bg\" bg-srcset=\"https:\/\/b-acis.pt\/wp-content\/uploads\/2021\/03\/INOV2.jpg 770w align_center_center, https:\/\/b-acis.pt\/wp-content\/uploads\/2021\/03\/INOV2.jpg align_center_center\" style=\"background-image: url(https:\/\/b-acis.pt\/wp-content\/uploads\/2021\/03\/INOV2.jpg)\"><\/span><\/picture><figcaption class=\"banner_content style-white\">\n\t\t\t\t\t\t\t<div data-parent=\"true\" class=\"vc_row row-container\">\n\t\t\t\t\t\t\t\t<div class=\"container\">\n\t\t\t\t\t\t\t\t\t<div class=\"row row-parent\">\n\t\t\t\t\t\t\t\t\t\t<div class=\"vc_column column_parent col-12\">\n\t\t\t\t\t\t\t\t\t\t\t<div class=\"d-block w-100\">\n\t\t\t\t\t\t\t\t\t\t\t\t\n\t\t\t\t\t\t\t\t\t\t\t<\/div>\n\t\t\t\t\t\t\t\t\t\t<\/div>\n\t\t\t\t\t\t\t\t\t<\/div>\n\t\t\t\t\t\t\t\t<\/div>\n\t\t\t\t\t\t\t<\/div> \n\t\t\t\t\t\t<\/figcaption><\/div> \n\t\t\t<\/div><div class=\"banners_slide\">\n\t\t\t\t<div class=\"banner_container\"><picture><div class=\"aspectRatioPlaceholder tablet-hidden mobile-hidden\" style=\"margin:auto;\">\n\t\t\t\t\t\t\t\t<div class=\"fill\" style=\"padding-bottom: 33.854166666667%\"><\/div>\n\t\t\t\t\t\t\t<\/div><div class=\"aspectRatioPlaceholder desktop-hidden\" style=\"margin:auto; min-height:250px\">\n\t\t\t\t\t\t\t\t<div class=\"fill\" style=\"padding-bottom: 33.854166666667%\"><\/div>\n\t\t\t\t\t\t\t<\/div><span role=\"img\" aria-label=\"Innovation and Entrepreneurship | Researchers and Inventors of B.ACIS Center for Health Innovation\" class=\"banners_img has_bg\" bg-srcset=\"https:\/\/b-acis.pt\/wp-content\/uploads\/2021\/03\/INOV3-scaled.jpg 770w align_center_center, https:\/\/b-acis.pt\/wp-content\/uploads\/2021\/03\/INOV3-scaled.jpg align_center_center\" style=\"background-image: url(https:\/\/b-acis.pt\/wp-content\/uploads\/2021\/03\/INOV3-scaled.jpg)\"><\/span><\/picture><figcaption class=\"banner_content style-white\">\n\t\t\t\t\t\t\t<div data-parent=\"true\" class=\"vc_row row-container\">\n\t\t\t\t\t\t\t\t<div class=\"container\">\n\t\t\t\t\t\t\t\t\t<div class=\"row row-parent\">\n\t\t\t\t\t\t\t\t\t\t<div class=\"vc_column column_parent col-12\">\n\t\t\t\t\t\t\t\t\t\t\t<div class=\"d-block w-100\">\n\t\t\t\t\t\t\t\t\t\t\t\t\n\t\t\t\t\t\t\t\t\t\t\t<\/div>\n\t\t\t\t\t\t\t\t\t\t<\/div>\n\t\t\t\t\t\t\t\t\t<\/div>\n\t\t\t\t\t\t\t\t<\/div>\n\t\t\t\t\t\t\t<\/div> \n\t\t\t\t\t\t<\/figcaption><\/div> \n\t\t\t<\/div><\/div>\n\t\t\t\n\t\t<\/div>[\/vc_column][\/vc_row][vc_row row_height_percent=&#8221;0&#8243; override_padding=&#8221;yes&#8221; h_padding=&#8221;0&#8243; top_padding=&#8221;1&#8243; bottom_padding=&#8221;1&#8243; shift_y=&#8221;0&#8243; z_index=&#8221;0&#8243;][vc_column position_horizontal=&#8221;&#8221; position_vertical=&#8221;d-md-flex align-items-md-center&#8221; mobile_width=&#8221;0&#8243; shift_x=&#8221;0&#8243; shift_y=&#8221;0&#8243; z_index=&#8221;0&#8243; width=&#8221;1\/1&#8243; el_class=&#8221;pt-adapt-6 pb-adapt-6&#8243; mobile_order=&#8221;2&#8243;][vc_custom_heading heading_semantic=&#8221;h1&#8243; text_weight=&#8221;font-weight-bold&#8221; text_color=&#8221;#45226c&#8221; max_width=&#8221;460px&#8221; el_class=&#8221;mt-adapt-4&#8243;]Projetos<span style=\"color: #e40050;\">.<\/span>[\/vc_custom_heading][vc_column_text el_class=&#8221;mt-adapt-4&#8243; max_width=&#8221;440px&#8221;]Iniciativas e colabora\u00e7\u00f5es.[\/vc_column_text][\/vc_column][\/vc_row][vc_row unlock_row_content=&#8221;yes&#8221; row_height_percent=&#8221;0&#8243; columns_gutter=&#8221;&#8221; override_padding=&#8221;yes&#8221; h_padding=&#8221;0&#8243; top_padding=&#8221;4&#8243; bottom_padding=&#8221;3&#8243; shift_y=&#8221;0&#8243; z_index=&#8221;0&#8243;][vc_column width=&#8221;1\/1&#8243;][vc_row_inner row_height_percent=&#8221;0&#8243; override_padding=&#8221;yes&#8221; h_padding=&#8221;0&#8243; top_padding=&#8221;1&#8243; bottom_padding=&#8221;1&#8243; shift_y=&#8221;0&#8243; z_index=&#8221;0&#8243;][vc_column_inner width=&#8221;4\/12&#8243;][vc_single_image media=&#8221;3693&#8243;][\/vc_single_image][\/vc_column_inner][vc_column_inner width=&#8221;1\/12&#8243;][\/vc_column_inner][vc_column_inner position_horizontal=&#8221;&#8221; position_vertical=&#8221;d-md-flex align-items-md-center&#8221; mobile_width=&#8221;0&#8243; shift_x=&#8221;0&#8243; shift_y=&#8221;0&#8243; z_index=&#8221;0&#8243; width=&#8221;6\/12&#8243;][vc_btn display=&#8221;inline-block&#8221; id=&#8221;ahdpi3bby&#8221; el_class=&#8221;align-middle mt-adapt-6&#8243; link=&#8221;url:%20https%3A%2F%2Fb-acis.pt%2Fpt-pt%2Fficha-tecnica-acceleramed|title:Contact|target:_blank&#8221;]Ficha T\u00e9cnica[\/vc_btn][vc_empty_space empty_h=&#8221;1&#8243;][vc_btn display=&#8221;inline-block&#8221; id=&#8221;ahdpi3bby&#8221; el_class=&#8221;align-middle mt-adapt-6&#8243; link=&#8221;url:https%3A%2F%2Facceleramed.pt%2F|title:Contact|target:_blank&#8221;]Saber mais[\/vc_btn][\/vc_column_inner][vc_column_inner width=&#8221;1\/12&#8243;][\/vc_column_inner][\/vc_row_inner][\/vc_column][\/vc_row][vc_row][vc_column width=&#8221;1\/1&#8243;][vc_separator icon_position=&#8221;left&#8221; type=&#8221;dotted&#8221; sep_color=&#8221;#e2e2e2&#8243;][\/vc_column][\/vc_row][vc_row unlock_row_content=&#8221;yes&#8221; row_height_percent=&#8221;0&#8243; columns_gutter=&#8221;&#8221; override_padding=&#8221;yes&#8221; h_padding=&#8221;0&#8243; top_padding=&#8221;3&#8243; bottom_padding=&#8221;4&#8243; shift_y=&#8221;0&#8243; z_index=&#8221;0&#8243;][vc_column width=&#8221;1\/1&#8243;][vc_row_inner row_height_percent=&#8221;0&#8243; override_padding=&#8221;yes&#8221; h_padding=&#8221;0&#8243; top_padding=&#8221;1&#8243; bottom_padding=&#8221;1&#8243; shift_y=&#8221;0&#8243; z_index=&#8221;0&#8243;][vc_column_inner width=&#8221;4\/12&#8243;][vc_single_image media=&#8221;3782&#8243;][\/vc_single_image][\/vc_column_inner][vc_column_inner width=&#8221;1\/12&#8243;][\/vc_column_inner][vc_column_inner position_horizontal=&#8221;&#8221; position_vertical=&#8221;d-md-flex align-items-md-center&#8221; mobile_width=&#8221;0&#8243; shift_x=&#8221;0&#8243; shift_y=&#8221;0&#8243; z_index=&#8221;0&#8243; width=&#8221;6\/12&#8243;][vc_btn display=&#8221;inline-block&#8221; id=&#8221;ahdpi3bby&#8221; el_class=&#8221;align-middle mt-adapt-6&#8243; link=&#8221;url:https%3A%2F%2Fb-acis.pt%2Fpt-pt%2Fficha-tecnica-hfpt%2F|title:Contact|target:_blank&#8221;]Ficha T\u00e9cnica[\/vc_btn][vc_empty_space empty_h=&#8221;1&#8243;][vc_btn display=&#8221;inline-block&#8221; id=&#8221;ahdpi3bby&#8221; el_class=&#8221;align-middle mt-adapt-6&#8243; link=&#8221;url:https%3A%2F%2Fwww.healthportugal.com%2Fen%2F|target:_blank&#8221;]Saber mais[\/vc_btn][\/vc_column_inner][vc_column_inner width=&#8221;1\/12&#8243;][\/vc_column_inner][\/vc_row_inner][\/vc_column][\/vc_row]<\/p>\n","protected":false},"excerpt":{"rendered":"<p>[vc_row unlock_row_content=&#8221;yes&#8221; row_height_percent=&#8221;0&#8243; columns_gutter=&#8221;&#8221; override_padding=&#8221;yes&#8221; h_padding=&#8221;0&#8243; top_padding=&#8221;0&#8243; bottom_padding=&#8221;1&#8243; desktop_visibility=&#8221;yes&#8221; mobile_visibility=&#8221;yes&#8221; shift_y=&#8221;0&#8243; z_index=&#8221;0&#8243;][vc_column position_horizontal=&#8221;&#8221; position_vertical=&#8221;d-md-flex align-items-md-center&#8221; mobile_width=&#8221;0&#8243; shift_x=&#8221;0&#8243; shift_y=&#8221;0&#8243; z_index=&#8221;0&#8243; width=&#8221;1\/1&#8243; el_class=&#8221;pt-adapt-6 pb-adapt-6&#8243; mobile_order=&#8221;2&#8243;][\/vc_column][\/vc_row][vc_row row_height_percent=&#8221;0&#8243; override_padding=&#8221;yes&#8221; h_padding=&#8221;0&#8243; top_padding=&#8221;1&#8243; bottom_padding=&#8221;1&#8243; shift_y=&#8221;0&#8243; z_index=&#8221;0&#8243;][vc_column position_horizontal=&#8221;&#8221; position_vertical=&#8221;d-md-flex align-items-md-center&#8221; mobile_width=&#8221;0&#8243; shift_x=&#8221;0&#8243; shift_y=&#8221;0&#8243; z_index=&#8221;0&#8243; width=&#8221;1\/1&#8243; el_class=&#8221;pt-adapt-6 pb-adapt-6&#8243; mobile_order=&#8221;2&#8243;][vc_custom_heading heading_semantic=&#8221;h1&#8243; text_weight=&#8221;font-weight-bold&#8221; text_color=&#8221;#45226c&#8221; max_width=&#8221;460px&#8221; el_class=&#8221;mt-adapt-4&#8243;]Projetos.[\/vc_custom_heading][vc_column_text el_class=&#8221;mt-adapt-4&#8243; max_width=&#8221;440px&#8221;]Iniciativas e colabora\u00e7\u00f5es.[\/vc_column_text][\/vc_column][\/vc_row][vc_row unlock_row_content=&#8221;yes&#8221; row_height_percent=&#8221;0&#8243; columns_gutter=&#8221;&#8221; override_padding=&#8221;yes&#8221; h_padding=&#8221;0&#8243; [&hellip;]<\/p>\n","protected":false},"author":3,"featured_media":0,"parent":0,"menu_order":0,"comment_status":"closed","ping_status":"closed","template":"","meta":{"footnotes":""},"class_list":["post-3687","page","type-page","status-publish","hentry"],"yoast_head":"<!-- This site is optimized with the Yoast SEO plugin v27.0 - https:\/\/yoast.com\/product\/yoast-seo-wordpress\/ -->\n<title>Projetos | B.ACIS Center for Health Innovation - Braga<\/title>\n<meta name=\"description\" content=\"Iniciativas e colabora\u00e7\u00f5es.\" \/>\n<meta name=\"robots\" content=\"index, follow, max-snippet:-1, max-image-preview:large, max-video-preview:-1\" \/>\n<link rel=\"canonical\" href=\"https:\/\/b-acis.pt\/pt-pt\/projetos\/\" \/>\n<meta property=\"og:locale\" content=\"pt_PT\" \/>\n<meta property=\"og:type\" content=\"article\" \/>\n<meta property=\"og:title\" content=\"Innovation | B.ACIS Center for Health Innovation - Braga\" \/>\n<meta property=\"og:description\" content=\"We offer innovation and entrepreneurship programs where we support startup creation and the whole community to exploit Intellectual Property.\" \/>\n<meta property=\"og:url\" content=\"https:\/\/b-acis.pt\/pt-pt\/projetos\/\" \/>\n<meta property=\"og:site_name\" content=\"B.ACIS \u2013 Center for Health Innovation\" \/>\n<meta property=\"article:modified_time\" content=\"2023-10-31T12:44:28+00:00\" \/>\n<meta property=\"og:image\" content=\"https:\/\/b-acis.pt\/wp-content\/uploads\/2020\/12\/Research.png\" \/>\n\t<meta property=\"og:image:width\" content=\"557\" \/>\n\t<meta property=\"og:image:height\" content=\"536\" \/>\n\t<meta property=\"og:image:type\" content=\"image\/png\" \/>\n<meta name=\"twitter:card\" content=\"summary_large_image\" \/>\n<meta name=\"twitter:title\" content=\"Innovation | B.ACIS Center for Health Innovation - Braga\" \/>\n<meta name=\"twitter:description\" content=\"We offer innovation and entrepreneurship programs where we support startup creation and the whole community to exploit Intellectual Property.\" \/>\n<meta name=\"twitter:image\" content=\"https:\/\/b-acis.pt\/wp-content\/uploads\/2020\/12\/Research.png\" \/>\n<meta name=\"twitter:label1\" content=\"Tempo estimado de leitura\" \/>\n\t<meta name=\"twitter:data1\" content=\"1 minuto\" \/>\n<script type=\"application\/ld+json\" class=\"yoast-schema-graph\">{\"@context\":\"https:\/\/schema.org\",\"@graph\":[{\"@type\":\"WebPage\",\"@id\":\"https:\/\/b-acis.pt\/pt-pt\/projetos\/\",\"url\":\"https:\/\/b-acis.pt\/pt-pt\/projetos\/\",\"name\":\"Projetos | B.ACIS Center for Health Innovation - Braga\",\"isPartOf\":{\"@id\":\"https:\/\/b-acis.pt\/pt-pt\/#website\"},\"datePublished\":\"2023-09-28T11:20:41+00:00\",\"dateModified\":\"2023-10-31T12:44:28+00:00\",\"description\":\"Iniciativas e colabora\u00e7\u00f5es.\",\"breadcrumb\":{\"@id\":\"https:\/\/b-acis.pt\/pt-pt\/projetos\/#breadcrumb\"},\"inLanguage\":\"pt-PT\",\"potentialAction\":[{\"@type\":\"ReadAction\",\"target\":[\"https:\/\/b-acis.pt\/pt-pt\/projetos\/\"]}]},{\"@type\":\"BreadcrumbList\",\"@id\":\"https:\/\/b-acis.pt\/pt-pt\/projetos\/#breadcrumb\",\"itemListElement\":[{\"@type\":\"ListItem\",\"position\":1,\"name\":\"Home\",\"item\":\"https:\/\/b-acis.pt\/pt-pt\/\"},{\"@type\":\"ListItem\",\"position\":2,\"name\":\"Projetos\"}]},{\"@type\":\"WebSite\",\"@id\":\"https:\/\/b-acis.pt\/pt-pt\/#website\",\"url\":\"https:\/\/b-acis.pt\/pt-pt\/\",\"name\":\"B.ACIS \u2013 Center for Health Innovation\",\"description\":\"A B\u2019ACIS \u2013 Associa\u00e7\u00e3o Ci\u00eancia, Inova\u00e7\u00e3o e Sa\u00fade \u2013 Braga \u00e9 uma associa\u00e7\u00e3o de direito privado, sem fins lucrativos, constitu\u00edda em dezembro de 2018, que resulta de uma parceria entre a Universidade do Minho (UMinho), atrav\u00e9s da Escola de Medicina (EM) e do seu Instituto de Investiga\u00e7\u00e3o em Ci\u00eancias da Vida e Sa\u00fade (ICVS), e a Alumni Medicina \u2013 N\u00facleo de Antigos Estudantes de Medicina da Universidade do Minho, a qual tem por objetivo o incremento do conhecimento cient\u00edfico e a promo\u00e7\u00e3o da inova\u00e7\u00e3o atrav\u00e9s do fomento de atividades cient\u00edficotecnol\u00f3gicas no \u00e2mbito das Ci\u00eancias da Vida e Sa\u00fade.\",\"publisher\":{\"@id\":\"https:\/\/b-acis.pt\/pt-pt\/#organization\"},\"potentialAction\":[{\"@type\":\"SearchAction\",\"target\":{\"@type\":\"EntryPoint\",\"urlTemplate\":\"https:\/\/b-acis.pt\/pt-pt\/?s={search_term_string}\"},\"query-input\":{\"@type\":\"PropertyValueSpecification\",\"valueRequired\":true,\"valueName\":\"search_term_string\"}}],\"inLanguage\":\"pt-PT\"},{\"@type\":\"Organization\",\"@id\":\"https:\/\/b-acis.pt\/pt-pt\/#organization\",\"name\":\"B\u2019ACIS \u2013 Associa\u00e7\u00e3o Ci\u00eancia, Inova\u00e7\u00e3o e Sa\u00fade\",\"url\":\"https:\/\/b-acis.pt\/pt-pt\/\",\"logo\":{\"@type\":\"ImageObject\",\"inLanguage\":\"pt-PT\",\"@id\":\"https:\/\/b-acis.pt\/pt-pt\/#\/schema\/logo\/image\/\",\"url\":\"https:\/\/b-acis.pt\/wp-content\/uploads\/2021\/02\/logo_purple.svg\",\"contentUrl\":\"https:\/\/b-acis.pt\/wp-content\/uploads\/2021\/02\/logo_purple.svg\",\"width\":1,\"height\":1,\"caption\":\"B\u2019ACIS \u2013 Associa\u00e7\u00e3o Ci\u00eancia, Inova\u00e7\u00e3o e Sa\u00fade\"},\"image\":{\"@id\":\"https:\/\/b-acis.pt\/pt-pt\/#\/schema\/logo\/image\/\"},\"sameAs\":[\"https:\/\/www.linkedin.com\/company\/bacis-center-for-health-innovation\"]}]}<\/script>\n<!-- \/ Yoast SEO plugin. -->","yoast_head_json":{"title":"Projetos | B.ACIS Center for Health Innovation - Braga","description":"Iniciativas e colabora\u00e7\u00f5es.","robots":{"index":"index","follow":"follow","max-snippet":"max-snippet:-1","max-image-preview":"max-image-preview:large","max-video-preview":"max-video-preview:-1"},"canonical":"https:\/\/b-acis.pt\/pt-pt\/projetos\/","og_locale":"pt_PT","og_type":"article","og_title":"Innovation | B.ACIS Center for Health Innovation - Braga","og_description":"We offer innovation and entrepreneurship programs where we support startup creation and the whole community to exploit Intellectual Property.","og_url":"https:\/\/b-acis.pt\/pt-pt\/projetos\/","og_site_name":"B.ACIS \u2013 Center for Health Innovation","article_modified_time":"2023-10-31T12:44:28+00:00","og_image":[{"width":557,"height":536,"url":"https:\/\/b-acis.pt\/wp-content\/uploads\/2020\/12\/Research.png","type":"image\/png"}],"twitter_card":"summary_large_image","twitter_title":"Innovation | B.ACIS Center for Health Innovation - Braga","twitter_description":"We offer innovation and entrepreneurship programs where we support startup creation and the whole community to exploit Intellectual Property.","twitter_image":"https:\/\/b-acis.pt\/wp-content\/uploads\/2020\/12\/Research.png","twitter_misc":{"Tempo estimado de leitura":"1 minuto"},"schema":{"@context":"https:\/\/schema.org","@graph":[{"@type":"WebPage","@id":"https:\/\/b-acis.pt\/pt-pt\/projetos\/","url":"https:\/\/b-acis.pt\/pt-pt\/projetos\/","name":"Projetos | B.ACIS Center for Health Innovation - Braga","isPartOf":{"@id":"https:\/\/b-acis.pt\/pt-pt\/#website"},"datePublished":"2023-09-28T11:20:41+00:00","dateModified":"2023-10-31T12:44:28+00:00","description":"Iniciativas e colabora\u00e7\u00f5es.","breadcrumb":{"@id":"https:\/\/b-acis.pt\/pt-pt\/projetos\/#breadcrumb"},"inLanguage":"pt-PT","potentialAction":[{"@type":"ReadAction","target":["https:\/\/b-acis.pt\/pt-pt\/projetos\/"]}]},{"@type":"BreadcrumbList","@id":"https:\/\/b-acis.pt\/pt-pt\/projetos\/#breadcrumb","itemListElement":[{"@type":"ListItem","position":1,"name":"Home","item":"https:\/\/b-acis.pt\/pt-pt\/"},{"@type":"ListItem","position":2,"name":"Projetos"}]},{"@type":"WebSite","@id":"https:\/\/b-acis.pt\/pt-pt\/#website","url":"https:\/\/b-acis.pt\/pt-pt\/","name":"B.ACIS \u2013 Center for Health Innovation","description":"A B\u2019ACIS \u2013 Associa\u00e7\u00e3o Ci\u00eancia, Inova\u00e7\u00e3o e Sa\u00fade \u2013 Braga \u00e9 uma associa\u00e7\u00e3o de direito privado, sem fins lucrativos, constitu\u00edda em dezembro de 2018, que resulta de uma parceria entre a Universidade do Minho (UMinho), atrav\u00e9s da Escola de Medicina (EM) e do seu Instituto de Investiga\u00e7\u00e3o em Ci\u00eancias da Vida e Sa\u00fade (ICVS), e a Alumni Medicina \u2013 N\u00facleo de Antigos Estudantes de Medicina da Universidade do Minho, a qual tem por objetivo o incremento do conhecimento cient\u00edfico e a promo\u00e7\u00e3o da inova\u00e7\u00e3o atrav\u00e9s do fomento de atividades cient\u00edficotecnol\u00f3gicas no \u00e2mbito das Ci\u00eancias da Vida e Sa\u00fade.","publisher":{"@id":"https:\/\/b-acis.pt\/pt-pt\/#organization"},"potentialAction":[{"@type":"SearchAction","target":{"@type":"EntryPoint","urlTemplate":"https:\/\/b-acis.pt\/pt-pt\/?s={search_term_string}"},"query-input":{"@type":"PropertyValueSpecification","valueRequired":true,"valueName":"search_term_string"}}],"inLanguage":"pt-PT"},{"@type":"Organization","@id":"https:\/\/b-acis.pt\/pt-pt\/#organization","name":"B\u2019ACIS \u2013 Associa\u00e7\u00e3o Ci\u00eancia, Inova\u00e7\u00e3o e Sa\u00fade","url":"https:\/\/b-acis.pt\/pt-pt\/","logo":{"@type":"ImageObject","inLanguage":"pt-PT","@id":"https:\/\/b-acis.pt\/pt-pt\/#\/schema\/logo\/image\/","url":"https:\/\/b-acis.pt\/wp-content\/uploads\/2021\/02\/logo_purple.svg","contentUrl":"https:\/\/b-acis.pt\/wp-content\/uploads\/2021\/02\/logo_purple.svg","width":1,"height":1,"caption":"B\u2019ACIS \u2013 Associa\u00e7\u00e3o Ci\u00eancia, Inova\u00e7\u00e3o e Sa\u00fade"},"image":{"@id":"https:\/\/b-acis.pt\/pt-pt\/#\/schema\/logo\/image\/"},"sameAs":["https:\/\/www.linkedin.com\/company\/bacis-center-for-health-innovation"]}]}},"_links":{"self":[{"href":"https:\/\/b-acis.pt\/pt-pt\/wp-json\/wp\/v2\/pages\/3687","targetHints":{"allow":["GET"]}}],"collection":[{"href":"https:\/\/b-acis.pt\/pt-pt\/wp-json\/wp\/v2\/pages"}],"about":[{"href":"https:\/\/b-acis.pt\/pt-pt\/wp-json\/wp\/v2\/types\/page"}],"author":[{"embeddable":true,"href":"https:\/\/b-acis.pt\/pt-pt\/wp-json\/wp\/v2\/users\/3"}],"replies":[{"embeddable":true,"href":"https:\/\/b-acis.pt\/pt-pt\/wp-json\/wp\/v2\/comments?post=3687"}],"version-history":[{"count":6,"href":"https:\/\/b-acis.pt\/pt-pt\/wp-json\/wp\/v2\/pages\/3687\/revisions"}],"predecessor-version":[{"id":4805,"href":"https:\/\/b-acis.pt\/pt-pt\/wp-json\/wp\/v2\/pages\/3687\/revisions\/4805"}],"wp:attachment":[{"href":"https:\/\/b-acis.pt\/pt-pt\/wp-json\/wp\/v2\/media?parent=3687"}],"curies":[{"name":"wp","href":"https:\/\/api.w.org\/{rel}","templated":true}]}}