{"id":3703,"date":"2023-09-28T12:39:10","date_gmt":"2023-09-28T11:39:10","guid":{"rendered":"https:\/\/b-acis.pt\/?page_id=3703"},"modified":"2023-10-31T11:39:47","modified_gmt":"2023-10-31T11:39:47","slug":"ficha-tecnica-acceleramed","status":"publish","type":"page","link":"https:\/\/b-acis.pt\/pt-pt\/ficha-tecnica-acceleramed\/","title":{"rendered":"Ficha T\u00e9cnica Acceleramed"},"content":{"rendered":"<p>[vc_row row_height_percent=&#8221;0&#8243; override_padding=&#8221;yes&#8221; h_padding=&#8221;1&#8243; top_padding=&#8221;1&#8243; bottom_padding=&#8221;1&#8243; shift_y=&#8221;0&#8243; z_index=&#8221;0&#8243;][vc_column width=&#8221;1\/12&#8243;][\/vc_column][vc_column width=&#8221;10\/12&#8243;][vc_single_image media=&#8221;3693&#8243; media_h_align=&#8221;text-center&#8221;][\/vc_single_image][vc_custom_heading heading_semantic=&#8221;h3&#8243; text_size=&#8221;h3&#8243;]Ficha T\u00e9cnica[\/vc_custom_heading][vc_empty_space empty_h=&#8221;1&#8243;][vc_column_text]<strong>N.\u00ba Projeto:<\/strong>\u00a0181316<\/p>\n<p>&nbsp;<\/p>\n<p><strong>Nome: Acceleramed<\/strong>\u00a0\u2013 Acelerador de Transfer\u00eancia de Tecnologia e Resultados de I&amp;D na \u00e1rea M\u00e9dica<\/p>\n<p>&nbsp;<\/p>\n<p><strong>Sistema de Incentivos:<\/strong>\u00a0Sistema de Apoio a A\u00e7\u00f5es Coletivas \u2013 Transfer\u00eancia do Conhecimento Cient\u00edfico e Tecnol\u00f3gico<\/p>\n<p>&nbsp;<\/p>\n<p><strong>Entidades Promotora:\u00a0<\/strong>B.ACIS, CENTRO DE COMPUTA\u00c7\u00c3O GR\u00c1FICA<\/p>\n<p>&nbsp;<\/p>\n<p><strong>Data de in\u00edcio:\u00a0<\/strong>01\/01\/2022<\/p>\n<p>&nbsp;<\/p>\n<p><strong>Data de conclus\u00e3o<\/strong>: 30\/06\/2023<\/p>\n<p>&nbsp;<\/p>\n<p><strong>Apoio financeiro da Uni\u00e3o Europeia:<\/strong>\u00a0FEDER \u2013 177,878.97\u20ac[\/vc_column_text][vc_empty_space empty_h=&#8221;2&#8243;][\/vc_column][vc_column width=&#8221;1\/12&#8243;][\/vc_column][\/vc_row][vc_row][vc_column width=&#8221;1\/12&#8243;][\/vc_column][vc_column width=&#8221;4\/12&#8243;][vc_single_image media=&#8221;3709&#8243; media_width_pixel=&#8221;300&#8243;][\/vc_single_image][\/vc_column][vc_column width=&#8221;6\/12&#8243;][\/vc_column][vc_column width=&#8221;1\/12&#8243;][\/vc_column][\/vc_row][vc_row][vc_column width=&#8221;1\/1&#8243;][vc_empty_space empty_h=&#8221;2&#8243;][\/vc_column][\/vc_row]<\/p>\n","protected":false},"excerpt":{"rendered":"<p>[vc_row row_height_percent=&#8221;0&#8243; override_padding=&#8221;yes&#8221; h_padding=&#8221;1&#8243; top_padding=&#8221;1&#8243; bottom_padding=&#8221;1&#8243; shift_y=&#8221;0&#8243; z_index=&#8221;0&#8243;][vc_column width=&#8221;1\/12&#8243;][\/vc_column][vc_column width=&#8221;10\/12&#8243;][vc_single_image media=&#8221;3693&#8243; media_h_align=&#8221;text-center&#8221;][\/vc_single_image][vc_custom_heading heading_semantic=&#8221;h3&#8243; text_size=&#8221;h3&#8243;]Ficha T\u00e9cnica[\/vc_custom_heading][vc_empty_space empty_h=&#8221;1&#8243;][vc_column_text]N.\u00ba Projeto:\u00a0181316 &nbsp; Nome: Acceleramed\u00a0\u2013 Acelerador de Transfer\u00eancia de Tecnologia e Resultados de I&amp;D na \u00e1rea M\u00e9dica &nbsp; Sistema de Incentivos:\u00a0Sistema de Apoio a A\u00e7\u00f5es Coletivas \u2013 Transfer\u00eancia do Conhecimento Cient\u00edfico e Tecnol\u00f3gico &nbsp; Entidades Promotora:\u00a0B.ACIS, CENTRO DE COMPUTA\u00c7\u00c3O GR\u00c1FICA [&hellip;]<\/p>\n","protected":false},"author":3,"featured_media":0,"parent":0,"menu_order":0,"comment_status":"closed","ping_status":"closed","template":"","meta":{"footnotes":""},"class_list":["post-3703","page","type-page","status-publish","hentry"],"yoast_head":"<!-- This site is optimized with the Yoast SEO plugin v27.0 - https:\/\/yoast.com\/product\/yoast-seo-wordpress\/ -->\n<title>Ficha T\u00e9cnica Acceleramed - B.ACIS \u2013 Center for Health Innovation<\/title>\n<meta name=\"robots\" content=\"index, follow, max-snippet:-1, max-image-preview:large, max-video-preview:-1\" \/>\n<link rel=\"canonical\" href=\"https:\/\/b-acis.pt\/pt-pt\/ficha-tecnica-acceleramed\/\" \/>\n<meta property=\"og:locale\" content=\"pt_PT\" \/>\n<meta property=\"og:type\" content=\"article\" \/>\n<meta property=\"og:title\" content=\"Ficha T\u00e9cnica Acceleramed - B.ACIS \u2013 Center for Health Innovation\" \/>\n<meta property=\"og:description\" content=\"[vc_row row_height_percent=&#8221;0&#8243; override_padding=&#8221;yes&#8221; h_padding=&#8221;1&#8243; top_padding=&#8221;1&#8243; bottom_padding=&#8221;1&#8243; shift_y=&#8221;0&#8243; z_index=&#8221;0&#8243;][vc_column width=&#8221;1\/12&#8243;][\/vc_column][vc_column width=&#8221;10\/12&#8243;][vc_single_image media=&#8221;3693&#8243; media_h_align=&#8221;text-center&#8221;][\/vc_single_image][vc_custom_heading heading_semantic=&#8221;h3&#8243; text_size=&#8221;h3&#8243;]Ficha T\u00e9cnica[\/vc_custom_heading][vc_empty_space empty_h=&#8221;1&#8243;][vc_column_text]N.\u00ba Projeto:\u00a0181316 &nbsp; Nome: Acceleramed\u00a0\u2013 Acelerador de Transfer\u00eancia de Tecnologia e Resultados de I&amp;D na \u00e1rea M\u00e9dica &nbsp; Sistema de Incentivos:\u00a0Sistema de Apoio a A\u00e7\u00f5es Coletivas \u2013 Transfer\u00eancia do Conhecimento Cient\u00edfico e Tecnol\u00f3gico &nbsp; Entidades Promotora:\u00a0B.ACIS, CENTRO DE COMPUTA\u00c7\u00c3O GR\u00c1FICA [&hellip;]\" \/>\n<meta property=\"og:url\" content=\"https:\/\/b-acis.pt\/pt-pt\/ficha-tecnica-acceleramed\/\" \/>\n<meta property=\"og:site_name\" content=\"B.ACIS \u2013 Center for Health Innovation\" \/>\n<meta property=\"article:modified_time\" content=\"2023-10-31T11:39:47+00:00\" \/>\n<meta name=\"twitter:card\" content=\"summary_large_image\" \/>\n<meta name=\"twitter:label1\" content=\"Tempo estimado de leitura\" \/>\n\t<meta name=\"twitter:data1\" content=\"1 minuto\" \/>\n<script type=\"application\/ld+json\" class=\"yoast-schema-graph\">{\"@context\":\"https:\/\/schema.org\",\"@graph\":[{\"@type\":\"WebPage\",\"@id\":\"https:\/\/b-acis.pt\/pt-pt\/ficha-tecnica-acceleramed\/\",\"url\":\"https:\/\/b-acis.pt\/pt-pt\/ficha-tecnica-acceleramed\/\",\"name\":\"Ficha T\u00e9cnica Acceleramed - B.ACIS \u2013 Center for Health Innovation\",\"isPartOf\":{\"@id\":\"https:\/\/b-acis.pt\/pt-pt\/#website\"},\"datePublished\":\"2023-09-28T11:39:10+00:00\",\"dateModified\":\"2023-10-31T11:39:47+00:00\",\"breadcrumb\":{\"@id\":\"https:\/\/b-acis.pt\/pt-pt\/ficha-tecnica-acceleramed\/#breadcrumb\"},\"inLanguage\":\"pt-PT\",\"potentialAction\":[{\"@type\":\"ReadAction\",\"target\":[\"https:\/\/b-acis.pt\/pt-pt\/ficha-tecnica-acceleramed\/\"]}]},{\"@type\":\"BreadcrumbList\",\"@id\":\"https:\/\/b-acis.pt\/pt-pt\/ficha-tecnica-acceleramed\/#breadcrumb\",\"itemListElement\":[{\"@type\":\"ListItem\",\"position\":1,\"name\":\"Home\",\"item\":\"https:\/\/b-acis.pt\/pt-pt\/\"},{\"@type\":\"ListItem\",\"position\":2,\"name\":\"Ficha T\u00e9cnica Acceleramed\"}]},{\"@type\":\"WebSite\",\"@id\":\"https:\/\/b-acis.pt\/pt-pt\/#website\",\"url\":\"https:\/\/b-acis.pt\/pt-pt\/\",\"name\":\"B.ACIS \u2013 Center for Health Innovation\",\"description\":\"A B\u2019ACIS \u2013 Associa\u00e7\u00e3o Ci\u00eancia, Inova\u00e7\u00e3o e Sa\u00fade \u2013 Braga \u00e9 uma associa\u00e7\u00e3o de direito privado, sem fins lucrativos, constitu\u00edda em dezembro de 2018, que resulta de uma parceria entre a Universidade do Minho (UMinho), atrav\u00e9s da Escola de Medicina (EM) e do seu Instituto de Investiga\u00e7\u00e3o em Ci\u00eancias da Vida e Sa\u00fade (ICVS), e a Alumni Medicina \u2013 N\u00facleo de Antigos Estudantes de Medicina da Universidade do Minho, a qual tem por objetivo o incremento do conhecimento cient\u00edfico e a promo\u00e7\u00e3o da inova\u00e7\u00e3o atrav\u00e9s do fomento de atividades cient\u00edficotecnol\u00f3gicas no \u00e2mbito das Ci\u00eancias da Vida e Sa\u00fade.\",\"publisher\":{\"@id\":\"https:\/\/b-acis.pt\/pt-pt\/#organization\"},\"potentialAction\":[{\"@type\":\"SearchAction\",\"target\":{\"@type\":\"EntryPoint\",\"urlTemplate\":\"https:\/\/b-acis.pt\/pt-pt\/?s={search_term_string}\"},\"query-input\":{\"@type\":\"PropertyValueSpecification\",\"valueRequired\":true,\"valueName\":\"search_term_string\"}}],\"inLanguage\":\"pt-PT\"},{\"@type\":\"Organization\",\"@id\":\"https:\/\/b-acis.pt\/pt-pt\/#organization\",\"name\":\"B\u2019ACIS \u2013 Associa\u00e7\u00e3o Ci\u00eancia, Inova\u00e7\u00e3o e Sa\u00fade\",\"url\":\"https:\/\/b-acis.pt\/pt-pt\/\",\"logo\":{\"@type\":\"ImageObject\",\"inLanguage\":\"pt-PT\",\"@id\":\"https:\/\/b-acis.pt\/pt-pt\/#\/schema\/logo\/image\/\",\"url\":\"https:\/\/b-acis.pt\/wp-content\/uploads\/2021\/02\/logo_purple.svg\",\"contentUrl\":\"https:\/\/b-acis.pt\/wp-content\/uploads\/2021\/02\/logo_purple.svg\",\"width\":1,\"height\":1,\"caption\":\"B\u2019ACIS \u2013 Associa\u00e7\u00e3o Ci\u00eancia, Inova\u00e7\u00e3o e Sa\u00fade\"},\"image\":{\"@id\":\"https:\/\/b-acis.pt\/pt-pt\/#\/schema\/logo\/image\/\"},\"sameAs\":[\"https:\/\/www.linkedin.com\/company\/bacis-center-for-health-innovation\"]}]}<\/script>\n<!-- \/ Yoast SEO plugin. -->","yoast_head_json":{"title":"Ficha T\u00e9cnica Acceleramed - B.ACIS \u2013 Center for Health Innovation","robots":{"index":"index","follow":"follow","max-snippet":"max-snippet:-1","max-image-preview":"max-image-preview:large","max-video-preview":"max-video-preview:-1"},"canonical":"https:\/\/b-acis.pt\/pt-pt\/ficha-tecnica-acceleramed\/","og_locale":"pt_PT","og_type":"article","og_title":"Ficha T\u00e9cnica Acceleramed - B.ACIS \u2013 Center for Health Innovation","og_description":"[vc_row row_height_percent=&#8221;0&#8243; override_padding=&#8221;yes&#8221; h_padding=&#8221;1&#8243; top_padding=&#8221;1&#8243; bottom_padding=&#8221;1&#8243; shift_y=&#8221;0&#8243; z_index=&#8221;0&#8243;][vc_column width=&#8221;1\/12&#8243;][\/vc_column][vc_column width=&#8221;10\/12&#8243;][vc_single_image media=&#8221;3693&#8243; media_h_align=&#8221;text-center&#8221;][\/vc_single_image][vc_custom_heading heading_semantic=&#8221;h3&#8243; text_size=&#8221;h3&#8243;]Ficha T\u00e9cnica[\/vc_custom_heading][vc_empty_space empty_h=&#8221;1&#8243;][vc_column_text]N.\u00ba Projeto:\u00a0181316 &nbsp; Nome: Acceleramed\u00a0\u2013 Acelerador de Transfer\u00eancia de Tecnologia e Resultados de I&amp;D na \u00e1rea M\u00e9dica &nbsp; Sistema de Incentivos:\u00a0Sistema de Apoio a A\u00e7\u00f5es Coletivas \u2013 Transfer\u00eancia do Conhecimento Cient\u00edfico e Tecnol\u00f3gico &nbsp; Entidades Promotora:\u00a0B.ACIS, CENTRO DE COMPUTA\u00c7\u00c3O GR\u00c1FICA [&hellip;]","og_url":"https:\/\/b-acis.pt\/pt-pt\/ficha-tecnica-acceleramed\/","og_site_name":"B.ACIS \u2013 Center for Health Innovation","article_modified_time":"2023-10-31T11:39:47+00:00","twitter_card":"summary_large_image","twitter_misc":{"Tempo estimado de leitura":"1 minuto"},"schema":{"@context":"https:\/\/schema.org","@graph":[{"@type":"WebPage","@id":"https:\/\/b-acis.pt\/pt-pt\/ficha-tecnica-acceleramed\/","url":"https:\/\/b-acis.pt\/pt-pt\/ficha-tecnica-acceleramed\/","name":"Ficha T\u00e9cnica Acceleramed - B.ACIS \u2013 Center for Health Innovation","isPartOf":{"@id":"https:\/\/b-acis.pt\/pt-pt\/#website"},"datePublished":"2023-09-28T11:39:10+00:00","dateModified":"2023-10-31T11:39:47+00:00","breadcrumb":{"@id":"https:\/\/b-acis.pt\/pt-pt\/ficha-tecnica-acceleramed\/#breadcrumb"},"inLanguage":"pt-PT","potentialAction":[{"@type":"ReadAction","target":["https:\/\/b-acis.pt\/pt-pt\/ficha-tecnica-acceleramed\/"]}]},{"@type":"BreadcrumbList","@id":"https:\/\/b-acis.pt\/pt-pt\/ficha-tecnica-acceleramed\/#breadcrumb","itemListElement":[{"@type":"ListItem","position":1,"name":"Home","item":"https:\/\/b-acis.pt\/pt-pt\/"},{"@type":"ListItem","position":2,"name":"Ficha T\u00e9cnica Acceleramed"}]},{"@type":"WebSite","@id":"https:\/\/b-acis.pt\/pt-pt\/#website","url":"https:\/\/b-acis.pt\/pt-pt\/","name":"B.ACIS \u2013 Center for Health Innovation","description":"A B\u2019ACIS \u2013 Associa\u00e7\u00e3o Ci\u00eancia, Inova\u00e7\u00e3o e Sa\u00fade \u2013 Braga \u00e9 uma associa\u00e7\u00e3o de direito privado, sem fins lucrativos, constitu\u00edda em dezembro de 2018, que resulta de uma parceria entre a Universidade do Minho (UMinho), atrav\u00e9s da Escola de Medicina (EM) e do seu Instituto de Investiga\u00e7\u00e3o em Ci\u00eancias da Vida e Sa\u00fade (ICVS), e a Alumni Medicina \u2013 N\u00facleo de Antigos Estudantes de Medicina da Universidade do Minho, a qual tem por objetivo o incremento do conhecimento cient\u00edfico e a promo\u00e7\u00e3o da inova\u00e7\u00e3o atrav\u00e9s do fomento de atividades cient\u00edficotecnol\u00f3gicas no \u00e2mbito das Ci\u00eancias da Vida e Sa\u00fade.","publisher":{"@id":"https:\/\/b-acis.pt\/pt-pt\/#organization"},"potentialAction":[{"@type":"SearchAction","target":{"@type":"EntryPoint","urlTemplate":"https:\/\/b-acis.pt\/pt-pt\/?s={search_term_string}"},"query-input":{"@type":"PropertyValueSpecification","valueRequired":true,"valueName":"search_term_string"}}],"inLanguage":"pt-PT"},{"@type":"Organization","@id":"https:\/\/b-acis.pt\/pt-pt\/#organization","name":"B\u2019ACIS \u2013 Associa\u00e7\u00e3o Ci\u00eancia, Inova\u00e7\u00e3o e Sa\u00fade","url":"https:\/\/b-acis.pt\/pt-pt\/","logo":{"@type":"ImageObject","inLanguage":"pt-PT","@id":"https:\/\/b-acis.pt\/pt-pt\/#\/schema\/logo\/image\/","url":"https:\/\/b-acis.pt\/wp-content\/uploads\/2021\/02\/logo_purple.svg","contentUrl":"https:\/\/b-acis.pt\/wp-content\/uploads\/2021\/02\/logo_purple.svg","width":1,"height":1,"caption":"B\u2019ACIS \u2013 Associa\u00e7\u00e3o Ci\u00eancia, Inova\u00e7\u00e3o e Sa\u00fade"},"image":{"@id":"https:\/\/b-acis.pt\/pt-pt\/#\/schema\/logo\/image\/"},"sameAs":["https:\/\/www.linkedin.com\/company\/bacis-center-for-health-innovation"]}]}},"_links":{"self":[{"href":"https:\/\/b-acis.pt\/pt-pt\/wp-json\/wp\/v2\/pages\/3703","targetHints":{"allow":["GET"]}}],"collection":[{"href":"https:\/\/b-acis.pt\/pt-pt\/wp-json\/wp\/v2\/pages"}],"about":[{"href":"https:\/\/b-acis.pt\/pt-pt\/wp-json\/wp\/v2\/types\/page"}],"author":[{"embeddable":true,"href":"https:\/\/b-acis.pt\/pt-pt\/wp-json\/wp\/v2\/users\/3"}],"replies":[{"embeddable":true,"href":"https:\/\/b-acis.pt\/pt-pt\/wp-json\/wp\/v2\/comments?post=3703"}],"version-history":[{"count":5,"href":"https:\/\/b-acis.pt\/pt-pt\/wp-json\/wp\/v2\/pages\/3703\/revisions"}],"predecessor-version":[{"id":3713,"href":"https:\/\/b-acis.pt\/pt-pt\/wp-json\/wp\/v2\/pages\/3703\/revisions\/3713"}],"wp:attachment":[{"href":"https:\/\/b-acis.pt\/pt-pt\/wp-json\/wp\/v2\/media?parent=3703"}],"curies":[{"name":"wp","href":"https:\/\/api.w.org\/{rel}","templated":true}]}}